{"id":576,"date":"2018-11-22T14:27:13","date_gmt":"2018-11-22T14:27:13","guid":{"rendered":"http:\/\/medique.webique-themes.com\/?page_id=576"},"modified":"2023-05-30T16:18:56","modified_gmt":"2023-05-30T16:18:56","slug":"our-services","status":"publish","type":"page","link":"https:\/\/www.swiss-altermed.ch\/fr\/our-services\/","title":{"rendered":"Nos services"},"content":{"rendered":"<div class=\"webique_vc_row_wrap webique_general_colors\"><div data-vc-full-width=\"true\" data-vc-full-width-init=\"false\" class=\"vc_row wpb_row vc_row-fluid vc_custom_1594027702718 vc_row-o-content-middle vc_row-flex\"><div class=\"wpb_column vc_column_container vc_col-sm-2\/5\"><div class=\"vc_column-inner\"><div class=\"wpb_wrapper\"><h2 style=\"font-size: 48px;line-height: 60px;text-align: left\" class=\"vc_custom_heading vc_custom_1603718197965\" >SAM Comprehensive Health &amp; Wellness Approach.<\/h2><h3 style=\"font-size: 21px;line-height: 32px;text-align: left;font-family:Scope One;font-weight:400;font-style:normal\" class=\"vc_custom_heading vc_custom_1592838781299\" >Une d\u00e9marche de sant\u00e9 int\u00e9grative et individualis\u00e9e<\/h3><div class=\"vc_btn3-container vc_btn3-inline\" ><a class=\"webique_vc_btn webique_default_btn webique_default_btn_webique_shortcode_5f071510de11d3_66013354\" href=\"https:\/\/www.swiss-altermed.ch\/fr\/team\/\" title=\"L&#039;\u00e9quipe\"><span class=\"webique_vc_btn_text\">Voir L'\u00e9quipe<\/span><\/a><\/div><\/div><\/div><\/div><div class=\"wpb_column vc_column_container vc_col-sm-6 vc_col-sm-offset-1\"><div class=\"vc_column-inner\"><div class=\"wpb_wrapper\">\n\t<div  class=\"wpb_single_image wpb_content_element vc_align_left\">\n\t\t\n\t\t<figure class=\"wpb_wrapper vc_figure\">\n\t\t\t<div class=\"vc_single_image-wrapper vc_box_shadow_3d  vc_box_border_grey\"><img class=\"vc_single_image-img\" src=\"https:\/\/www.swiss-altermed.ch\/wp-content\/uploads\/2020\/07\/ABOUT-SERVICES-2-scaled-570x500.jpg\" width=\"570\" height=\"500\" alt=\"services\" title=\"services\" \/><\/div>\n\t\t<\/figure>\n\t<\/div>\n<\/div><\/div><\/div><\/div><\/div><div class=\"vc_row-full-width vc_clearfix\"><\/div><div class=\"webique_vc_row_wrap webique_general_colors\"><div class=\"vc_row wpb_row vc_row-fluid vc_custom_1547137977939\"><div class=\"wpb_column vc_column_container vc_col-sm-8 vc_col-sm-offset-2\"><div class=\"vc_column-inner\"><div class=\"wpb_wrapper\"><h2 style=\"font-size: 42px;line-height: 52px;text-align: center\" class=\"vc_custom_heading\" >Nos Services<\/h2><div  class=\"vc_wp_custommenu wpb_content_element\"><div class=\"widget widget_nav_menu\"><div class=\"menu-services-container\"><ul id=\"menu-services\" class=\"menu\"><li id=\"menu-item-7707\" class=\"menu-item menu-item-type-custom menu-item-object-custom menu-item-7707 webique_standard_menu\"><a href=\"https:\/\/mailchi.mp\/38270696197d\/whiskidsgreece\"><span class=\"webique_nav_title_wrap\"><span class=\"webique_nav_title\">Whiskids Greece<\/span><\/span><\/a><\/li>\n<li id=\"menu-item-7705\" class=\"menu-item menu-item-type-post_type menu-item-object-page menu-item-7705 webique_standard_menu\"><a href=\"https:\/\/www.swiss-altermed.ch\/fr\/whiskids-iran\/\"><span class=\"webique_nav_title_wrap\"><span class=\"webique_nav_title\">Whiskids Iran<\/span><\/span><\/a><\/li>\n<li id=\"menu-item-7706\" class=\"menu-item menu-item-type-post_type menu-item-object-page menu-item-7706 webique_standard_menu\"><a href=\"https:\/\/www.swiss-altermed.ch\/fr\/whis-switzerland\/\"><span class=\"webique_nav_title_wrap\"><span class=\"webique_nav_title\">Whiskids Switzerland<\/span><\/span><\/a><\/li>\n<li id=\"menu-item-7708\" class=\"menu-item menu-item-type-post_type menu-item-object-page menu-item-7708 webique_standard_menu\"><a href=\"https:\/\/www.swiss-altermed.ch\/fr\/educational-platform\/\"><span class=\"webique_nav_title_wrap\"><span class=\"webique_nav_title\">Plateforme \u00e9ducative<\/span><\/span><\/a><\/li>\n<li id=\"menu-item-7709\" class=\"menu-item menu-item-type-post_type menu-item-object-page menu-item-7709 webique_standard_menu\"><a href=\"https:\/\/www.swiss-altermed.ch\/fr\/ibh\/\"><span class=\"webique_nav_title_wrap\"><span class=\"webique_nav_title\">Inclusive Brain Health \u2013 IBH<\/span><\/span><\/a><\/li>\n<li id=\"menu-item-7710\" class=\"menu-item menu-item-type-post_type menu-item-object-page menu-item-7710 webique_standard_menu\"><a href=\"https:\/\/www.swiss-altermed.ch\/fr\/shima-sazegari\/\"><span class=\"webique_nav_title_wrap\"><span class=\"webique_nav_title\">Shima Sazegari<\/span><\/span><\/a><\/li>\n<\/ul><\/div><\/div><\/div><\/div><\/div><\/div><\/div><\/div><div class=\"webique_vc_row_wrap webique_general_colors\"><div class=\"vc_row wpb_row vc_row-fluid\"><div class=\"wpb_column vc_column_container vc_col-sm-12\"><div class=\"vc_column-inner\"><div class=\"wpb_wrapper\">\n\t<div class=\"wpb_text_column wpb_content_element  vc_custom_1591884443922\" >\n\t\t<div class=\"wpb_wrapper\">\n\t\t\t<p class=\"bodytext\"><strong>Une d\u00e9marche de sant\u00e9 int\u00e9grative et individualis\u00e9e<\/strong><\/p>\n<p class=\"bodytext\">Le concept de SAM Comprehensive Health &amp; Wellness est une approche holistique pour une sant\u00e9 durable et une vie meilleure. Nous croyons que pour restaurer la sant\u00e9 g\u00e9n\u00e9rale des personnes ; nous devons rechercher les synergies et alignement \u00e0 travers tous les traitements th\u00e9rapeutiques et de sant\u00e9. Notre d\u00e9marche vise \u00e0 mettre le patient au centre de notre attention et lui fournir des conseils et soins individualis\u00e9s et adapt\u00e9s. SAM Comprehensive Health &amp; Wellness Approach est un concept holistique de produits et services qui englobent les prestations suivantes :<\/p>\n\n\t\t<\/div>\n\t<\/div>\n\n\t<div  class=\"wpb_single_image wpb_content_element vc_align_center  vc_custom_1594888631130\">\n\t\t\n\t\t<figure class=\"wpb_wrapper vc_figure\">\n\t\t\t<div class=\"vc_single_image-wrapper   vc_box_border_grey\"><img width=\"830\" height=\"746\" src=\"https:\/\/www.swiss-altermed.ch\/wp-content\/uploads\/2020\/07\/schema_fr-1.png\" class=\"vc_single_image-img attachment-large\" alt=\"schema services\" decoding=\"async\" loading=\"lazy\" srcset=\"https:\/\/www.swiss-altermed.ch\/wp-content\/uploads\/2020\/07\/schema_fr-1.png 1000w, https:\/\/www.swiss-altermed.ch\/wp-content\/uploads\/2020\/07\/schema_fr-1-300x270.png 300w, https:\/\/www.swiss-altermed.ch\/wp-content\/uploads\/2020\/07\/schema_fr-1-768x690.png 768w\" sizes=\"(max-width: 830px) 100vw, 830px\" \/><\/div>\n\t\t<\/figure>\n\t<\/div>\n\n\t<div class=\"wpb_text_column wpb_content_element  vc_custom_1592839493874\" >\n\t\t<div class=\"wpb_wrapper\">\n\t\t\t<p class=\"bodytext\">Le concept de SAM Comprehensive Health &amp; Wellness est aussi une approche int\u00e9grative qui englobe toutes les institutions et professionnels de la sant\u00e9 tels que les pharmacies, h\u00f4pitaux, cliniques, laboratoires et centre d\u2019\u00e9ducation \u00e0 la sant\u00e9. Notre but est de proposer des solutions individualis\u00e9es et outils utilisant essentiellement les produits naturels qui incluent la phytoth\u00e9rapie, l\u2019hom\u00e9opathie, la m\u00e9dicine fonctionnelle et la nutrition ainsi que des techniques de soins naturels tels que l\u2019acupuncture, ost\u00e9opathie ; bio r\u00e9sonance, etc.<\/p>\n<p class=\"bodytext\">SAM vous aide \u00e0 cr\u00e9er ou transformer<\/p>\n\n\t\t<\/div>\n\t<\/div>\n<div class=\"vc_empty_space\"   style=\"height: 50px\"><span class=\"vc_empty_space_inner\"><\/span><\/div><\/div><\/div><\/div><\/div><\/div><div class=\"webique_vc_row_wrap webique_general_colors\"><div class=\"vc_row wpb_row vc_row-fluid\"><div class=\"wpb_column vc_column_container vc_col-sm-4\"><div class=\"vc_column-inner\"><div class=\"wpb_wrapper\">\n\t<div  class=\"wpb_single_image wpb_content_element vc_align_center\">\n\t\t\n\t\t<figure class=\"wpb_wrapper vc_figure\">\n\t\t\t<div class=\"vc_single_image-wrapper vc_box_shadow_3d  vc_box_border_grey\"><img width=\"201\" height=\"300\" src=\"https:\/\/www.swiss-altermed.ch\/wp-content\/uploads\/2019\/07\/3-201x300.jpg\" class=\"vc_single_image-img attachment-medium\" alt=\"door 3\" decoding=\"async\" loading=\"lazy\" srcset=\"https:\/\/www.swiss-altermed.ch\/wp-content\/uploads\/2019\/07\/3-201x300.jpg 201w, https:\/\/www.swiss-altermed.ch\/wp-content\/uploads\/2019\/07\/3.jpg 212w\" sizes=\"(max-width: 201px) 100vw, 201px\" \/><\/div>\n\t\t<\/figure>\n\t<\/div>\n\n\t<div class=\"wpb_text_column wpb_content_element\" >\n\t\t<div class=\"wpb_wrapper\">\n\t\t\t<div id=\"c2645\" class=\"col col-sm-4\">\n<div id=\"m1290\" class=\"module text\">\n<p class=\"bodytext\" style=\"text-align: center;\">Vos pharmacies \u00e0 un lieu reconnu pour vos conseils pointus en m\u00e9decine naturelle.<\/p>\n<\/div>\n<\/div>\n\n\t\t<\/div>\n\t<\/div>\n<\/div><\/div><\/div><div class=\"wpb_column vc_column_container vc_col-sm-4\"><div class=\"vc_column-inner\"><div class=\"wpb_wrapper\">\n\t<div  class=\"wpb_single_image wpb_content_element vc_align_center\">\n\t\t\n\t\t<figure class=\"wpb_wrapper vc_figure\">\n\t\t\t<div class=\"vc_single_image-wrapper vc_box_shadow_3d  vc_box_border_grey\"><img width=\"201\" height=\"300\" src=\"https:\/\/www.swiss-altermed.ch\/wp-content\/uploads\/2019\/07\/2-201x300.jpg\" class=\"vc_single_image-img attachment-medium\" alt=\"door 2\" decoding=\"async\" loading=\"lazy\" srcset=\"https:\/\/www.swiss-altermed.ch\/wp-content\/uploads\/2019\/07\/2-201x300.jpg 201w, https:\/\/www.swiss-altermed.ch\/wp-content\/uploads\/2019\/07\/2.jpg 212w\" sizes=\"(max-width: 201px) 100vw, 201px\" \/><\/div>\n\t\t<\/figure>\n\t<\/div>\n\n\t<div class=\"wpb_text_column wpb_content_element\" >\n\t\t<div class=\"wpb_wrapper\">\n\t\t\t<div id=\"c1783\" class=\"col col-sm-4\">\n<div id=\"m1527\" class=\"module text\">\n<div id=\"c3315\" class=\"col col-sm-4\">\n<div id=\"m2456\" class=\"module text\">\n<p class=\"bodytext\" style=\"text-align: center;\">Vos laboratoires \u00e0 une r\u00e9f\u00e9rence pour des produits innovants, performants et de qualit\u00e9.<\/p>\n<\/div>\n<\/div>\n<\/div>\n<\/div>\n\n\t\t<\/div>\n\t<\/div>\n<\/div><\/div><\/div><div class=\"wpb_column vc_column_container vc_col-sm-4\"><div class=\"vc_column-inner\"><div class=\"wpb_wrapper\">\n\t<div  class=\"wpb_single_image wpb_content_element vc_align_center\">\n\t\t\n\t\t<figure class=\"wpb_wrapper vc_figure\">\n\t\t\t<div class=\"vc_single_image-wrapper vc_box_shadow_3d  vc_box_border_grey\"><img width=\"201\" height=\"300\" src=\"https:\/\/www.swiss-altermed.ch\/wp-content\/uploads\/2019\/07\/1-201x300.jpg\" class=\"vc_single_image-img attachment-medium\" alt=\"door 3\" decoding=\"async\" loading=\"lazy\" srcset=\"https:\/\/www.swiss-altermed.ch\/wp-content\/uploads\/2019\/07\/1-201x300.jpg 201w, https:\/\/www.swiss-altermed.ch\/wp-content\/uploads\/2019\/07\/1.jpg 212w\" sizes=\"(max-width: 201px) 100vw, 201px\" \/><\/div>\n\t\t<\/figure>\n\t<\/div>\n\n\t<div class=\"wpb_text_column wpb_content_element\" >\n\t\t<div class=\"wpb_wrapper\">\n\t\t\t<div id=\"r1556\" class=\"row\">\n<div class=\"container container-fixed\">\n<div id=\"c3372\" class=\"col col-sm-4\">\n<div id=\"m3179\" class=\"module text\">\n<div id=\"r2923\" class=\"row\">\n<div class=\"container container-fixed\">\n<div id=\"c1213\" class=\"col col-sm-4\">\n<div id=\"m1480\" class=\"module text\">\n<p class=\"bodytext\" style=\"text-align: center;\">Vos Cliniques \u00e0 un centre de prise en charge individualis\u00e9e et adapt\u00e9e au patient en m\u00e9dicine int\u00e9grative.<\/p>\n<\/div>\n<\/div>\n<\/div>\n<\/div>\n<\/div>\n<\/div>\n<\/div>\n<\/div>\n\n\t\t<\/div>\n\t<\/div>\n<\/div><\/div><\/div><\/div><\/div><div class=\"webique_vc_row_wrap webique_general_colors\"><div class=\"vc_row wpb_row vc_row-fluid\"><div class=\"wpb_column vc_column_container vc_col-sm-12\"><div class=\"vc_column-inner\"><div class=\"wpb_wrapper\"><div class=\"vc_empty_space\"   style=\"height: 60px\"><span class=\"vc_empty_space_inner\"><\/span><\/div>\n\t<div class=\"wpb_text_column wpb_content_element  vc_custom_1591895182556\" >\n\t\t<div class=\"wpb_wrapper\">\n\t\t\t<p class=\"bodytext\">Que vous soyez une pharmacie, un laboratoire ou une clinique existante ou que vous souhaitez en cr\u00e9er un, SAM propose de vous accompagner dans votre projet. Notre collaboration consiste \u00e0 fournir une expertise sur la meilleure strat\u00e9gie \u00e0 adopter pour conceptualiser et entreprendre une d\u00e9marche de m\u00e9decine int\u00e9grative au sein de votre \u00e9tablissement. Faites-nous part de vos besoins sur info@swiss-altermed.ch<\/p>\n\n\t\t<\/div>\n\t<\/div>\n<div class=\"vc_empty_space\"   style=\"height: 60px\"><span class=\"vc_empty_space_inner\"><\/span><\/div><\/div><\/div><\/div><\/div><\/div>","protected":false},"excerpt":{"rendered":"SAM Comprehensive Health &amp; Wellness Approach.An integrative health approach for individualized careView the team Our ServicesWhiskids Greece Whiskids Iran Whiskids Switzerland Educational platform Inclusive Brain Health \u2013 IBH Shima Sazegari An integrative health approach for individualized care SAM Comprehensive Health...","protected":false},"author":1,"featured_media":0,"parent":0,"menu_order":0,"comment_status":"closed","ping_status":"closed","template":"","meta":[],"yoast_head":"<!-- This site is optimized with the Yoast SEO plugin v20.7 - https:\/\/yoast.com\/wordpress\/plugins\/seo\/ -->\n<title>Our services - Swiss Alternative Medicine (SAM)<\/title>\n<meta name=\"robots\" content=\"index, follow, max-snippet:-1, max-image-preview:large, max-video-preview:-1\" \/>\n<link rel=\"canonical\" href=\"https:\/\/www.swiss-altermed.ch\/fr\/our-services\/\" \/>\n<meta property=\"og:locale\" content=\"fr_FR\" \/>\n<meta property=\"og:type\" content=\"article\" \/>\n<meta property=\"og:title\" content=\"Our services - Swiss Alternative Medicine (SAM)\" \/>\n<meta property=\"og:url\" content=\"https:\/\/www.swiss-altermed.ch\/fr\/our-services\/\" \/>\n<meta property=\"og:site_name\" content=\"Swiss Alternative Medicine (SAM)\" \/>\n<meta property=\"article:publisher\" content=\"https:\/\/www.facebook.com\/swiss.alternative.medicine\/\" \/>\n<meta property=\"article:modified_time\" content=\"2023-05-30T16:18:56+00:00\" \/>\n<meta property=\"og:image\" content=\"https:\/\/www.swiss-altermed.ch\/wp-content\/uploads\/2020\/06\/SAM_logo_01.jpg\" \/>\n\t<meta property=\"og:image:width\" content=\"591\" \/>\n\t<meta property=\"og:image:height\" content=\"591\" \/>\n\t<meta property=\"og:image:type\" content=\"image\/jpeg\" \/>\n<meta name=\"twitter:card\" content=\"summary_large_image\" \/>\n<meta name=\"twitter:label1\" content=\"Dur\u00e9e de lecture estim\u00e9e\" \/>\n\t<meta name=\"twitter:data1\" content=\"2 minutes\" \/>\n<script type=\"application\/ld+json\" class=\"yoast-schema-graph\">{\"@context\":\"https:\/\/schema.org\",\"@graph\":[{\"@type\":\"WebPage\",\"@id\":\"https:\/\/www.swiss-altermed.ch\/our-services\/\",\"url\":\"https:\/\/www.swiss-altermed.ch\/our-services\/\",\"name\":\"Our services - Swiss Alternative Medicine (SAM)\",\"isPartOf\":{\"@id\":\"https:\/\/www.swiss-altermed.ch\/en\/#website\"},\"datePublished\":\"2018-11-22T14:27:13+00:00\",\"dateModified\":\"2023-05-30T16:18:56+00:00\",\"breadcrumb\":{\"@id\":\"https:\/\/www.swiss-altermed.ch\/our-services\/#breadcrumb\"},\"inLanguage\":\"fr-FR\",\"potentialAction\":[{\"@type\":\"ReadAction\",\"target\":[\"https:\/\/www.swiss-altermed.ch\/our-services\/\"]}]},{\"@type\":\"BreadcrumbList\",\"@id\":\"https:\/\/www.swiss-altermed.ch\/our-services\/#breadcrumb\",\"itemListElement\":[{\"@type\":\"ListItem\",\"position\":1,\"name\":\"Home\",\"item\":\"https:\/\/www.swiss-altermed.ch\/\"},{\"@type\":\"ListItem\",\"position\":2,\"name\":\"Our services\"}]},{\"@type\":\"WebSite\",\"@id\":\"https:\/\/www.swiss-altermed.ch\/en\/#website\",\"url\":\"https:\/\/www.swiss-altermed.ch\/en\/\",\"name\":\"Swiss Alternative Medicine (SAM)\",\"description\":\"For an ethical and sustainable global health &amp; a better life for all\",\"publisher\":{\"@id\":\"https:\/\/www.swiss-altermed.ch\/en\/#organization\"},\"potentialAction\":[{\"@type\":\"SearchAction\",\"target\":{\"@type\":\"EntryPoint\",\"urlTemplate\":\"https:\/\/www.swiss-altermed.ch\/en\/?s={search_term_string}\"},\"query-input\":\"required name=search_term_string\"}],\"inLanguage\":\"fr-FR\"},{\"@type\":\"Organization\",\"@id\":\"https:\/\/www.swiss-altermed.ch\/en\/#organization\",\"name\":\"Swiss Alternative Medicine (SAM)\",\"url\":\"https:\/\/www.swiss-altermed.ch\/en\/\",\"logo\":{\"@type\":\"ImageObject\",\"inLanguage\":\"fr-FR\",\"@id\":\"https:\/\/www.swiss-altermed.ch\/en\/#\/schema\/logo\/image\/\",\"url\":\"https:\/\/www.swiss-altermed.ch\/wp-content\/uploads\/2020\/06\/SAM_logo_01.jpg\",\"contentUrl\":\"https:\/\/www.swiss-altermed.ch\/wp-content\/uploads\/2020\/06\/SAM_logo_01.jpg\",\"width\":591,\"height\":591,\"caption\":\"Swiss Alternative Medicine (SAM)\"},\"image\":{\"@id\":\"https:\/\/www.swiss-altermed.ch\/en\/#\/schema\/logo\/image\/\"},\"sameAs\":[\"https:\/\/www.facebook.com\/swiss.alternative.medicine\/\"]}]}<\/script>\n<!-- \/ Yoast SEO plugin. -->","yoast_head_json":{"title":"Our services - Swiss Alternative Medicine (SAM)","robots":{"index":"index","follow":"follow","max-snippet":"max-snippet:-1","max-image-preview":"max-image-preview:large","max-video-preview":"max-video-preview:-1"},"canonical":"https:\/\/www.swiss-altermed.ch\/fr\/our-services\/","og_locale":"fr_FR","og_type":"article","og_title":"Our services - Swiss Alternative Medicine (SAM)","og_url":"https:\/\/www.swiss-altermed.ch\/fr\/our-services\/","og_site_name":"Swiss Alternative Medicine (SAM)","article_publisher":"https:\/\/www.facebook.com\/swiss.alternative.medicine\/","article_modified_time":"2023-05-30T16:18:56+00:00","og_image":[{"width":591,"height":591,"url":"https:\/\/www.swiss-altermed.ch\/wp-content\/uploads\/2020\/06\/SAM_logo_01.jpg","type":"image\/jpeg"}],"twitter_card":"summary_large_image","twitter_misc":{"Dur\u00e9e de lecture estim\u00e9e":"2 minutes"},"schema":{"@context":"https:\/\/schema.org","@graph":[{"@type":"WebPage","@id":"https:\/\/www.swiss-altermed.ch\/our-services\/","url":"https:\/\/www.swiss-altermed.ch\/our-services\/","name":"Our services - Swiss Alternative Medicine (SAM)","isPartOf":{"@id":"https:\/\/www.swiss-altermed.ch\/en\/#website"},"datePublished":"2018-11-22T14:27:13+00:00","dateModified":"2023-05-30T16:18:56+00:00","breadcrumb":{"@id":"https:\/\/www.swiss-altermed.ch\/our-services\/#breadcrumb"},"inLanguage":"fr-FR","potentialAction":[{"@type":"ReadAction","target":["https:\/\/www.swiss-altermed.ch\/our-services\/"]}]},{"@type":"BreadcrumbList","@id":"https:\/\/www.swiss-altermed.ch\/our-services\/#breadcrumb","itemListElement":[{"@type":"ListItem","position":1,"name":"Home","item":"https:\/\/www.swiss-altermed.ch\/"},{"@type":"ListItem","position":2,"name":"Our services"}]},{"@type":"WebSite","@id":"https:\/\/www.swiss-altermed.ch\/en\/#website","url":"https:\/\/www.swiss-altermed.ch\/en\/","name":"Swiss Alternative Medicine (SAM)","description":"For an ethical and sustainable global health &amp; a better life for all","publisher":{"@id":"https:\/\/www.swiss-altermed.ch\/en\/#organization"},"potentialAction":[{"@type":"SearchAction","target":{"@type":"EntryPoint","urlTemplate":"https:\/\/www.swiss-altermed.ch\/en\/?s={search_term_string}"},"query-input":"required name=search_term_string"}],"inLanguage":"fr-FR"},{"@type":"Organization","@id":"https:\/\/www.swiss-altermed.ch\/en\/#organization","name":"Swiss Alternative Medicine (SAM)","url":"https:\/\/www.swiss-altermed.ch\/en\/","logo":{"@type":"ImageObject","inLanguage":"fr-FR","@id":"https:\/\/www.swiss-altermed.ch\/en\/#\/schema\/logo\/image\/","url":"https:\/\/www.swiss-altermed.ch\/wp-content\/uploads\/2020\/06\/SAM_logo_01.jpg","contentUrl":"https:\/\/www.swiss-altermed.ch\/wp-content\/uploads\/2020\/06\/SAM_logo_01.jpg","width":591,"height":591,"caption":"Swiss Alternative Medicine (SAM)"},"image":{"@id":"https:\/\/www.swiss-altermed.ch\/en\/#\/schema\/logo\/image\/"},"sameAs":["https:\/\/www.facebook.com\/swiss.alternative.medicine\/"]}]}},"_links":{"self":[{"href":"https:\/\/www.swiss-altermed.ch\/fr\/wp-json\/wp\/v2\/pages\/576"}],"collection":[{"href":"https:\/\/www.swiss-altermed.ch\/fr\/wp-json\/wp\/v2\/pages"}],"about":[{"href":"https:\/\/www.swiss-altermed.ch\/fr\/wp-json\/wp\/v2\/types\/page"}],"author":[{"embeddable":true,"href":"https:\/\/www.swiss-altermed.ch\/fr\/wp-json\/wp\/v2\/users\/1"}],"replies":[{"embeddable":true,"href":"https:\/\/www.swiss-altermed.ch\/fr\/wp-json\/wp\/v2\/comments?post=576"}],"version-history":[{"count":2,"href":"https:\/\/www.swiss-altermed.ch\/fr\/wp-json\/wp\/v2\/pages\/576\/revisions"}],"predecessor-version":[{"id":7711,"href":"https:\/\/www.swiss-altermed.ch\/fr\/wp-json\/wp\/v2\/pages\/576\/revisions\/7711"}],"wp:attachment":[{"href":"https:\/\/www.swiss-altermed.ch\/fr\/wp-json\/wp\/v2\/media?parent=576"}],"curies":[{"name":"wp","href":"https:\/\/api.w.org\/{rel}","templated":true}]}}