{"id":4491,"date":"2020-07-20T08:34:55","date_gmt":"2020-07-20T08:34:55","guid":{"rendered":"https:\/\/sam.elipte.dev\/?page_id=4491"},"modified":"2023-05-09T17:19:44","modified_gmt":"2023-05-09T17:19:44","slug":"congress-2020","status":"publish","type":"page","link":"https:\/\/www.swiss-altermed.ch\/fr\/congress-2020\/","title":{"rendered":"Congr\u00e8s 2020"},"content":{"rendered":"<section class=\"vc_section vc_custom_1594026193729\"><div class=\"webique_vc_row_wrap webique_general_colors\"><div class=\"vc_row wpb_row vc_row-fluid vc_custom_1594025498987\"><div class=\"wpb_column vc_column_container vc_col-sm-8 vc_col-sm-offset-2\"><div class=\"vc_column-inner\"><div class=\"wpb_wrapper\"><h2 style=\"font-size: 25px;line-height: 32px;text-align: center;font-family:Poppins;font-weight:400;font-style:normal\" class=\"vc_custom_heading wpb_animate_when_almost_visible wpb_bottom-to-top bottom-to-top\" >SAM propose des conf\u00e9rences et des formations th\u00e9matiques li\u00e9s \u00e0 la sant\u00e9 \u00e0 nos revendeurs locaux, partenaires et institutions publiques et de sant\u00e9 sur demande.<\/h2><\/div><\/div><\/div><\/div><\/div><\/section><div class=\"webique_vc_row_wrap webique_general_colors\"><div class=\"vc_row wpb_row vc_row-fluid\"><div class=\"wpb_column vc_column_container vc_col-sm-12\"><div class=\"vc_column-inner\"><div class=\"wpb_wrapper\"><div class=\"vc_btn3-container  btn-pdf  wpb_animate_when_almost_visible wpb_appear appear vc_btn3-inline\" ><a class=\"webique_vc_btn webique_default_btn webique_default_btn_webique_shortcode_5f5f91c1349f48_36329686\" href=\"\/wp-content\/uploads\/2020\/09\/IHC-2020-September-Final-_compressed-1.pdf\" title=\"Brochure IHC 2020\" target=\"_blank\"><i class=\"vc_btn3-icon vc-material vc-material-picture_as_pdf\"><\/i> <span class=\"webique_vc_btn_text\">Brochure IHC 2020<\/span><\/a><\/div>\n\t<div class=\"wpb_text_column wpb_content_element\" >\n\t\t<div class=\"wpb_wrapper\">\n\t\t\t<a href=\"\/wp-content\/uploads\/2020\/09\/IHC-2020-September-Final-_compressed-1.pdf\" class=\"pdfemb-viewer\" style=\"\" data-width=\"max\" data-height=\"max\"  data-toolbar=\"bottom\" data-toolbar-fixed=\"on\">IHC-2020-September-Final-_compressed-1<br\/><\/a>\n\n\t\t<\/div>\n\t<\/div>\n<div class=\"vc_empty_space\"   style=\"height: 60px\"><span class=\"vc_empty_space_inner\"><\/span><\/div>\n\t<div class=\"wpb_text_column wpb_content_element\" >\n\t\t<div class=\"wpb_wrapper\">\n\t\t\t<h3 class=\"p1\" style=\"text-align: center;\"><b>2\u00e8me CONGR\u00c8S INTERNATIONAL DE SANT\u00c9 (CIS)\u00a0EN MALADIES NON-TRANSMISSIBLES\u00a0<\/b><\/h3>\n<h2 class=\"p2\" style=\"text-align: center;\"><b>Approche Globale en Sant\u00e9 Mentale &amp; Bien-\u00catre<\/b><\/h2>\n\n\t\t<\/div>\n\t<\/div>\n\n\t<div  class=\"wpb_single_image wpb_content_element vc_align_center  vc_custom_1595335209235\">\n\t\t\n\t\t<figure class=\"wpb_wrapper vc_figure\">\n\t\t\t<div class=\"vc_single_image-wrapper vc_box_shadow_3d  vc_box_border_grey\"><img width=\"692\" height=\"720\" src=\"https:\/\/www.swiss-altermed.ch\/wp-content\/uploads\/2020\/07\/image1.jpeg\" class=\"vc_single_image-img attachment-large\" alt=\"Geneva\" decoding=\"async\" loading=\"lazy\" srcset=\"https:\/\/www.swiss-altermed.ch\/wp-content\/uploads\/2020\/07\/image1.jpeg 692w, https:\/\/www.swiss-altermed.ch\/wp-content\/uploads\/2020\/07\/image1-288x300.jpeg 288w\" sizes=\"(max-width: 692px) 100vw, 692px\" \/><\/div>\n\t\t<\/figure>\n\t<\/div>\n\n\t<div class=\"wpb_text_column wpb_content_element\" >\n\t\t<div class=\"wpb_wrapper\">\n\t\t\t<h3 class=\"p4\"><b>POUR UNE\u00a0PRISE EN CHARGE \u00c9THIQUE ET\u00a0DURABLE\u00a0DU PATIENT<\/b><\/h3>\n<p class=\"p5\">23-25\u00a0Septembre\u00a02020<\/p>\n<p class=\"p6\">3 jours de programme en ligne en direct (Uniquement en anglais)<\/p>\n<p class=\"p8\">Notre programme du congr\u00e8s est<br \/>\naccr\u00e9dit\u00e9 par la fondation ASCA.<br \/>\nas\u00a0Professional Credits.<\/p>\n<p class=\"p9\"><em><span class=\"s2\">Consulter notre brochure<\/span><\/em><\/p>\n\n\t\t<\/div>\n\t<\/div>\n\n\t<div  class=\"wpb_single_image wpb_content_element vc_align_left  vc_custom_1595335522933\">\n\t\t\n\t\t<figure class=\"wpb_wrapper vc_figure\">\n\t\t\t<div class=\"vc_single_image-wrapper   vc_box_border_grey\"><img width=\"300\" height=\"50\" src=\"https:\/\/www.swiss-altermed.ch\/wp-content\/uploads\/2020\/07\/asca_logotexte-300x50.png\" class=\"vc_single_image-img attachment-medium\" alt=\"asca logo &amp; text\" decoding=\"async\" loading=\"lazy\" srcset=\"https:\/\/www.swiss-altermed.ch\/wp-content\/uploads\/2020\/07\/asca_logotexte-300x50.png 300w, https:\/\/www.swiss-altermed.ch\/wp-content\/uploads\/2020\/07\/asca_logotexte-768x129.png 768w, https:\/\/www.swiss-altermed.ch\/wp-content\/uploads\/2020\/07\/asca_logotexte.png 1000w\" sizes=\"(max-width: 300px) 100vw, 300px\" \/><\/div>\n\t\t<\/figure>\n\t<\/div>\n<div class=\"vc_empty_space\"   style=\"height: 30px\"><span class=\"vc_empty_space_inner\"><\/span><\/div>\n\t<div class=\"wpb_text_column wpb_content_element\" >\n\t\t<div class=\"wpb_wrapper\">\n\t\t\t<h3 class=\"p1\"><b>Message de\u00a0Bienvenue<\/b><\/h3>\n<p class=\"p2\">Nous vous souhaitons une\u00a0chaleureuse bienvenue \u00e0 notre deuxi\u00e8me Congr\u00e8s International sur la Sant\u00e9\u00a0(CIS) avec un regarde sur les maladies\u00a0non-transmissibles, qui se tiendra en ligne depuis Gen\u00e8ve du 23 au 25 Septembre 2020.<\/p>\n<p class=\"p3\"><span class=\"s1\">Le th\u00e8me de notre congr\u00e8s cette ann\u00e9e \u00e9tant\u00a0\u00a0<\/span><b>\u201cRestaurer l'\u00e9quilibre dans notre vie\u201d,<\/b><span class=\"s1\">\u00a0l'accent sera mis sur une\u00a0<\/span><b>approche\u00a0globale de sant\u00e9 en mati\u00e8re de sant\u00e9 mentale et de bien-\u00eatre.<\/b><span class=\"s1\">\u00a0approach.\u00a0<\/span><\/p>\n\n\t\t<\/div>\n\t<\/div>\n<div class=\"vc_empty_space\"   style=\"height: 30px\"><span class=\"vc_empty_space_inner\"><\/span><\/div>\n\t<div class=\"wpb_text_column wpb_content_element\" >\n\t\t<div class=\"wpb_wrapper\">\n\t\t\t<h3 class=\"p10\"><b>POURQUOI ?<\/b><\/h3>\n<p class=\"p11\">L\u2019OMS reconnait que la sant\u00e9\u00a0est \u00ab un \u00e9tat de bien-\u00eatre physique,\u00a0<span class=\"s4\"><b>mental\u00a0<\/b><\/span>et social complet et non simplement\u00a0une absence de maladie ou d\u2019infirmit\u00e9 \u00bb.\u00a0\nConsid\u00e9rant ainsi le nombre\u00a0alarmant de stress mental et de probl\u00e8mes associ\u00e9s qui nous affectent presque tout\u00a0\u00e0 chacun dans notre monde moderne, nous avons alors d\u00e9cid\u00e9 de consacrer\u00a0un congr\u00e8s entier \u00e0 la promotion de la pr\u00e9vention et de l\u2019\u00e9ducation.<\/p>\n<p class=\"p11\">Nous pensons que l\u2019harmonie\u00a0mentale et la paix sont des \u00e9l\u00e9ments essentiels \u00e0 restaurer si nous voulons\u00a0r\u00e9ellement faire face \u00e0 tout probl\u00e8me de sant\u00e9 et que cette th\u00e9matique est au\u00a0c\u0153ur des enjeux et pr\u00e9occupations majeures de la sant\u00e9 publique d\u2019aujourd\u2019hui.\u00a0<\/p>\n\n\t\t<\/div>\n\t<\/div>\n<div class=\"vc_empty_space\"   style=\"height: 30px\"><span class=\"vc_empty_space_inner\"><\/span><\/div>\n\t<div class=\"wpb_text_column wpb_content_element\" >\n\t\t<div class=\"wpb_wrapper\">\n\t\t\t<h3 class=\"p10\"><b>COMMENT ?<\/b><\/h3>\n<p class=\"p11\">Pendant les trois jours de ce congr\u00e8s, et avec la\u00a0participation de leaders et d'experts innovants et inspirants, nous mettrons\u00a0l'accent sur trois d\u00e9fis principaux auxquels nous sommes confront\u00e9s au niveau\u00a0mondial :<\/p>\n<p class=\"p11\">Jour 1- Bien-\u00eatre des enfants et traumatismes dans\u00a0l\u2019enfance<\/p>\n<p class=\"p11\">Jour 2- \u00c9puisement (burnout) dans la sph\u00e8re\u00a0professionnelle et priv\u00e9e<\/p>\n<p class=\"p11\">Jour 3- Les innovations et la durabilit\u00e9 en mati\u00e8re de sant\u00e9 et de l\u2019\u00e9ducation<\/p>\n<p class=\"p11\">L\u2019enjeu de ce programme complet sur trois\u00a0jours est principalement de sensibiliser la population, incluant ainsi des\u00a0ateliers pratiques et des\u00a0discussions autour d\u2019un panel d'experts\u00a0internationaux qualifi\u00e9s qui souhaitent partager leurs connaissances et leurs\u00a0exp\u00e9riences.\u00a0<\/p>\n\n\t\t<\/div>\n\t<\/div>\n<div class=\"vc_empty_space\"   style=\"height: 30px\"><span class=\"vc_empty_space_inner\"><\/span><\/div>\n\t<div class=\"wpb_text_column wpb_content_element\" >\n\t\t<div class=\"wpb_wrapper\">\n\t\t\t<h3 class=\"p10\"><b>POUR QUI ?<\/b><\/h3>\n<p class=\"p11\">Que vous soyez une organisation, un professionnel, un\u00a0\u00e9tudiant ou ayant un int\u00e9r\u00eat personnel dans le sujet, vous \u00eates le bienvenu.\u00a0\nEn participant, vous recevrez des ressources et des\u00a0informations et ferez pleinement partie de l\u2019\u00e9mergence d\u2019un nouveau paradigme\u00a0de sant\u00e9 int\u00e9grative en \u00e9mergence.<\/p>\n\n\t\t<\/div>\n\t<\/div>\n<div class=\"vc_empty_space\"   style=\"height: 30px\"><span class=\"vc_empty_space_inner\"><\/span><\/div>\n\t<div class=\"wpb_text_column wpb_content_element\" >\n\t\t<div class=\"wpb_wrapper\">\n\t\t\t<h3 class=\"p10\"><b>OBJECTIFS<\/b><\/h3>\n<p class=\"p14\">Nous esp\u00e9rons que le fruit de notre congr\u00e8s\u00a0permette de :<\/p>\n<p class=\"p14\">\u2022 soutenir des projets et initiatives en lien avec nos\u00a0propos, c\u2019est-\u00e0-dire principalement ax\u00e9s sur l\u2019approche de la m\u00e9decine\u00a0int\u00e9grative<\/p>\n<p class=\"p14\">\u2022\u00a0promouvoir\u00a0une approche int\u00e9grative holistique des soins de sant\u00e9<\/p>\n<p class=\"p14\">\u2022 se\u00a0concentrer sur les enfants et les adultes sans acc\u00e8s m\u00e9dical<\/p>\n<p class=\"p14\">\u2022 attirer\u00a0l'attention des organisations scientifiques, m\u00e9dicales et professionnelles, des\u00a0universit\u00e9s et des structures pour des perspectives inclusives<\/p>\n<p class=\"p14\">\u2022 r\u00e9affirmer\u00a0les droits de l'homme et des soins \u00e9thiques aux patients via une Charte et consensus associ\u00e9<\/p>\n\n\t\t<\/div>\n\t<\/div>\n<div class=\"vc_empty_space\"   style=\"height: 30px\"><span class=\"vc_empty_space_inner\"><\/span><\/div>\n\t<div class=\"wpb_text_column wpb_content_element\" >\n\t\t<div class=\"wpb_wrapper\">\n\t\t\t<h3 class=\"p10\"><b>SOUTENIR<\/b><\/h3>\n<p class=\"p11\">Nous utilisons une plate-forme de\u00a0financement\u00a0participatif\u00a0pour collecter une aide financi\u00e8re pour ce congr\u00e8s et soutenir des\u00a0projets s\u00e9lectionn\u00e9s.\u00a0\nSi vous souhaitez devenir un contributeur,\u00a0<span class=\"s5\">sponsor<\/span><span class=\"s5\">\u00a0<\/span>ou\u00a0<span class=\"s5\">exposant<\/span>, il nous fera plaisir de recevoir votre message \u00e0\u00a0l'adresse\u00a0<a href=\"mailto:samevents@swiss-altermed.ch\"><span class=\"s5\">samevents@swiss-altermed.ch<\/span><\/a><\/p>\n\n\t\t<\/div>\n\t<\/div>\n<div class=\"vc_empty_space\"   style=\"height: 60px\"><span class=\"vc_empty_space_inner\"><\/span><\/div><\/div><\/div><\/div><\/div><\/div><div class=\"webique_vc_row_wrap webique_general_colors\"><div class=\"vc_row wpb_row vc_row-fluid\"><div class=\"wpb_column vc_column_container vc_col-sm-12\"><div class=\"vc_column-inner\"><div class=\"wpb_wrapper\">\n\t<div class=\"wpb_text_column wpb_content_element\" >\n\t\t<div class=\"wpb_wrapper\">\n\t\t\t<h3 class=\"p10\"><strong>Aper\u00e7u du programme<\/strong><\/h3>\n\n\t\t<\/div>\n\t<\/div>\n\n\t<div class=\"wpb_text_column wpb_content_element\" >\n\t\t<div class=\"wpb_wrapper\">\n\t\t\t<table class=\"t1\" cellspacing=\"0\" cellpadding=\"0\">\n<tbody>\n<tr>\n<td class=\"td1\" valign=\"top\">\n<p class=\"p1\"><b>23 sept. 2020<\/b><span class=\"s1\"><b> JNE<\/b><\/span><\/p>\n<\/td>\n<td class=\"td1\" valign=\"top\">\n<p class=\"p1\"><b>24 sept. 2020<\/b><\/p>\n<\/td>\n<td class=\"td1\" valign=\"top\">\n<p class=\"p1\"><b>25 sept. 2020<\/b><\/p>\n<\/td>\n<\/tr>\n<tr>\n<td class=\"td2\" valign=\"top\">\n<p class=\"p2\"><span class=\"s2\"><b>09:30-10:15<\/b><\/span><\/p>\n<p class=\"p3\"><b>BLESSING CEREMONY &amp; WELCOME<\/b><\/p>\n<p class=\"p5\">C\u00c9R\u00c9MONIE DE BIENVENUE &amp; B\u00c9N\u00c9DICTIONS <span class=\"s1\"><b>BIENVENUE<\/b><\/span><\/p>\n<\/td>\n<td class=\"td2\" valign=\"top\">\n<p class=\"p6\"><span class=\"s2\"><b>09:00-10:30<\/b><\/span><b> <\/b><\/p>\n<p class=\"p7\"><span class=\"Apple-converted-space\">STRESS : IMMUNITY &amp; HORMONES <\/span><\/p>\n<p class=\"p8\"><span class=\"Apple-converted-space\">\u00a0 \u00a0 \u00a0 \u00a0 \u00a0 \u00a0 \u00a0 \u00a0 \u00a0 \u00a0 \u00a0 \u00a0 \u00a0<\/span><\/p>\n<p class=\"p7\">STRESS : IMMUNIT\u00c9 &amp; HORMONES<\/p>\n<\/td>\n<td class=\"td2\" valign=\"top\">\n<p class=\"p10\"><span class=\"s2\"><b>09:00-10:30 <\/b><\/span><\/p>\n<p class=\"p5\">INNOVATION &amp; NEW DEVELOPMENT<span class=\"Apple-converted-space\">\u00a0 \u00a0<\/span><\/p>\n<p class=\"p11\"><span class=\"Apple-converted-space\">\u00a0 \u00a0 \u00a0 \u00a0 \u00a0 \u00a0 \u00a0<\/span><\/p>\n<p class=\"p5\">IINNOVATION &amp; DERNIERS D\u00c9VELOPPEMENTS<\/p>\n<\/td>\n<\/tr>\n<tr>\n<td class=\"td3\" valign=\"top\">\n<p class=\"p2\"><span class=\"s2\"><b>10:20-10.35<\/b><\/span><\/p>\n<p class=\"p5\">HOW TO DEFINE MENTAL HEALTH AND WELL-BEING?<\/p>\n<p class=\"p5\">COMMENT D\u00c9FINIR LA SANT\u00c9 MENTALE ET LE BIEN-\u00caTRE ?<\/p>\n<\/td>\n<td class=\"td3\" valign=\"top\">\n<p class=\"p12\"><span class=\"s2\"><b>11:00-12:30<\/b><\/span><b> <\/b><\/p>\n<p class=\"p13\">BURNOUT<span class=\"Apple-converted-space\">\u00a0 <\/span>&amp; FAMILIAL CHALLENGES;<span class=\"Apple-converted-space\">\u00a0 \u00a0 \u00a0 \u00a0 \u00a0 \u00a0 \u00a0 \u00a0 \u00a0<\/span><\/p>\n<p class=\"p13\">NEED FOR SUPPORT<\/p>\n<p class=\"p13\">D\u00c9FIS FAMILIAUX ET \u00c9PUISEMENT;<\/p>\n<p class=\"p13\">LE BESOIN DE SOUTIEN<\/p>\n<\/td>\n<td class=\"td3\" valign=\"top\">\n<p class=\"p10\"><span class=\"s2\"><b>11:00-12:30 <\/b><\/span><\/p>\n<p class=\"p5\">SUSTAINABLE HEALTH APPROACHES &amp;<\/p>\n<p class=\"p5\">INTEGRATIVE MEDICINE<\/p>\n<p class=\"p5\">APPROCHE DE SANT\u00c9 DURABLE &amp;<\/p>\n<p class=\"p5\">M\u00c9DECINE INT\u00c9GRATIVE<\/p>\n<\/td>\n<\/tr>\n<tr>\n<td class=\"td4\" valign=\"top\">\n<p class=\"p15\"><span class=\"s2\"><b>11:00-11:15 <\/b><\/span><\/p>\n<p class=\"p5\">THE GLOBAL STATE OF<span class=\"Apple-converted-space\">\u00a0 \u00a0 \u00a0 \u00a0 \u00a0 \u00a0 \u00a0 \u00a0 \u00a0 \u00a0 \u00a0 \u00a0 \u00a0 \u00a0 \u00a0 \u00a0 \u00a0 \u00a0 \u00a0 \u00a0 \u00a0 \u00a0 \u00a0 \u00a0 \u00a0 \u00a0<\/span><\/p>\n<p class=\"p5\">MENTAL HEALTH<\/p>\n<p class=\"p5\">\u00c9TAT DES LIEUX EN SANT\u00c9 MENTALE<\/p>\n<\/td>\n<td class=\"td5\" rowspan=\"2\" valign=\"top\"><\/td>\n<td class=\"td5\" rowspan=\"2\" valign=\"top\">\n<p class=\"p15\"><span class=\"s3\"><b>1<\/b><\/span><span class=\"s2\"><b>2<\/b><\/span><span class=\"s3\"><b>:<\/b><\/span><span class=\"s2\"><b>30 \u2013 13:15<\/b><\/span><\/p>\n<p class=\"p5\">OUTCOME OF CONGRESS<\/p>\n<p class=\"p5\">BILAN DU CONGRES<\/p>\n<\/td>\n<\/tr>\n<tr>\n<td class=\"td6\" valign=\"top\">\n<p class=\"p15\"><span class=\"s2\"><b>11:20-12:30<\/b><\/span><\/p>\n<p class=\"p5\">HOLISTIC MEDICINE ; TOOLS &amp; SOLUTIONS<\/p>\n<p class=\"p11\"><span class=\"Apple-converted-space\">\u00a0 \u00a0 \u00a0 \u00a0 \u00a0<\/span><\/p>\n<p class=\"p5\">M\u00c9DECINE HOLISTIQUE ; LES<span class=\"Apple-converted-space\">\u00a0 <\/span>OUTILS ET SOLUTIONS<\/p>\n<\/td>\n<\/tr>\n<tr>\n<td class=\"td7\" valign=\"top\"><\/td>\n<td class=\"td7\" valign=\"top\">\n<p class=\"p16\"><b>LUNCH BREAK<\/b><\/p>\n<\/td>\n<td class=\"td7\" valign=\"top\"><\/td>\n<\/tr>\n<tr>\n<td class=\"td4\" valign=\"top\">\n<p class=\"p2\"><span class=\"s2\"><b>14:00-15:30<\/b><\/span><b> <\/b><\/p>\n<p class=\"p5\">PREVENTION : NUTRITION AND EDUCATION<\/p>\n<p class=\"p5\">PR\u00c9VENTION : NUTRITION ET \u00c9DUCATION<\/p>\n<\/td>\n<td class=\"td4\" valign=\"top\">\n<p class=\"p17\"><span class=\"s2\"><b>14:00 &#8211; 15:30 <\/b><\/span><\/p>\n<p class=\"p13\">RESEARCH ON NEUROSCIENCE<span class=\"Apple-converted-space\">\u00a0 \u00a0<\/span><\/p>\n<p class=\"p14\"><span class=\"Apple-converted-space\">\u00a0 \u00a0 \u00a0 \u00a0 \u00a0 \u00a0 \u00a0 \u00a0 \u00a0 \u00a0 \u00a0 \u00a0<\/span><\/p>\n<p class=\"p5\">RECHERCHE EN NEUROSCIENCES<\/p>\n<\/td>\n<td class=\"td8\" rowspan=\"3\" valign=\"top\">\n<p class=\"p10\"><span class=\"s2\"><b>15:00-17:00<\/b><\/span><\/p>\n<p class=\"p18\"><b>POST EVENT WORKSHOP <\/b><\/p>\n<p class=\"p18\"><b>ATELIER POST-\u00c9V\u00c9NEMENT<\/b><\/p>\n<p class=\"p20\"><span class=\"s2\"><b>15:00-15:30<\/b><\/span><\/p>\n<p class=\"p13\">Transformational Breath<\/p>\n<p class=\"p13\">Alev G\u00fcrzumar &amp; Co<\/p>\n<p class=\"p20\"><span class=\"s2\"><b>15:30 \u2013 16.00 <\/b><\/span><\/p>\n<p class=\"p13\">Florian Lucas<\/p>\n<p class=\"p13\">Magnetism \/ Magn\u00e9tisme<\/p>\n<p class=\"p13\">Workshop \/ Atelier<\/p>\n<p class=\"p13\">In French<\/p>\n<p class=\"p20\"><span class=\"s2\"><b>16: 00-17:00<\/b><\/span><\/p>\n<p class=\"p13\">Dr. Habib Sadeghi<\/p>\n<p class=\"p13\">video presentation- Hormonology<\/p>\n<\/td>\n<\/tr>\n<tr>\n<td class=\"td9\" valign=\"top\">\n<p class=\"p21\"><span class=\"s2\"><b>16:00-17:30<\/b><\/span><\/p>\n<p class=\"p22\">CHILDREN\u2019S TRAUMA <span class=\"Apple-converted-space\">\u00a0 \u00a0<\/span><\/p>\n<p class=\"p23\"><span class=\"Apple-converted-space\">\u00a0 \u00a0 \u00a0 \u00a0 \u00a0 \u00a0 \u00a0 \u00a0 \u00a0 \u00a0 \u00a0 \u00a0 \u00a0 \u00a0 \u00a0 \u00a0 \u00a0 \u00a0 \u00a0 \u00a0 \u00a0 \u00a0 \u00a0 \u00a0 \u00a0<\/span><\/p>\n<p class=\"p5\">TRAUMATISME DES ENFANTS<\/p>\n<\/td>\n<td class=\"td9\" valign=\"top\">\n<p class=\"p24\"><span class=\"s2\"><b>16:00 &#8211; 17:30<\/b><\/span><\/p>\n<p class=\"p25\">STRESS &amp; BURNOUT AT WORK.<\/p>\n<p class=\"p26\"><span class=\"Apple-converted-space\">\u00a0 \u00a0 \u00a0 \u00a0 \u00a0 \u00a0 \u00a0 \u00a0 \u00a0<\/span><\/p>\n<p class=\"p25\">E\u0301TAT D&#8217;E\u0301PUISEMENT PROFESSIONNEL<\/p>\n<\/td>\n<\/tr>\n<tr>\n<td class=\"td10\" valign=\"top\">\n<p class=\"p21\"><span class=\"s2\"><b>17:30-18:00<\/b><\/span><\/p>\n<p class=\"p22\">Dennis Derofe<\/p>\n<p class=\"p22\">Anat Banial Method<\/p>\n<p class=\"p22\"><span class=\"Apple-converted-space\">\u00a0 <\/span>workshop<\/p>\n<\/td>\n<td class=\"td10\" valign=\"top\">\n<p class=\"p21\"><span class=\"s2\"><b>17:30-18:00<\/b><\/span><\/p>\n<p class=\"p22\">Shermin Movaffaghi<\/p>\n<p class=\"p22\">Musico-therapy<\/p>\n<p class=\"p22\">Musicoth\u00e9rapie<\/p>\n<p class=\"p22\">performance<\/p>\n<\/td>\n<\/tr>\n<\/tbody>\n<\/table>\n\n\t\t<\/div>\n\t<\/div>\n<\/div><\/div><\/div><\/div><\/div>","protected":false},"excerpt":{"rendered":"On request, SAM offers conferences &amp; trainings on alternative medicine &amp; new products to our retailers, partners and healthcare institutions. Brochure IHC 2020 IHC-2020-September-Final-_compressed-1 THE 2nd INTERNATIONAL HEALTH CONGRESS (IHC) ON NON-COMMUNICABLE\u00a0DISEASES\u00a0 Comprehensive\u00a0Mental Health &amp; Well-Being FOR AN ETHICAL AND...","protected":false},"author":1,"featured_media":0,"parent":0,"menu_order":0,"comment_status":"closed","ping_status":"closed","template":"","meta":[],"yoast_head":"<!-- This site is optimized with the Yoast SEO plugin v20.7 - https:\/\/yoast.com\/wordpress\/plugins\/seo\/ -->\n<title>Congress 2020 - Swiss Alternative Medicine (SAM)<\/title>\n<meta name=\"robots\" content=\"index, follow, max-snippet:-1, max-image-preview:large, max-video-preview:-1\" \/>\n<link rel=\"canonical\" href=\"https:\/\/www.swiss-altermed.ch\/fr\/congress-2020\/\" \/>\n<meta property=\"og:locale\" content=\"fr_FR\" \/>\n<meta property=\"og:type\" content=\"article\" \/>\n<meta property=\"og:title\" content=\"Congress 2020 - Swiss Alternative Medicine (SAM)\" \/>\n<meta property=\"og:url\" content=\"https:\/\/www.swiss-altermed.ch\/fr\/congress-2020\/\" \/>\n<meta property=\"og:site_name\" content=\"Swiss Alternative Medicine (SAM)\" \/>\n<meta property=\"article:publisher\" content=\"https:\/\/www.facebook.com\/swiss.alternative.medicine\/\" \/>\n<meta property=\"article:modified_time\" content=\"2023-05-09T17:19:44+00:00\" \/>\n<meta property=\"og:image\" content=\"https:\/\/www.swiss-altermed.ch\/wp-content\/uploads\/2020\/06\/SAM_logo_01.jpg\" \/>\n\t<meta property=\"og:image:width\" content=\"591\" \/>\n\t<meta property=\"og:image:height\" content=\"591\" \/>\n\t<meta property=\"og:image:type\" content=\"image\/jpeg\" \/>\n<meta name=\"twitter:card\" content=\"summary_large_image\" \/>\n<meta name=\"twitter:label1\" content=\"Dur\u00e9e de lecture estim\u00e9e\" \/>\n\t<meta name=\"twitter:data1\" content=\"3 minutes\" \/>\n<script type=\"application\/ld+json\" class=\"yoast-schema-graph\">{\"@context\":\"https:\/\/schema.org\",\"@graph\":[{\"@type\":\"WebPage\",\"@id\":\"https:\/\/www.swiss-altermed.ch\/congress-2020\/\",\"url\":\"https:\/\/www.swiss-altermed.ch\/congress-2020\/\",\"name\":\"Congress 2020 - Swiss Alternative Medicine (SAM)\",\"isPartOf\":{\"@id\":\"https:\/\/www.swiss-altermed.ch\/en\/#website\"},\"datePublished\":\"2020-07-20T08:34:55+00:00\",\"dateModified\":\"2023-05-09T17:19:44+00:00\",\"breadcrumb\":{\"@id\":\"https:\/\/www.swiss-altermed.ch\/congress-2020\/#breadcrumb\"},\"inLanguage\":\"fr-FR\",\"potentialAction\":[{\"@type\":\"ReadAction\",\"target\":[\"https:\/\/www.swiss-altermed.ch\/congress-2020\/\"]}]},{\"@type\":\"BreadcrumbList\",\"@id\":\"https:\/\/www.swiss-altermed.ch\/congress-2020\/#breadcrumb\",\"itemListElement\":[{\"@type\":\"ListItem\",\"position\":1,\"name\":\"Home\",\"item\":\"https:\/\/www.swiss-altermed.ch\/\"},{\"@type\":\"ListItem\",\"position\":2,\"name\":\"Congress 2020\"}]},{\"@type\":\"WebSite\",\"@id\":\"https:\/\/www.swiss-altermed.ch\/en\/#website\",\"url\":\"https:\/\/www.swiss-altermed.ch\/en\/\",\"name\":\"Swiss Alternative Medicine (SAM)\",\"description\":\"For an ethical and sustainable global health &amp; a better life for all\",\"publisher\":{\"@id\":\"https:\/\/www.swiss-altermed.ch\/en\/#organization\"},\"potentialAction\":[{\"@type\":\"SearchAction\",\"target\":{\"@type\":\"EntryPoint\",\"urlTemplate\":\"https:\/\/www.swiss-altermed.ch\/en\/?s={search_term_string}\"},\"query-input\":\"required name=search_term_string\"}],\"inLanguage\":\"fr-FR\"},{\"@type\":\"Organization\",\"@id\":\"https:\/\/www.swiss-altermed.ch\/en\/#organization\",\"name\":\"Swiss Alternative Medicine (SAM)\",\"url\":\"https:\/\/www.swiss-altermed.ch\/en\/\",\"logo\":{\"@type\":\"ImageObject\",\"inLanguage\":\"fr-FR\",\"@id\":\"https:\/\/www.swiss-altermed.ch\/en\/#\/schema\/logo\/image\/\",\"url\":\"https:\/\/www.swiss-altermed.ch\/wp-content\/uploads\/2020\/06\/SAM_logo_01.jpg\",\"contentUrl\":\"https:\/\/www.swiss-altermed.ch\/wp-content\/uploads\/2020\/06\/SAM_logo_01.jpg\",\"width\":591,\"height\":591,\"caption\":\"Swiss Alternative Medicine (SAM)\"},\"image\":{\"@id\":\"https:\/\/www.swiss-altermed.ch\/en\/#\/schema\/logo\/image\/\"},\"sameAs\":[\"https:\/\/www.facebook.com\/swiss.alternative.medicine\/\"]}]}<\/script>\n<!-- \/ Yoast SEO plugin. -->","yoast_head_json":{"title":"Congress 2020 - Swiss Alternative Medicine (SAM)","robots":{"index":"index","follow":"follow","max-snippet":"max-snippet:-1","max-image-preview":"max-image-preview:large","max-video-preview":"max-video-preview:-1"},"canonical":"https:\/\/www.swiss-altermed.ch\/fr\/congress-2020\/","og_locale":"fr_FR","og_type":"article","og_title":"Congress 2020 - Swiss Alternative Medicine (SAM)","og_url":"https:\/\/www.swiss-altermed.ch\/fr\/congress-2020\/","og_site_name":"Swiss Alternative Medicine (SAM)","article_publisher":"https:\/\/www.facebook.com\/swiss.alternative.medicine\/","article_modified_time":"2023-05-09T17:19:44+00:00","og_image":[{"width":591,"height":591,"url":"https:\/\/www.swiss-altermed.ch\/wp-content\/uploads\/2020\/06\/SAM_logo_01.jpg","type":"image\/jpeg"}],"twitter_card":"summary_large_image","twitter_misc":{"Dur\u00e9e de lecture estim\u00e9e":"3 minutes"},"schema":{"@context":"https:\/\/schema.org","@graph":[{"@type":"WebPage","@id":"https:\/\/www.swiss-altermed.ch\/congress-2020\/","url":"https:\/\/www.swiss-altermed.ch\/congress-2020\/","name":"Congress 2020 - Swiss Alternative Medicine (SAM)","isPartOf":{"@id":"https:\/\/www.swiss-altermed.ch\/en\/#website"},"datePublished":"2020-07-20T08:34:55+00:00","dateModified":"2023-05-09T17:19:44+00:00","breadcrumb":{"@id":"https:\/\/www.swiss-altermed.ch\/congress-2020\/#breadcrumb"},"inLanguage":"fr-FR","potentialAction":[{"@type":"ReadAction","target":["https:\/\/www.swiss-altermed.ch\/congress-2020\/"]}]},{"@type":"BreadcrumbList","@id":"https:\/\/www.swiss-altermed.ch\/congress-2020\/#breadcrumb","itemListElement":[{"@type":"ListItem","position":1,"name":"Home","item":"https:\/\/www.swiss-altermed.ch\/"},{"@type":"ListItem","position":2,"name":"Congress 2020"}]},{"@type":"WebSite","@id":"https:\/\/www.swiss-altermed.ch\/en\/#website","url":"https:\/\/www.swiss-altermed.ch\/en\/","name":"Swiss Alternative Medicine (SAM)","description":"For an ethical and sustainable global health &amp; a better life for all","publisher":{"@id":"https:\/\/www.swiss-altermed.ch\/en\/#organization"},"potentialAction":[{"@type":"SearchAction","target":{"@type":"EntryPoint","urlTemplate":"https:\/\/www.swiss-altermed.ch\/en\/?s={search_term_string}"},"query-input":"required name=search_term_string"}],"inLanguage":"fr-FR"},{"@type":"Organization","@id":"https:\/\/www.swiss-altermed.ch\/en\/#organization","name":"Swiss Alternative Medicine (SAM)","url":"https:\/\/www.swiss-altermed.ch\/en\/","logo":{"@type":"ImageObject","inLanguage":"fr-FR","@id":"https:\/\/www.swiss-altermed.ch\/en\/#\/schema\/logo\/image\/","url":"https:\/\/www.swiss-altermed.ch\/wp-content\/uploads\/2020\/06\/SAM_logo_01.jpg","contentUrl":"https:\/\/www.swiss-altermed.ch\/wp-content\/uploads\/2020\/06\/SAM_logo_01.jpg","width":591,"height":591,"caption":"Swiss Alternative Medicine (SAM)"},"image":{"@id":"https:\/\/www.swiss-altermed.ch\/en\/#\/schema\/logo\/image\/"},"sameAs":["https:\/\/www.facebook.com\/swiss.alternative.medicine\/"]}]}},"_links":{"self":[{"href":"https:\/\/www.swiss-altermed.ch\/fr\/wp-json\/wp\/v2\/pages\/4491"}],"collection":[{"href":"https:\/\/www.swiss-altermed.ch\/fr\/wp-json\/wp\/v2\/pages"}],"about":[{"href":"https:\/\/www.swiss-altermed.ch\/fr\/wp-json\/wp\/v2\/types\/page"}],"author":[{"embeddable":true,"href":"https:\/\/www.swiss-altermed.ch\/fr\/wp-json\/wp\/v2\/users\/1"}],"replies":[{"embeddable":true,"href":"https:\/\/www.swiss-altermed.ch\/fr\/wp-json\/wp\/v2\/comments?post=4491"}],"version-history":[{"count":1,"href":"https:\/\/www.swiss-altermed.ch\/fr\/wp-json\/wp\/v2\/pages\/4491\/revisions"}],"predecessor-version":[{"id":7512,"href":"https:\/\/www.swiss-altermed.ch\/fr\/wp-json\/wp\/v2\/pages\/4491\/revisions\/7512"}],"wp:attachment":[{"href":"https:\/\/www.swiss-altermed.ch\/fr\/wp-json\/wp\/v2\/media?parent=4491"}],"curies":[{"name":"wp","href":"https:\/\/api.w.org\/{rel}","templated":true}]}}