{"id":4164,"date":"2020-07-01T07:23:05","date_gmt":"2020-07-01T07:23:05","guid":{"rendered":"https:\/\/sam.elipte.dev\/?page_id=4164"},"modified":"2021-09-08T15:12:20","modified_gmt":"2021-09-08T15:12:20","slug":"superfoods","status":"publish","type":"page","link":"https:\/\/www.swiss-altermed.ch\/fr\/superfoods\/","title":{"rendered":"Super-aliments"},"content":{"rendered":"<div class=\"webique_vc_row_wrap webique_general_colors\"><div class=\"vc_row wpb_row vc_row-fluid\"><div class=\"wpb_column vc_column_container vc_col-sm-12\"><div class=\"vc_column-inner\"><div class=\"wpb_wrapper\"><h2 style=\"text-align: center\" class=\"vc_custom_heading\" >Nos produits en super-aliments<\/h2><div class=\"vc_btn3-container vc_btn3-center\" ><a class=\"webique_vc_btn webique_default_btn webique_default_btn_webique_shortcode_60461cd305f980_95394355\" href=\"https:\/\/www.swiss-altermed.ch\/fr\/e-commerce\/\" title=\"E-Commerce\"><span class=\"webique_vc_btn_text\">Cliquez ici pour commander<\/span><\/a><\/div><div class=\"vc_empty_space\"   style=\"height: 100px\"><span class=\"vc_empty_space_inner\"><\/span><\/div><\/div><\/div><\/div><\/div><\/div><div class=\"webique_vc_row_wrap webique_general_colors\"><div class=\"vc_row wpb_row vc_row-fluid\"><div class=\"wpb_column vc_column_container vc_col-sm-12\"><div class=\"vc_column-inner\"><div class=\"wpb_wrapper\">\n\t<div  class=\"wpb_single_image wpb_content_element vc_align_center\">\n\t\t\n\t\t<figure class=\"wpb_wrapper vc_figure\">\n\t\t\t<div class=\"vc_single_image-wrapper vc_box_shadow_3d  vc_box_border_grey\"><img width=\"2560\" height=\"1707\" src=\"https:\/\/www.swiss-altermed.ch\/wp-content\/uploads\/2021\/03\/IMG_8035-scaled.jpg\" class=\"vc_single_image-img attachment-full\" alt=\"olixir\" decoding=\"async\" loading=\"lazy\" srcset=\"https:\/\/www.swiss-altermed.ch\/wp-content\/uploads\/2021\/03\/IMG_8035-scaled.jpg 2560w, https:\/\/www.swiss-altermed.ch\/wp-content\/uploads\/2021\/03\/IMG_8035-300x200.jpg 300w, https:\/\/www.swiss-altermed.ch\/wp-content\/uploads\/2021\/03\/IMG_8035-1024x683.jpg 1024w, https:\/\/www.swiss-altermed.ch\/wp-content\/uploads\/2021\/03\/IMG_8035-768x512.jpg 768w, https:\/\/www.swiss-altermed.ch\/wp-content\/uploads\/2021\/03\/IMG_8035-1536x1024.jpg 1536w, https:\/\/www.swiss-altermed.ch\/wp-content\/uploads\/2021\/03\/IMG_8035-2048x1365.jpg 2048w, https:\/\/www.swiss-altermed.ch\/wp-content\/uploads\/2021\/03\/IMG_8035-16x12.jpg 16w\" sizes=\"(max-width: 2560px) 100vw, 2560px\" \/><\/div>\n\t\t<\/figure>\n\t<\/div>\n\n\t<div class=\"wpb_text_column wpb_content_element\" >\n\t\t<div class=\"wpb_wrapper\">\n\t\t\t<h3 style=\"text-align: center;\">\u00d3lixir\u00ae Huile d&#8217;olive vierge extra bio \u00e0 haute teneur de polyph\u00e9nols<\/h3>\n<table class=\"t1\" cellspacing=\"0\" cellpadding=\"0\">\n<tbody>\n<tr>\n<td class=\"td1\" valign=\"top\">\n<p class=\"p2\">Opening<\/p>\n<\/td>\n<td class=\"td1\" valign=\"top\">\n<p class=\"p2\">\u00d3lixir\u00ae est l&#8217;huile d&#8217;olive vierge extra biologique que Sergio produit sur les terres de ses grand parents en Sicile, au pied du Monte San Calogero, pr\u00e8s de Palerme. Fruit pr\u00e9cieux et rare<\/p>\n<p class=\"p2\">de ses arbres centenaires. A la Food for Health Science et Nature travaillent ensemble pour une nutrition meilleure<\/p>\n<\/td>\n<\/tr>\n<tr>\n<td class=\"td1\" valign=\"top\">\n<p class=\"p2\">health<\/p>\n<\/td>\n<td class=\"td1\" valign=\"top\">\n<p class=\"p2\">PROPRI\u00c9T\u00c9S SANT\u00c9, \u00d3LIXIR\u00ae, UNE ELIXIR FAITE EN COLLABORATION AVEC LA NATURE.<\/p>\n<p class=\"p2\">Nous cultivons les oliviers en respectant les principes bio, nous cueillons les olives encore vertes, nous les pressons \u00e0 froid end\u00e9ans 12 heures \u00e0 travers un syst\u00e8me \u00e0 bas taux d\u2019oxyg\u00e8ne. Ensuite, nous filtrons l\u2019huile d\u2019olive \u00e0 travers des panneaux en cellulose pour enlever le 100% de r\u00e9sidus. Le r\u00e9sultat final est \u00f3lixir\u00ae, notre huile d\u2019olive vierge extra biologique, \u00e0 haute teneur de polyph\u00e9nols et vitamines b\u00e9n\u00e9fiques pour la sant\u00e9, riche en ar\u00f4me et go\u00fbt.<\/p>\n<p class=\"p2\">Ses propri\u00e9t\u00e9s nutritionnelles fondamentales sont :<\/p>\n<p class=\"p1\">1. Gr\u00e2ce \u00e0 sa concentration d\u2019antioxydants cardioprotecteurs, \u00d3lixir\u00ae aide \u00e0 prot\u00e8ger les lipides sanguins de l\u2019oxydation<\/p>\n<p class=\"p2\">2.\u00a0\u00a0\u00d3lixir\u00ae soutient les cellules du processus de stress oxydatif par son teneur \u00e9lev\u00e9 en VIT E.<\/p>\n<p class=\"p2\">3. Il contribue \u00e0 la r\u00e9duction du cholest\u00e9rol gr\u00e2ce \u00e0 son haut niveau de lipides mono insatur\u00e9s sains (Acide ol\u00e9ique).<\/p>\n<p class=\"p2\">4. Son acidit\u00e9 tr\u00e8s basse signifie une nutrition de haute qualit\u00e9.<\/p>\n<\/td>\n<\/tr>\n<tr>\n<td class=\"td1\" valign=\"top\">\n<p class=\"p2\">aroma<\/p>\n<\/td>\n<td class=\"td1\" valign=\"top\">\n<p class=\"p2\">AR\u00d4ME ET GO\u00dbT<\/p>\n<p class=\"p2\">Le bouquet d&#8217;Olixir\u00ae a une aura fruit\u00e9e, s&#8217;ouvrant sur d&#8217;\u00e9l\u00e9gantes notes d&#8217;olives vertes, suivies de notes fra\u00eeches et herbac\u00e9es d&#8217;herbes sauvages et d&#8217;artichaut, pour finir sur une pointe de poivre noir. En bouche, il est bien rond et harmonieux. Les sensations gustatives et r\u00e9tro-nasales vont de pair et rehaussent ses ar\u00f4mes. Il r\u00e9v\u00e8le fi\u00e8rement un degr\u00e9 d&#8217;amertume et de piquant agr\u00e9able t\u00e9moignant de la pr\u00e9sence de polyph\u00e9nols<\/p>\n<\/td>\n<\/tr>\n<tr>\n<td class=\"td1\" valign=\"top\">\n<p class=\"p2\">packaging<\/p>\n<\/td>\n<td class=\"td1\" valign=\"top\">\n<p class=\"p2\">EMBALLAGE<\/p>\n<p class=\"p2\">Nos bouteilles en verre fonc\u00e9:<\/p>\n<p class=\"p2\">1. Gardent les \u00e9l\u00e9ments nutritifs d\u2019\u00f3lixir\u00ae intacts gr\u00e2ce \u00e0 la r\u00e9sistance \u00e0 la lumi\u00e8re et \u00e0 la chaleur.<\/p>\n<p class=\"p2\">2. 100% recyclables.<\/p>\n<\/td>\n<\/tr>\n<tr>\n<td class=\"td1\" valign=\"top\">\n<p class=\"p2\">Prix<\/p>\n<\/td>\n<td class=\"td1\" valign=\"top\">250 ml 19\u20ac\u00a0 \u00a0&amp;\u00a0 \u00a0500 ml 29\u20ac<\/td>\n<\/tr>\n<\/tbody>\n<\/table>\n\n\t\t<\/div>\n\t<\/div>\n<\/div><\/div><\/div><\/div><\/div><div class=\"webique_vc_row_wrap webique_general_colors\"><div class=\"vc_row wpb_row vc_row-fluid\"><div class=\"wpb_column vc_column_container vc_col-sm-3\"><div class=\"vc_column-inner\"><div class=\"wpb_wrapper\"><\/div><\/div><\/div><div class=\"wpb_column vc_column_container vc_col-sm-6\"><div class=\"vc_column-inner\"><div class=\"wpb_wrapper\">\n\t<div  class=\"wpb_single_image wpb_content_element vc_align_center\">\n\t\t\n\t\t<figure class=\"wpb_wrapper vc_figure\">\n\t\t\t<div class=\"vc_single_image-wrapper   vc_box_border_grey\"><img width=\"1125\" height=\"1500\" src=\"https:\/\/www.swiss-altermed.ch\/wp-content\/uploads\/2021\/03\/Olixir-flyer-EN-FR-5_page-0002-min.jpg\" class=\"vc_single_image-img attachment-full\" alt=\"Olixir flyer\" decoding=\"async\" loading=\"lazy\" srcset=\"https:\/\/www.swiss-altermed.ch\/wp-content\/uploads\/2021\/03\/Olixir-flyer-EN-FR-5_page-0002-min.jpg 1125w, https:\/\/www.swiss-altermed.ch\/wp-content\/uploads\/2021\/03\/Olixir-flyer-EN-FR-5_page-0002-min-225x300.jpg 225w, https:\/\/www.swiss-altermed.ch\/wp-content\/uploads\/2021\/03\/Olixir-flyer-EN-FR-5_page-0002-min-768x1024.jpg 768w, https:\/\/www.swiss-altermed.ch\/wp-content\/uploads\/2021\/03\/Olixir-flyer-EN-FR-5_page-0002-min-9x12.jpg 9w\" sizes=\"(max-width: 1125px) 100vw, 1125px\" \/><\/div>\n\t\t<\/figure>\n\t<\/div>\n<\/div><\/div><\/div><div class=\"wpb_column vc_column_container vc_col-sm-3\"><div class=\"vc_column-inner\"><div class=\"wpb_wrapper\"><\/div><\/div><\/div><\/div><\/div><div class=\"webique_vc_row_wrap webique_general_colors\"><div class=\"vc_row wpb_row vc_row-fluid\"><div class=\"wpb_column vc_column_container vc_col-sm-12\"><div class=\"vc_column-inner\"><div class=\"wpb_wrapper\">\n\t<div  class=\"wpb_single_image wpb_content_element vc_align_center\">\n\t\t\n\t\t<figure class=\"wpb_wrapper vc_figure\">\n\t\t\t<div class=\"vc_single_image-wrapper   vc_box_border_grey\"><img width=\"960\" height=\"540\" src=\"https:\/\/www.swiss-altermed.ch\/wp-content\/uploads\/2021\/09\/Deck-Shima.001-min.jpeg\" class=\"vc_single_image-img attachment-full\" alt=\"olixir\" decoding=\"async\" loading=\"lazy\" srcset=\"https:\/\/www.swiss-altermed.ch\/wp-content\/uploads\/2021\/09\/Deck-Shima.001-min.jpeg 960w, https:\/\/www.swiss-altermed.ch\/wp-content\/uploads\/2021\/09\/Deck-Shima.001-min-300x169.jpeg 300w, https:\/\/www.swiss-altermed.ch\/wp-content\/uploads\/2021\/09\/Deck-Shima.001-min-768x432.jpeg 768w, https:\/\/www.swiss-altermed.ch\/wp-content\/uploads\/2021\/09\/Deck-Shima.001-min-16x9.jpeg 16w\" sizes=\"(max-width: 960px) 100vw, 960px\" \/><\/div>\n\t\t<\/figure>\n\t<\/div>\n\n\t<div  class=\"wpb_single_image wpb_content_element vc_align_center\">\n\t\t\n\t\t<figure class=\"wpb_wrapper vc_figure\">\n\t\t\t<div class=\"vc_single_image-wrapper   vc_box_border_grey\"><img width=\"960\" height=\"540\" src=\"https:\/\/www.swiss-altermed.ch\/wp-content\/uploads\/2021\/09\/Deck-Shima.002-min.jpeg\" class=\"vc_single_image-img attachment-full\" alt=\"olixir\" decoding=\"async\" loading=\"lazy\" srcset=\"https:\/\/www.swiss-altermed.ch\/wp-content\/uploads\/2021\/09\/Deck-Shima.002-min.jpeg 960w, https:\/\/www.swiss-altermed.ch\/wp-content\/uploads\/2021\/09\/Deck-Shima.002-min-300x169.jpeg 300w, https:\/\/www.swiss-altermed.ch\/wp-content\/uploads\/2021\/09\/Deck-Shima.002-min-768x432.jpeg 768w, https:\/\/www.swiss-altermed.ch\/wp-content\/uploads\/2021\/09\/Deck-Shima.002-min-16x9.jpeg 16w\" sizes=\"(max-width: 960px) 100vw, 960px\" \/><\/div>\n\t\t<\/figure>\n\t<\/div>\n\n\t<div  class=\"wpb_single_image wpb_content_element vc_align_center\">\n\t\t\n\t\t<figure class=\"wpb_wrapper vc_figure\">\n\t\t\t<div class=\"vc_single_image-wrapper   vc_box_border_grey\"><img width=\"960\" height=\"540\" src=\"https:\/\/www.swiss-altermed.ch\/wp-content\/uploads\/2021\/09\/Deck-Shima.003-min.jpeg\" class=\"vc_single_image-img attachment-full\" alt=\"olixir\" decoding=\"async\" loading=\"lazy\" srcset=\"https:\/\/www.swiss-altermed.ch\/wp-content\/uploads\/2021\/09\/Deck-Shima.003-min.jpeg 960w, https:\/\/www.swiss-altermed.ch\/wp-content\/uploads\/2021\/09\/Deck-Shima.003-min-300x169.jpeg 300w, https:\/\/www.swiss-altermed.ch\/wp-content\/uploads\/2021\/09\/Deck-Shima.003-min-768x432.jpeg 768w, https:\/\/www.swiss-altermed.ch\/wp-content\/uploads\/2021\/09\/Deck-Shima.003-min-16x9.jpeg 16w\" sizes=\"(max-width: 960px) 100vw, 960px\" \/><\/div>\n\t\t<\/figure>\n\t<\/div>\n\n\t<div  class=\"wpb_single_image wpb_content_element vc_align_center\">\n\t\t\n\t\t<figure class=\"wpb_wrapper vc_figure\">\n\t\t\t<div class=\"vc_single_image-wrapper   vc_box_border_grey\"><img width=\"960\" height=\"540\" src=\"https:\/\/www.swiss-altermed.ch\/wp-content\/uploads\/2021\/09\/Deck-Shima.004-min.jpeg\" class=\"vc_single_image-img attachment-full\" alt=\"olixir\" decoding=\"async\" loading=\"lazy\" srcset=\"https:\/\/www.swiss-altermed.ch\/wp-content\/uploads\/2021\/09\/Deck-Shima.004-min.jpeg 960w, https:\/\/www.swiss-altermed.ch\/wp-content\/uploads\/2021\/09\/Deck-Shima.004-min-300x169.jpeg 300w, https:\/\/www.swiss-altermed.ch\/wp-content\/uploads\/2021\/09\/Deck-Shima.004-min-768x432.jpeg 768w, https:\/\/www.swiss-altermed.ch\/wp-content\/uploads\/2021\/09\/Deck-Shima.004-min-16x9.jpeg 16w\" sizes=\"(max-width: 960px) 100vw, 960px\" \/><\/div>\n\t\t<\/figure>\n\t<\/div>\n<\/div><\/div><\/div><\/div><\/div>","protected":false},"excerpt":{"rendered":"Our superfood productsClick here to order \u00d3lixir\u00ae Huile d'olive vierge extra bio \u00e0 haute teneur de polyph\u00e9nols Opening \u00d3lixir\u00ae est l'huile d'olive vierge extra biologique que Sergio produit sur les terres de ses grand parents en Sicile, au pied du...","protected":false},"author":1,"featured_media":0,"parent":0,"menu_order":0,"comment_status":"closed","ping_status":"closed","template":"","meta":[],"yoast_head":"<!-- This site is optimized with the Yoast SEO plugin v20.7 - https:\/\/yoast.com\/wordpress\/plugins\/seo\/ -->\n<title>Superfoods - Swiss Alternative Medicine (SAM)<\/title>\n<meta name=\"robots\" content=\"index, follow, max-snippet:-1, max-image-preview:large, max-video-preview:-1\" \/>\n<link rel=\"canonical\" href=\"https:\/\/www.swiss-altermed.ch\/fr\/superfoods\/\" \/>\n<meta property=\"og:locale\" content=\"fr_FR\" \/>\n<meta property=\"og:type\" content=\"article\" \/>\n<meta property=\"og:title\" content=\"Superfoods - Swiss Alternative Medicine (SAM)\" \/>\n<meta property=\"og:url\" content=\"https:\/\/www.swiss-altermed.ch\/fr\/superfoods\/\" \/>\n<meta property=\"og:site_name\" content=\"Swiss Alternative Medicine (SAM)\" \/>\n<meta property=\"article:publisher\" content=\"https:\/\/www.facebook.com\/swiss.alternative.medicine\/\" \/>\n<meta property=\"article:modified_time\" content=\"2021-09-08T15:12:20+00:00\" \/>\n<meta property=\"og:image\" content=\"https:\/\/www.swiss-altermed.ch\/wp-content\/uploads\/2020\/06\/SAM_logo_01.jpg\" \/>\n\t<meta property=\"og:image:width\" content=\"591\" \/>\n\t<meta property=\"og:image:height\" content=\"591\" \/>\n\t<meta property=\"og:image:type\" content=\"image\/jpeg\" \/>\n<meta name=\"twitter:card\" content=\"summary_large_image\" \/>\n<meta name=\"twitter:label1\" content=\"Dur\u00e9e de lecture estim\u00e9e\" \/>\n\t<meta name=\"twitter:data1\" content=\"5 minutes\" \/>\n<script type=\"application\/ld+json\" class=\"yoast-schema-graph\">{\"@context\":\"https:\/\/schema.org\",\"@graph\":[{\"@type\":\"WebPage\",\"@id\":\"https:\/\/www.swiss-altermed.ch\/superfoods\/\",\"url\":\"https:\/\/www.swiss-altermed.ch\/superfoods\/\",\"name\":\"Superfoods - Swiss Alternative Medicine (SAM)\",\"isPartOf\":{\"@id\":\"https:\/\/www.swiss-altermed.ch\/en\/#website\"},\"datePublished\":\"2020-07-01T07:23:05+00:00\",\"dateModified\":\"2021-09-08T15:12:20+00:00\",\"breadcrumb\":{\"@id\":\"https:\/\/www.swiss-altermed.ch\/superfoods\/#breadcrumb\"},\"inLanguage\":\"fr-FR\",\"potentialAction\":[{\"@type\":\"ReadAction\",\"target\":[\"https:\/\/www.swiss-altermed.ch\/superfoods\/\"]}]},{\"@type\":\"BreadcrumbList\",\"@id\":\"https:\/\/www.swiss-altermed.ch\/superfoods\/#breadcrumb\",\"itemListElement\":[{\"@type\":\"ListItem\",\"position\":1,\"name\":\"Home\",\"item\":\"https:\/\/www.swiss-altermed.ch\/\"},{\"@type\":\"ListItem\",\"position\":2,\"name\":\"Superfoods\"}]},{\"@type\":\"WebSite\",\"@id\":\"https:\/\/www.swiss-altermed.ch\/en\/#website\",\"url\":\"https:\/\/www.swiss-altermed.ch\/en\/\",\"name\":\"Swiss Alternative Medicine (SAM)\",\"description\":\"For an ethical and sustainable global health &amp; a better life for all\",\"publisher\":{\"@id\":\"https:\/\/www.swiss-altermed.ch\/en\/#organization\"},\"potentialAction\":[{\"@type\":\"SearchAction\",\"target\":{\"@type\":\"EntryPoint\",\"urlTemplate\":\"https:\/\/www.swiss-altermed.ch\/en\/?s={search_term_string}\"},\"query-input\":\"required name=search_term_string\"}],\"inLanguage\":\"fr-FR\"},{\"@type\":\"Organization\",\"@id\":\"https:\/\/www.swiss-altermed.ch\/en\/#organization\",\"name\":\"Swiss Alternative Medicine (SAM)\",\"url\":\"https:\/\/www.swiss-altermed.ch\/en\/\",\"logo\":{\"@type\":\"ImageObject\",\"inLanguage\":\"fr-FR\",\"@id\":\"https:\/\/www.swiss-altermed.ch\/en\/#\/schema\/logo\/image\/\",\"url\":\"https:\/\/www.swiss-altermed.ch\/wp-content\/uploads\/2020\/06\/SAM_logo_01.jpg\",\"contentUrl\":\"https:\/\/www.swiss-altermed.ch\/wp-content\/uploads\/2020\/06\/SAM_logo_01.jpg\",\"width\":591,\"height\":591,\"caption\":\"Swiss Alternative Medicine (SAM)\"},\"image\":{\"@id\":\"https:\/\/www.swiss-altermed.ch\/en\/#\/schema\/logo\/image\/\"},\"sameAs\":[\"https:\/\/www.facebook.com\/swiss.alternative.medicine\/\"]}]}<\/script>\n<!-- \/ Yoast SEO plugin. -->","yoast_head_json":{"title":"Superfoods - Swiss Alternative Medicine (SAM)","robots":{"index":"index","follow":"follow","max-snippet":"max-snippet:-1","max-image-preview":"max-image-preview:large","max-video-preview":"max-video-preview:-1"},"canonical":"https:\/\/www.swiss-altermed.ch\/fr\/superfoods\/","og_locale":"fr_FR","og_type":"article","og_title":"Superfoods - Swiss Alternative Medicine (SAM)","og_url":"https:\/\/www.swiss-altermed.ch\/fr\/superfoods\/","og_site_name":"Swiss Alternative Medicine (SAM)","article_publisher":"https:\/\/www.facebook.com\/swiss.alternative.medicine\/","article_modified_time":"2021-09-08T15:12:20+00:00","og_image":[{"width":591,"height":591,"url":"https:\/\/www.swiss-altermed.ch\/wp-content\/uploads\/2020\/06\/SAM_logo_01.jpg","type":"image\/jpeg"}],"twitter_card":"summary_large_image","twitter_misc":{"Dur\u00e9e de lecture estim\u00e9e":"5 minutes"},"schema":{"@context":"https:\/\/schema.org","@graph":[{"@type":"WebPage","@id":"https:\/\/www.swiss-altermed.ch\/superfoods\/","url":"https:\/\/www.swiss-altermed.ch\/superfoods\/","name":"Superfoods - Swiss Alternative Medicine (SAM)","isPartOf":{"@id":"https:\/\/www.swiss-altermed.ch\/en\/#website"},"datePublished":"2020-07-01T07:23:05+00:00","dateModified":"2021-09-08T15:12:20+00:00","breadcrumb":{"@id":"https:\/\/www.swiss-altermed.ch\/superfoods\/#breadcrumb"},"inLanguage":"fr-FR","potentialAction":[{"@type":"ReadAction","target":["https:\/\/www.swiss-altermed.ch\/superfoods\/"]}]},{"@type":"BreadcrumbList","@id":"https:\/\/www.swiss-altermed.ch\/superfoods\/#breadcrumb","itemListElement":[{"@type":"ListItem","position":1,"name":"Home","item":"https:\/\/www.swiss-altermed.ch\/"},{"@type":"ListItem","position":2,"name":"Superfoods"}]},{"@type":"WebSite","@id":"https:\/\/www.swiss-altermed.ch\/en\/#website","url":"https:\/\/www.swiss-altermed.ch\/en\/","name":"Swiss Alternative Medicine (SAM)","description":"For an ethical and sustainable global health &amp; a better life for all","publisher":{"@id":"https:\/\/www.swiss-altermed.ch\/en\/#organization"},"potentialAction":[{"@type":"SearchAction","target":{"@type":"EntryPoint","urlTemplate":"https:\/\/www.swiss-altermed.ch\/en\/?s={search_term_string}"},"query-input":"required name=search_term_string"}],"inLanguage":"fr-FR"},{"@type":"Organization","@id":"https:\/\/www.swiss-altermed.ch\/en\/#organization","name":"Swiss Alternative Medicine (SAM)","url":"https:\/\/www.swiss-altermed.ch\/en\/","logo":{"@type":"ImageObject","inLanguage":"fr-FR","@id":"https:\/\/www.swiss-altermed.ch\/en\/#\/schema\/logo\/image\/","url":"https:\/\/www.swiss-altermed.ch\/wp-content\/uploads\/2020\/06\/SAM_logo_01.jpg","contentUrl":"https:\/\/www.swiss-altermed.ch\/wp-content\/uploads\/2020\/06\/SAM_logo_01.jpg","width":591,"height":591,"caption":"Swiss Alternative Medicine (SAM)"},"image":{"@id":"https:\/\/www.swiss-altermed.ch\/en\/#\/schema\/logo\/image\/"},"sameAs":["https:\/\/www.facebook.com\/swiss.alternative.medicine\/"]}]}},"_links":{"self":[{"href":"https:\/\/www.swiss-altermed.ch\/fr\/wp-json\/wp\/v2\/pages\/4164"}],"collection":[{"href":"https:\/\/www.swiss-altermed.ch\/fr\/wp-json\/wp\/v2\/pages"}],"about":[{"href":"https:\/\/www.swiss-altermed.ch\/fr\/wp-json\/wp\/v2\/types\/page"}],"author":[{"embeddable":true,"href":"https:\/\/www.swiss-altermed.ch\/fr\/wp-json\/wp\/v2\/users\/1"}],"replies":[{"embeddable":true,"href":"https:\/\/www.swiss-altermed.ch\/fr\/wp-json\/wp\/v2\/comments?post=4164"}],"version-history":[{"count":0,"href":"https:\/\/www.swiss-altermed.ch\/fr\/wp-json\/wp\/v2\/pages\/4164\/revisions"}],"wp:attachment":[{"href":"https:\/\/www.swiss-altermed.ch\/fr\/wp-json\/wp\/v2\/media?parent=4164"}],"curies":[{"name":"wp","href":"https:\/\/api.w.org\/{rel}","templated":true}]}}