{"id":3898,"date":"2020-06-22T13:28:40","date_gmt":"2020-06-22T13:28:40","guid":{"rendered":"https:\/\/sam.elipte.dev\/?page_id=3898"},"modified":"2021-12-16T15:51:43","modified_gmt":"2021-12-16T15:51:43","slug":"aevissa","status":"publish","type":"page","link":"https:\/\/www.swiss-altermed.ch\/fr\/aevissa\/","title":{"rendered":"Aevissa"},"content":{"rendered":"<div class=\"webique_vc_row_wrap webique_general_colors\"><div class=\"vc_row wpb_row vc_row-fluid vc_column-gap-30\"><div class=\"wpb_column vc_column_container vc_col-sm-12\"><div class=\"vc_column-inner\"><div class=\"wpb_wrapper\">\n\t<div  class=\"wpb_single_image wpb_content_element vc_align_center\">\n\t\t\n\t\t<figure class=\"wpb_wrapper vc_figure\">\n\t\t\t<div class=\"vc_single_image-wrapper   vc_box_border_grey\"><img width=\"300\" height=\"176\" src=\"https:\/\/www.swiss-altermed.ch\/wp-content\/uploads\/2020\/06\/aevissa-logo-min-300x176.png\" class=\"vc_single_image-img attachment-medium\" alt=\"logo aevissa\" decoding=\"async\" loading=\"lazy\" srcset=\"https:\/\/www.swiss-altermed.ch\/wp-content\/uploads\/2020\/06\/aevissa-logo-min-300x176.png 300w, https:\/\/www.swiss-altermed.ch\/wp-content\/uploads\/2020\/06\/aevissa-logo-min.png 360w\" sizes=\"(max-width: 300px) 100vw, 300px\" \/><\/div>\n\t\t<\/figure>\n\t<\/div>\n<div class=\"vc_empty_space\"   style=\"height: 70px\"><span class=\"vc_empty_space_inner\"><\/span><\/div><h2 style=\"text-align: left\" class=\"vc_custom_heading\" >Un cadeau de la nature \u00e0 votre service<\/h2><div class=\"vc_empty_space\"   style=\"height: 30px\"><span class=\"vc_empty_space_inner\"><\/span><\/div>\n\t<div class=\"wpb_text_column wpb_content_element\" >\n\t\t<div class=\"wpb_wrapper\">\n\t\t\t<p class=\"bodytext\">Aevissa est une marque de produits th\u00e9rapeutiques de Swiss Alternative Medicine pour une sant\u00e9 durable et une vie meilleure. Les produits Aevissa sont le fruit d'une r\u00e9flexion tr\u00e8s particuli\u00e8re et sont des pr\u00e9parations magistrales issues de d\u00e9marches innovantes et naturelles.<\/p>\n<p>La composition de nos produits s'inspire des enseignements traditionnels des anciens ma\u00eetres de la m\u00e9decine persane, comme l'ont \u00e9t\u00e9 Avicenne et Razi, et empreinte des toutes derni\u00e8res recherches et des progr\u00e8s de la m\u00e9decine moderne.<\/p>\n<p>La M\u00e9decine Traditionnelle Persane (MTP) s'int\u00e9resse essentiellement au bien-\u00eatre et \u00e0 la pr\u00e9vention des maladies. La MTP consid\u00e8re que le corps humain est compos\u00e9 de quatre cat\u00e9gories de qualit\u00e9 de base appel\u00e9es \u00abtemp\u00e9raments\u00bb (le chaud, le froid, le sec et l'humide). Selon la quantit\u00e9 de chaque temp\u00e9rament, le corps humain pr\u00e9sente une qualit\u00e9 dominante de l\u2019un ou plusieurs de ces quatre cat\u00e9gories.<\/p>\n\n\t\t<\/div>\n\t<\/div>\n\n\t<div  class=\"wpb_single_image wpb_content_element vc_align_center\">\n\t\t\n\t\t<figure class=\"wpb_wrapper vc_figure\">\n\t\t\t<div class=\"vc_single_image-wrapper vc_box_shadow_3d  vc_box_border_grey\"><img width=\"830\" height=\"448\" src=\"https:\/\/www.swiss-altermed.ch\/wp-content\/uploads\/2020\/07\/bol3-e1595332131760-1024x553.png\" class=\"vc_single_image-img attachment-large\" alt=\"Aevissa\" decoding=\"async\" loading=\"lazy\" srcset=\"https:\/\/www.swiss-altermed.ch\/wp-content\/uploads\/2020\/07\/bol3-e1595332131760-1024x553.png 1024w, https:\/\/www.swiss-altermed.ch\/wp-content\/uploads\/2020\/07\/bol3-e1595332131760-300x162.png 300w, https:\/\/www.swiss-altermed.ch\/wp-content\/uploads\/2020\/07\/bol3-e1595332131760-768x415.png 768w, https:\/\/www.swiss-altermed.ch\/wp-content\/uploads\/2020\/07\/bol3-e1595332131760-1536x829.png 1536w, https:\/\/www.swiss-altermed.ch\/wp-content\/uploads\/2020\/07\/bol3-e1595332131760.png 1778w\" sizes=\"(max-width: 830px) 100vw, 830px\" \/><\/div>\n\t\t<\/figure>\n\t<\/div>\n\n\t<div class=\"wpb_text_column wpb_content_element\" >\n\t\t<div class=\"wpb_wrapper\">\n\t\t\t<p>L'\u00e9quilibre entre ces cat\u00e9gories de temp\u00e9raments d\u00e9terminera nos \u00e9tats physiques et \u00e9motionnels. La modification quantitative ou qualitative de chaque temp\u00e9rament serait susceptible de causer d'importants troubles physiologiques et fonctionnels se manifestant par une maladie aigu\u00eb ou chronique.<\/p>\n<p class=\"bodytext\">Fid\u00e8les \u00e0 l\u2019approche holistique, \u00e9thique et durable de SAM en mati\u00e8re de sant\u00e9, les produits Aevissa visent particuli\u00e8rement \u00e0 r\u00e9tablir l\u2019\u00e9quilibre physique et \u00e9motionnel et le bien-\u00eatre de la personne tout en r\u00e9pondant \u00e0 nos besoins modernes . En choisissant les principes actifs naturels les plus purs et en appliquant de proc\u00e9dures de contr\u00f4le de qualit\u00e9 strictes et conformes aux normes suisses, notre groupe international d'experts m\u00e9dicaux et pharmaceutiques garantit la haute efficacit\u00e9 et une qualit\u00e9 unique de notre nouvelle marque.<\/p>\n\n\t\t<\/div>\n\t<\/div>\n<div class=\"vc_empty_space\"   style=\"height: 50px\"><span class=\"vc_empty_space_inner\"><\/span><\/div>\n\t<div class=\"wpb_video_widget wpb_content_element vc_clearfix   vc_video-aspect-ratio-169 vc_video-el-width-100 vc_video-align-center\" >\n\t\t<div class=\"wpb_wrapper\">\n\t\t\t\n\t\t\t<div class=\"wpb_video_wrapper\"><iframe title=\"AEVISSA - A gift from nature at your service\" width=\"830\" height=\"467\" src=\"https:\/\/www.youtube.com\/embed\/DiE9X0Xe4aw?feature=oembed\" frameborder=\"0\" allow=\"accelerometer; autoplay; encrypted-media; gyroscope; picture-in-picture\" allowfullscreen><\/iframe><\/div>\n\t\t<\/div>\n\t<\/div>\n<\/div><\/div><\/div><\/div><\/div>","protected":false},"excerpt":{"rendered":"A gift from nature at your service Aevissa is a brand name of Swiss Alternative Medicine\u2019s therapeutic products for sustainable health and a better life. Aevissa products are based on a unique art of compounding using innovative and natural solutions....","protected":false},"author":1,"featured_media":0,"parent":0,"menu_order":0,"comment_status":"closed","ping_status":"closed","template":"","meta":[],"yoast_head":"<!-- This site is optimized with the Yoast SEO plugin v20.7 - https:\/\/yoast.com\/wordpress\/plugins\/seo\/ -->\n<title>Aevissa - Swiss Alternative Medicine (SAM)<\/title>\n<meta name=\"robots\" content=\"index, follow, max-snippet:-1, max-image-preview:large, max-video-preview:-1\" \/>\n<link rel=\"canonical\" href=\"https:\/\/www.swiss-altermed.ch\/fr\/aevissa\/\" \/>\n<meta property=\"og:locale\" content=\"fr_FR\" \/>\n<meta property=\"og:type\" content=\"article\" \/>\n<meta property=\"og:title\" content=\"Aevissa - Swiss Alternative Medicine (SAM)\" \/>\n<meta property=\"og:url\" content=\"https:\/\/www.swiss-altermed.ch\/fr\/aevissa\/\" \/>\n<meta property=\"og:site_name\" content=\"Swiss Alternative Medicine (SAM)\" \/>\n<meta property=\"article:publisher\" content=\"https:\/\/www.facebook.com\/swiss.alternative.medicine\/\" \/>\n<meta property=\"article:modified_time\" content=\"2021-12-16T15:51:43+00:00\" \/>\n<meta property=\"og:image\" content=\"https:\/\/www.swiss-altermed.ch\/wp-content\/uploads\/2020\/06\/SAM_logo_01.jpg\" \/>\n\t<meta property=\"og:image:width\" content=\"591\" \/>\n\t<meta property=\"og:image:height\" content=\"591\" \/>\n\t<meta property=\"og:image:type\" content=\"image\/jpeg\" \/>\n<meta name=\"twitter:card\" content=\"summary_large_image\" \/>\n<meta name=\"twitter:label1\" content=\"Dur\u00e9e de lecture estim\u00e9e\" \/>\n\t<meta name=\"twitter:data1\" content=\"2 minutes\" \/>\n<script type=\"application\/ld+json\" class=\"yoast-schema-graph\">{\"@context\":\"https:\/\/schema.org\",\"@graph\":[{\"@type\":\"WebPage\",\"@id\":\"https:\/\/www.swiss-altermed.ch\/aevissa\/\",\"url\":\"https:\/\/www.swiss-altermed.ch\/aevissa\/\",\"name\":\"Aevissa - Swiss Alternative Medicine (SAM)\",\"isPartOf\":{\"@id\":\"https:\/\/www.swiss-altermed.ch\/en\/#website\"},\"datePublished\":\"2020-06-22T13:28:40+00:00\",\"dateModified\":\"2021-12-16T15:51:43+00:00\",\"breadcrumb\":{\"@id\":\"https:\/\/www.swiss-altermed.ch\/aevissa\/#breadcrumb\"},\"inLanguage\":\"fr-FR\",\"potentialAction\":[{\"@type\":\"ReadAction\",\"target\":[\"https:\/\/www.swiss-altermed.ch\/aevissa\/\"]}]},{\"@type\":\"BreadcrumbList\",\"@id\":\"https:\/\/www.swiss-altermed.ch\/aevissa\/#breadcrumb\",\"itemListElement\":[{\"@type\":\"ListItem\",\"position\":1,\"name\":\"Home\",\"item\":\"https:\/\/www.swiss-altermed.ch\/\"},{\"@type\":\"ListItem\",\"position\":2,\"name\":\"Aevissa\"}]},{\"@type\":\"WebSite\",\"@id\":\"https:\/\/www.swiss-altermed.ch\/en\/#website\",\"url\":\"https:\/\/www.swiss-altermed.ch\/en\/\",\"name\":\"Swiss Alternative Medicine (SAM)\",\"description\":\"For an ethical and sustainable global health &amp; a better life for all\",\"publisher\":{\"@id\":\"https:\/\/www.swiss-altermed.ch\/en\/#organization\"},\"potentialAction\":[{\"@type\":\"SearchAction\",\"target\":{\"@type\":\"EntryPoint\",\"urlTemplate\":\"https:\/\/www.swiss-altermed.ch\/en\/?s={search_term_string}\"},\"query-input\":\"required name=search_term_string\"}],\"inLanguage\":\"fr-FR\"},{\"@type\":\"Organization\",\"@id\":\"https:\/\/www.swiss-altermed.ch\/en\/#organization\",\"name\":\"Swiss Alternative Medicine (SAM)\",\"url\":\"https:\/\/www.swiss-altermed.ch\/en\/\",\"logo\":{\"@type\":\"ImageObject\",\"inLanguage\":\"fr-FR\",\"@id\":\"https:\/\/www.swiss-altermed.ch\/en\/#\/schema\/logo\/image\/\",\"url\":\"https:\/\/www.swiss-altermed.ch\/wp-content\/uploads\/2020\/06\/SAM_logo_01.jpg\",\"contentUrl\":\"https:\/\/www.swiss-altermed.ch\/wp-content\/uploads\/2020\/06\/SAM_logo_01.jpg\",\"width\":591,\"height\":591,\"caption\":\"Swiss Alternative Medicine (SAM)\"},\"image\":{\"@id\":\"https:\/\/www.swiss-altermed.ch\/en\/#\/schema\/logo\/image\/\"},\"sameAs\":[\"https:\/\/www.facebook.com\/swiss.alternative.medicine\/\"]}]}<\/script>\n<!-- \/ Yoast SEO plugin. -->","yoast_head_json":{"title":"Aevissa - Swiss Alternative Medicine (SAM)","robots":{"index":"index","follow":"follow","max-snippet":"max-snippet:-1","max-image-preview":"max-image-preview:large","max-video-preview":"max-video-preview:-1"},"canonical":"https:\/\/www.swiss-altermed.ch\/fr\/aevissa\/","og_locale":"fr_FR","og_type":"article","og_title":"Aevissa - Swiss Alternative Medicine (SAM)","og_url":"https:\/\/www.swiss-altermed.ch\/fr\/aevissa\/","og_site_name":"Swiss Alternative Medicine (SAM)","article_publisher":"https:\/\/www.facebook.com\/swiss.alternative.medicine\/","article_modified_time":"2021-12-16T15:51:43+00:00","og_image":[{"width":591,"height":591,"url":"https:\/\/www.swiss-altermed.ch\/wp-content\/uploads\/2020\/06\/SAM_logo_01.jpg","type":"image\/jpeg"}],"twitter_card":"summary_large_image","twitter_misc":{"Dur\u00e9e de lecture estim\u00e9e":"2 minutes"},"schema":{"@context":"https:\/\/schema.org","@graph":[{"@type":"WebPage","@id":"https:\/\/www.swiss-altermed.ch\/aevissa\/","url":"https:\/\/www.swiss-altermed.ch\/aevissa\/","name":"Aevissa - Swiss Alternative Medicine (SAM)","isPartOf":{"@id":"https:\/\/www.swiss-altermed.ch\/en\/#website"},"datePublished":"2020-06-22T13:28:40+00:00","dateModified":"2021-12-16T15:51:43+00:00","breadcrumb":{"@id":"https:\/\/www.swiss-altermed.ch\/aevissa\/#breadcrumb"},"inLanguage":"fr-FR","potentialAction":[{"@type":"ReadAction","target":["https:\/\/www.swiss-altermed.ch\/aevissa\/"]}]},{"@type":"BreadcrumbList","@id":"https:\/\/www.swiss-altermed.ch\/aevissa\/#breadcrumb","itemListElement":[{"@type":"ListItem","position":1,"name":"Home","item":"https:\/\/www.swiss-altermed.ch\/"},{"@type":"ListItem","position":2,"name":"Aevissa"}]},{"@type":"WebSite","@id":"https:\/\/www.swiss-altermed.ch\/en\/#website","url":"https:\/\/www.swiss-altermed.ch\/en\/","name":"Swiss Alternative Medicine (SAM)","description":"For an ethical and sustainable global health &amp; a better life for all","publisher":{"@id":"https:\/\/www.swiss-altermed.ch\/en\/#organization"},"potentialAction":[{"@type":"SearchAction","target":{"@type":"EntryPoint","urlTemplate":"https:\/\/www.swiss-altermed.ch\/en\/?s={search_term_string}"},"query-input":"required name=search_term_string"}],"inLanguage":"fr-FR"},{"@type":"Organization","@id":"https:\/\/www.swiss-altermed.ch\/en\/#organization","name":"Swiss Alternative Medicine (SAM)","url":"https:\/\/www.swiss-altermed.ch\/en\/","logo":{"@type":"ImageObject","inLanguage":"fr-FR","@id":"https:\/\/www.swiss-altermed.ch\/en\/#\/schema\/logo\/image\/","url":"https:\/\/www.swiss-altermed.ch\/wp-content\/uploads\/2020\/06\/SAM_logo_01.jpg","contentUrl":"https:\/\/www.swiss-altermed.ch\/wp-content\/uploads\/2020\/06\/SAM_logo_01.jpg","width":591,"height":591,"caption":"Swiss Alternative Medicine (SAM)"},"image":{"@id":"https:\/\/www.swiss-altermed.ch\/en\/#\/schema\/logo\/image\/"},"sameAs":["https:\/\/www.facebook.com\/swiss.alternative.medicine\/"]}]}},"_links":{"self":[{"href":"https:\/\/www.swiss-altermed.ch\/fr\/wp-json\/wp\/v2\/pages\/3898"}],"collection":[{"href":"https:\/\/www.swiss-altermed.ch\/fr\/wp-json\/wp\/v2\/pages"}],"about":[{"href":"https:\/\/www.swiss-altermed.ch\/fr\/wp-json\/wp\/v2\/types\/page"}],"author":[{"embeddable":true,"href":"https:\/\/www.swiss-altermed.ch\/fr\/wp-json\/wp\/v2\/users\/1"}],"replies":[{"embeddable":true,"href":"https:\/\/www.swiss-altermed.ch\/fr\/wp-json\/wp\/v2\/comments?post=3898"}],"version-history":[{"count":0,"href":"https:\/\/www.swiss-altermed.ch\/fr\/wp-json\/wp\/v2\/pages\/3898\/revisions"}],"wp:attachment":[{"href":"https:\/\/www.swiss-altermed.ch\/fr\/wp-json\/wp\/v2\/media?parent=3898"}],"curies":[{"name":"wp","href":"https:\/\/api.w.org\/{rel}","templated":true}]}}