{"id":3891,"date":"2020-06-22T13:27:40","date_gmt":"2020-06-22T13:27:40","guid":{"rendered":"https:\/\/sam.elipte.dev\/?page_id=3891"},"modified":"2023-05-16T16:11:19","modified_gmt":"2023-05-16T16:11:19","slug":"e-commerce","status":"publish","type":"page","link":"https:\/\/www.swiss-altermed.ch\/fr\/e-commerce\/","title":{"rendered":"E-Commerce"},"content":{"rendered":"<div class=\"webique_vc_row_wrap webique_general_colors\"><div data-vc-full-width=\"true\" data-vc-full-width-init=\"false\" class=\"vc_row wpb_row vc_row-fluid vc_custom_1593790355476 vc_row-has-fill\"><div class=\"wpb_column vc_column_container vc_col-sm-12\"><div class=\"vc_column-inner\"><div class=\"wpb_wrapper\"><h2 style=\"text-align: left\" class=\"vc_custom_heading\" >Commander en ligne<\/h2>\n\t<div class=\"wpb_text_column wpb_content_element\" >\n\t\t<div class=\"wpb_wrapper\">\n\t\t\t<p style=\"text-align: left;\">En attendant la venue prochaine de notre espace e-commerce, vous pouvez nous faire parvenir vos commandes directement par e-mail ou t\u00e9l\u00e9phone :<\/p>\n\n\t\t<\/div>\n\t<\/div>\n<div class=\"vc_row wpb_row vc_inner vc_row-fluid vc_custom_1547244874541 vc_row-has-fill\"><div class=\"wpb_column vc_column_container vc_col-sm-3\/5\"><div class=\"vc_column-inner\"><div class=\"wpb_wrapper\">\n<div class=\"wpcf7 no-js\" id=\"wpcf7-f4203-o1\" lang=\"en-US\" dir=\"ltr\">\n<div class=\"screen-reader-response\"><p role=\"status\" aria-live=\"polite\" aria-atomic=\"true\"><\/p> <ul><\/ul><\/div>\n<form action=\"\/fr\/wp-json\/wp\/v2\/pages\/3891#wpcf7-f4203-o1\" method=\"post\" class=\"wpcf7-form init\" aria-label=\"Contact form\" novalidate=\"novalidate\" data-status=\"init\" data-trp-original-action=\"\/fr\/wp-json\/wp\/v2\/pages\/3891#wpcf7-f4203-o1\">\n<div style=\"display: none;\">\n<input type=\"hidden\" name=\"_wpcf7\" value=\"4203\" \/>\n<input type=\"hidden\" name=\"_wpcf7_version\" value=\"5.7.6\" \/>\n<input type=\"hidden\" name=\"_wpcf7_locale\" value=\"en_US\" \/>\n<input type=\"hidden\" name=\"_wpcf7_unit_tag\" value=\"wpcf7-f4203-o1\" \/>\n<input type=\"hidden\" name=\"_wpcf7_container_post\" value=\"0\" \/>\n<input type=\"hidden\" name=\"_wpcf7_posted_data_hash\" value=\"\" \/>\n<\/div>\n<div class=\"vc_row\" style=\"background: none;\">\n\t<div class=\"wpb_column vc_column_container vc_col-sm-6 vc_col-lg-6 vc_col-md-6 vc_col-xs-12\">\n\t\t<div class=\"vc_column-inner\">\n\t\t\t<h6 style=\"margin-bottom: 7px\">Nom *\n\t\t\t<\/h6>\n\t\t\t<p><span class=\"wpcf7-form-control-wrap\" data-name=\"your-firstname\"><input size=\"40\" class=\"wpcf7-form-control wpcf7-text wpcf7-validates-as-required\" aria-required=\"true\" aria-invalid=\"false\" value=\"\" type=\"text\" name=\"your-firstname\" \/><\/span>\n\t\t\t<\/p>\n\t\t\t<p><span id=\"wpcf7-69d2a5a66c215-wrapper\" class=\"wpcf7-form-control-wrap your-lastname-wrap\" ><label for=\"wpcf7-69d2a5a66c215-field\" class=\"hp-message\">Veuillez laisser ce champ vide.<\/label><input id=\"wpcf7-69d2a5a66c215-field\"  class=\"wpcf7-form-control wpcf7-text\" type=\"text\" name=\"your-lastname\" value=\"\" size=\"40\" tabindex=\"-1\" autocomplete=\"off\" \/><\/span>\n\t\t\t<\/p>\n\t\t<\/div>\n\t<\/div>\n\t<div class=\"wpb_column vc_column_container vc_col-sm-6 vc_col-lg-6 vc_col-md-6 vc_col-xs-12\">\n\t\t<div class=\"vc_column-inner\">\n\t\t\t<h6 style=\"margin-bottom: 7px\">Nom *\n\t\t\t<\/h6>\n\t\t\t<p><span class=\"wpcf7-form-control-wrap\" data-name=\"your-surname\"><input size=\"40\" class=\"wpcf7-form-control wpcf7-text wpcf7-validates-as-required\" aria-required=\"true\" aria-invalid=\"false\" value=\"\" type=\"text\" name=\"your-surname\" \/><\/span>\n\t\t\t<\/p>\n\t\t<\/div>\n\t<\/div>\n\t<div class=\"wpb_column vc_column_container vc_col-sm-6 vc_col-lg-6 vc_col-md-6 vc_col-xs-12\">\n\t\t<div class=\"vc_column-inner\">\n\t\t\t<h6 style=\"margin-bottom: 7px\">T\u00e9l\u00e9phone *\n\t\t\t<\/h6>\n\t\t\t<p><span class=\"wpcf7-form-control-wrap\" data-name=\"your-phone\"><input size=\"40\" class=\"wpcf7-form-control wpcf7-text wpcf7-validates-as-required\" aria-required=\"true\" aria-invalid=\"false\" value=\"\" type=\"text\" name=\"your-phone\" \/><\/span>\n\t\t\t<\/p>\n\t\t<\/div>\n\t<\/div>\n\t<div class=\"wpb_column vc_column_container vc_col-sm-6 vc_col-lg-6 vc_col-md-6 vc_col-xs-12\">\n\t\t<div class=\"vc_column-inner\">\n\t\t\t<h6 style=\"margin-bottom: 7px\">Email *\n\t\t\t<\/h6>\n\t\t\t<p><span class=\"wpcf7-form-control-wrap\" data-name=\"your-email\"><input size=\"40\" class=\"wpcf7-form-control wpcf7-text wpcf7-email wpcf7-validates-as-required wpcf7-validates-as-email\" aria-required=\"true\" aria-invalid=\"false\" value=\"\" type=\"email\" name=\"your-email\" \/><\/span>\n\t\t\t<\/p>\n\t\t<\/div>\n\t<\/div>\n\t<div class=\"wpb_column vc_column_container vc_col-sm-12 vc_col-lg-12 vc_col-md-12 vc_col-xs-12\">\n\t\t<div class=\"vc_column-inner\">\n\t\t\t<h6 style=\"margin-bottom: 7px\"> Adresse *\n\t\t\t<\/h6>\n\t\t\t<p><span class=\"wpcf7-form-control-wrap\" data-name=\"your-address\"><input size=\"40\" class=\"wpcf7-form-control wpcf7-text wpcf7-validates-as-required\" aria-required=\"true\" aria-invalid=\"false\" value=\"\" type=\"text\" name=\"your-address\" \/><\/span>\n\t\t\t<\/p>\n\t\t<\/div>\n\t<\/div>\n\t<div class=\"wpb_column vc_column_container vc_col-sm-6 vc_col-lg-6 vc_col-md-6 vc_col-xs-12\">\n\t\t<div class=\"vc_column-inner\">\n\t\t\t<h6 style=\"margin-bottom: 7px\">Code postal *\n\t\t\t<\/h6>\n\t\t\t<p><span class=\"wpcf7-form-control-wrap\" data-name=\"your-zip\"><input size=\"40\" class=\"wpcf7-form-control wpcf7-text wpcf7-validates-as-required\" aria-required=\"true\" aria-invalid=\"false\" value=\"\" type=\"text\" name=\"your-zip\" \/><\/span>\n\t\t\t<\/p>\n\t\t<\/div>\n\t<\/div>\n\t<div class=\"wpb_column vc_column_container vc_col-sm-6 vc_col-lg-6 vc_col-md-6 vc_col-xs-12\">\n\t\t<div class=\"vc_column-inner\">\n\t\t\t<h6 style=\"margin-bottom: 7px\"> Ville *\n\t\t\t<\/h6>\n\t\t\t<p><span class=\"wpcf7-form-control-wrap\" data-name=\"your-city\"><input size=\"40\" class=\"wpcf7-form-control wpcf7-text wpcf7-validates-as-required\" aria-required=\"true\" aria-invalid=\"false\" value=\"\" type=\"text\" name=\"your-city\" \/><\/span>\n\t\t\t<\/p>\n\t\t<\/div>\n\t<\/div>\n\t<div class=\"wpb_column vc_column_container vc_col-sm-6 vc_col-lg-6 vc_col-md-6 vc_col-xs-12\">\n\t\t<div class=\"vc_column-inner\">\n\t\t\t<h6 style=\"margin-bottom: 7px\"> R\u00e9gion *\n\t\t\t<\/h6>\n\t\t\t<p><span class=\"wpcf7-form-control-wrap\" data-name=\"your-region\"><input size=\"40\" class=\"wpcf7-form-control wpcf7-text wpcf7-validates-as-required\" aria-required=\"true\" aria-invalid=\"false\" value=\"\" type=\"text\" name=\"your-region\" \/><\/span>\n\t\t\t<\/p>\n\t\t<\/div>\n\t<\/div>\n\t<div class=\"wpb_column vc_column_container vc_col-sm-6 vc_col-lg-6 vc_col-md-6 vc_col-xs-12\">\n\t\t<div class=\"vc_column-inner\">\n\t\t\t<h6 style=\"margin-bottom: 7px\">Pays *\n\t\t\t<\/h6>\n\t\t\t<p><span class=\"wpcf7-form-control-wrap\" data-name=\"your-country\"><input size=\"40\" class=\"wpcf7-form-control wpcf7-text wpcf7-validates-as-required\" aria-required=\"true\" aria-invalid=\"false\" value=\"\" type=\"text\" name=\"your-country\" \/><\/span>\n\t\t\t<\/p>\n\t\t<\/div>\n\t<\/div>\n<\/div>\n<p><span class=\"wpcf7-form-control-wrap\" data-name=\"professional\"><span class=\"wpcf7-form-control wpcf7-checkbox\"><span class=\"wpcf7-list-item first last\"><label><input type=\"checkbox\" name=\"professional[]\" value=\"Professional?\" \/><span class=\"wpcf7-list-item-label\">Professional?<\/span><\/label><\/span><\/span><\/span>\n<\/p>\n<div class=\"vc_row\" style=\"background: none;\">\n\t<div class=\"wpb_column vc_column_container vc_col-sm-12 vc_col-lg-12 vc_col-md-12 vc_col-xs-12\">\n\t\t<div class=\"vc_column-inner\">\n\t\t\t<h6 style=\"margin-bottom: 7px\">Message\n\t\t\t<\/h6>\n\t\t\t<p><span class=\"wpcf7-form-control-wrap\" data-name=\"your-comment\"><textarea cols=\"40\" rows=\"10\" class=\"wpcf7-form-control wpcf7-textarea\" aria-invalid=\"false\" name=\"your-comment\"><\/textarea><\/span>\n\t\t\t<\/p>\n\t\t\t<p><input class=\"wpcf7-form-control has-spinner wpcf7-submit\" type=\"submit\" value=\"Envoyer\" \/>\n\t\t\t<\/p>\n\t\t<\/div>\n\t<\/div>\n<\/div><div class=\"wpcf7-response-output\" aria-hidden=\"true\"><\/div>\n<input type=\"hidden\" name=\"trp-form-language\" value=\"fr\"\/><\/form>\n<\/div>\n<\/div><\/div><\/div><div class=\"wpb_column vc_column_container vc_col-sm-4 vc_col-lg-offset-1 vc_col-lg-3\"><div class=\"vc_column-inner\"><div class=\"wpb_wrapper\"><h4 style=\"text-align: left\" class=\"vc_custom_heading vc_custom_1592841945593\" >Swiss Alternative Medicine (SAM)<\/h4>\n\t<div class=\"wpb_text_column wpb_content_element  vc_custom_1684253470078\" >\n\t\t<div class=\"wpb_wrapper\">\n\t\t\t<p>Avenue de Miremont 26,<br \/>\nCH \u2013 1206 Gen\u00e8ve<\/p>\n<p><a href=\"tel: 41 (0)78 828 51 61\">+41 (0)78 828 51 61<\/a><br \/>\n<a href=\"mailto:info@swiss-altermed.ch\">info@swiss-altermed.ch<\/a><\/p>\n\n\t\t<\/div>\n\t<\/div>\n<div class=\"vc_separator wpb_content_element vc_separator_align_center vc_sep_width_100 vc_sep_dotted vc_sep_pos_align_center vc_separator_no_text vc_custom_1547911613628  vc_custom_1547911613628\" ><span class=\"vc_sep_holder vc_sep_holder_l\"><span  style=\"border-color:rgb(10,10,10);border-color:rgba(10,10,10,0.25);\" class=\"vc_sep_line\"><\/span><\/span><span class=\"vc_sep_holder vc_sep_holder_r\"><span  style=\"border-color:rgb(10,10,10);border-color:rgba(10,10,10,0.25);\" class=\"vc_sep_line\"><\/span><\/span>\n<\/div><h4 style=\"text-align: left\" class=\"vc_custom_heading\" >Heures d'ouverture<\/h4>\n\t<div class=\"wpb_text_column wpb_content_element\" >\n\t\t<div class=\"wpb_wrapper\">\n\t\t\t<p>Lundi - Vendredi 09:00 - 18:00<\/p>\n<p>Samedi - Dimanche Ferm\u00e9<\/p>\n\n\t\t<\/div>\n\t<\/div>\n<div class=\"vc_separator wpb_content_element vc_separator_align_center vc_sep_width_100 vc_sep_dotted vc_sep_pos_align_center vc_separator_no_text vc_custom_1547911620532  vc_custom_1547911620532\" ><span class=\"vc_sep_holder vc_sep_holder_l\"><span  style=\"border-color:rgb(10,10,10);border-color:rgba(10,10,10,0.25);\" class=\"vc_sep_line\"><\/span><\/span><span class=\"vc_sep_holder vc_sep_holder_r\"><span  style=\"border-color:rgb(10,10,10);border-color:rgba(10,10,10,0.25);\" class=\"vc_sep_line\"><\/span><\/span>\n<\/div><h4 style=\"text-align: left\" class=\"vc_custom_heading\" >Coordonn\u00e9es bancaires<\/h4>\n\t<div class=\"wpb_text_column wpb_content_element\" >\n\t\t<div class=\"wpb_wrapper\">\n\t\t\t<p class=\"p2\"><strong><span class=\"s1\">Nom du Compte:<\/span><\/strong><br \/>\nSwiss Alternative Medicine,<br \/>\nAvenue de Miremont 26,<br \/>\nCH \u2013 1206 Gen\u00e8ve<\/p>\n<p class=\"p2\"><strong>Banque du b\u00e9n\u00e9ficiaire:<\/strong><br \/>\nRaiffeisen Bank<\/p>\n<p><strong>IBAN:<\/strong><br \/>\nCH29 8018 7000 0259 6057 5<\/p>\n<p><strong>BIC\/SWIFT:<\/strong><br \/>\nRAIFCH22187<\/p>\n\n\t\t<\/div>\n\t<\/div>\n<\/div><\/div><\/div><\/div><\/div><\/div><\/div><\/div><\/div><div class=\"vc_row-full-width vc_clearfix\"><\/div><div class=\"webique_vc_row_wrap webique_general_colors\"><div data-vc-full-width=\"true\" data-vc-full-width-init=\"false\" class=\"vc_row wpb_row vc_row-fluid vc_custom_1593790376700 vc_row-has-fill\"><div class=\"wpb_column vc_column_container vc_col-sm-8 vc_col-md-offset-3 vc_col-md-6 vc_col-sm-offset-2 vc_col-xs-12\"><div class=\"vc_column-inner\"><div class=\"wpb_wrapper\"><h2 style=\"font-size: 42px;line-height: 60px;text-align: center\" class=\"vc_custom_heading vc_custom_1593176319046\" >Vous avez des questions ?<\/h2><h3 style=\"font-size: 21px;line-height: 36px;text-align: center;font-family:Scope One;font-weight:400;font-style:normal\" class=\"vc_custom_heading vc_custom_1547911178706\" >N'h\u00e9sitez pas \u00e0 poser toute question dans le formulaire ci-dessous et nous vous contacterons pour clarifier les d\u00e9tails.<\/h3>\n<div class=\"wpcf7 no-js\" id=\"wpcf7-f1557-o2\" lang=\"en-US\" dir=\"ltr\">\n<div class=\"screen-reader-response\"><p role=\"status\" aria-live=\"polite\" aria-atomic=\"true\"><\/p> <ul><\/ul><\/div>\n<form action=\"\/fr\/wp-json\/wp\/v2\/pages\/3891#wpcf7-f1557-o2\" method=\"post\" class=\"wpcf7-form init\" aria-label=\"Contact form\" novalidate=\"novalidate\" data-status=\"init\" data-trp-original-action=\"\/fr\/wp-json\/wp\/v2\/pages\/3891#wpcf7-f1557-o2\">\n<div style=\"display: none;\">\n<input type=\"hidden\" name=\"_wpcf7\" value=\"1557\" \/>\n<input type=\"hidden\" name=\"_wpcf7_version\" value=\"5.7.6\" \/>\n<input type=\"hidden\" name=\"_wpcf7_locale\" value=\"en_US\" \/>\n<input type=\"hidden\" name=\"_wpcf7_unit_tag\" value=\"wpcf7-f1557-o2\" \/>\n<input type=\"hidden\" name=\"_wpcf7_container_post\" value=\"0\" \/>\n<input type=\"hidden\" name=\"_wpcf7_posted_data_hash\" value=\"\" \/>\n<\/div>\n<div class=\"vc_row\" style=\"background: none;\">\n\t<div class=\"wpb_column vc_column_container vc_col-sm-6 vc_col-lg-6 vc_col-md-6 vc_col-xs-12\">\n\t\t<div class=\"vc_column-inner\">\n\t\t\t<h6 style=\"margin-bottom: 7px\">Nom *\n\t\t\t<\/h6>\n\t\t\t<p><span class=\"wpcf7-form-control-wrap\" data-name=\"your-name\"><input size=\"40\" class=\"wpcf7-form-control wpcf7-text wpcf7-validates-as-required\" aria-required=\"true\" aria-invalid=\"false\" value=\"\" type=\"text\" name=\"your-name\" \/><\/span>\n\t\t\t<\/p>\n\t\t\t<p><span id=\"wpcf7-69d2a5a672b51-wrapper\" class=\"wpcf7-form-control-wrap your-lastname-wrap\" ><label for=\"wpcf7-69d2a5a672b51-field\" class=\"hp-message\">Veuillez laisser ce champ vide.<\/label><input id=\"wpcf7-69d2a5a672b51-field\"  class=\"wpcf7-form-control wpcf7-text\" type=\"text\" name=\"your-lastname\" value=\"\" size=\"40\" tabindex=\"-1\" autocomplete=\"off\" \/><\/span>\n\t\t\t<\/p>\n\t\t<\/div>\n\t<\/div>\n\t<div class=\"wpb_column vc_column_container vc_col-sm-6 vc_col-lg-6 vc_col-md-6 vc_col-xs-12\">\n\t\t<div class=\"vc_column-inner\">\n\t\t\t<h6 style=\"margin-bottom: 7px\">Email*\n\t\t\t<\/h6>\n\t\t\t<p><span class=\"wpcf7-form-control-wrap\" data-name=\"your-email\"><input size=\"40\" class=\"wpcf7-form-control wpcf7-text wpcf7-email wpcf7-validates-as-required wpcf7-validates-as-email\" aria-required=\"true\" aria-invalid=\"false\" value=\"\" type=\"email\" name=\"your-email\" \/><\/span>\n\t\t\t<\/p>\n\t\t<\/div>\n\t<\/div>\n<\/div>\n<div class=\"vc_row\" style=\"background: none;\">\n\t<div class=\"wpb_column vc_column_container vc_col-sm-12 vc_col-lg-12 vc_col-md-12 vc_col-xs-12\">\n\t\t<div class=\"vc_column-inner\">\n\t\t\t<h6 style=\"margin-bottom: 7px\">Votre question\n\t\t\t<\/h6>\n\t\t\t<p><span class=\"wpcf7-form-control-wrap\" data-name=\"your-message\"><textarea cols=\"40\" rows=\"10\" class=\"wpcf7-form-control wpcf7-textarea\" aria-invalid=\"false\" name=\"your-message\"><\/textarea><\/span>\n\t\t\t<\/p>\n\t\t\t<p><input class=\"wpcf7-form-control has-spinner wpcf7-submit\" type=\"submit\" value=\"Envoyer\" \/>\n\t\t\t<\/p>\n\t\t<\/div>\n\t<\/div>\n<\/div><div class=\"wpcf7-response-output\" aria-hidden=\"true\"><\/div>\n<input type=\"hidden\" name=\"trp-form-language\" value=\"fr\"\/><\/form>\n<\/div>\n<\/div><\/div><\/div><\/div><\/div><div class=\"vc_row-full-width vc_clearfix\"><\/div>","protected":false},"excerpt":{"rendered":"Order Online While we are building our forthcoming e-shop you can send your orders directly by email or phone or fill out the contact form below. Name * Veuillez laisser ce champ vide. Surname * Phone * Email * Address...","protected":false},"author":1,"featured_media":0,"parent":0,"menu_order":0,"comment_status":"closed","ping_status":"closed","template":"","meta":[],"yoast_head":"<!-- This site is optimized with the Yoast SEO plugin v20.7 - https:\/\/yoast.com\/wordpress\/plugins\/seo\/ -->\n<title>E-Commerce - Swiss Alternative Medicine (SAM)<\/title>\n<meta name=\"robots\" content=\"index, follow, max-snippet:-1, max-image-preview:large, max-video-preview:-1\" \/>\n<link rel=\"canonical\" href=\"https:\/\/www.swiss-altermed.ch\/fr\/e-commerce\/\" \/>\n<meta property=\"og:locale\" content=\"fr_FR\" \/>\n<meta property=\"og:type\" content=\"article\" \/>\n<meta property=\"og:title\" content=\"E-Commerce - Swiss Alternative Medicine (SAM)\" \/>\n<meta property=\"og:url\" content=\"https:\/\/www.swiss-altermed.ch\/fr\/e-commerce\/\" \/>\n<meta property=\"og:site_name\" content=\"Swiss Alternative Medicine (SAM)\" \/>\n<meta property=\"article:publisher\" content=\"https:\/\/www.facebook.com\/swiss.alternative.medicine\/\" \/>\n<meta property=\"article:modified_time\" content=\"2023-05-16T16:11:19+00:00\" \/>\n<meta property=\"og:image\" content=\"https:\/\/www.swiss-altermed.ch\/wp-content\/uploads\/2020\/06\/SAM_logo_01.jpg\" \/>\n\t<meta property=\"og:image:width\" content=\"591\" \/>\n\t<meta property=\"og:image:height\" content=\"591\" \/>\n\t<meta property=\"og:image:type\" content=\"image\/jpeg\" \/>\n<meta name=\"twitter:card\" content=\"summary_large_image\" \/>\n<meta name=\"twitter:label1\" content=\"Dur\u00e9e de lecture estim\u00e9e\" \/>\n\t<meta name=\"twitter:data1\" content=\"1 minute\" \/>\n<script type=\"application\/ld+json\" class=\"yoast-schema-graph\">{\"@context\":\"https:\/\/schema.org\",\"@graph\":[{\"@type\":\"WebPage\",\"@id\":\"https:\/\/www.swiss-altermed.ch\/e-commerce\/\",\"url\":\"https:\/\/www.swiss-altermed.ch\/e-commerce\/\",\"name\":\"E-Commerce - Swiss Alternative Medicine (SAM)\",\"isPartOf\":{\"@id\":\"https:\/\/www.swiss-altermed.ch\/en\/#website\"},\"datePublished\":\"2020-06-22T13:27:40+00:00\",\"dateModified\":\"2023-05-16T16:11:19+00:00\",\"breadcrumb\":{\"@id\":\"https:\/\/www.swiss-altermed.ch\/e-commerce\/#breadcrumb\"},\"inLanguage\":\"fr-FR\",\"potentialAction\":[{\"@type\":\"ReadAction\",\"target\":[\"https:\/\/www.swiss-altermed.ch\/e-commerce\/\"]}]},{\"@type\":\"BreadcrumbList\",\"@id\":\"https:\/\/www.swiss-altermed.ch\/e-commerce\/#breadcrumb\",\"itemListElement\":[{\"@type\":\"ListItem\",\"position\":1,\"name\":\"Home\",\"item\":\"https:\/\/www.swiss-altermed.ch\/\"},{\"@type\":\"ListItem\",\"position\":2,\"name\":\"E-Commerce\"}]},{\"@type\":\"WebSite\",\"@id\":\"https:\/\/www.swiss-altermed.ch\/en\/#website\",\"url\":\"https:\/\/www.swiss-altermed.ch\/en\/\",\"name\":\"Swiss Alternative Medicine (SAM)\",\"description\":\"For an ethical and sustainable global health &amp; a better life for all\",\"publisher\":{\"@id\":\"https:\/\/www.swiss-altermed.ch\/en\/#organization\"},\"potentialAction\":[{\"@type\":\"SearchAction\",\"target\":{\"@type\":\"EntryPoint\",\"urlTemplate\":\"https:\/\/www.swiss-altermed.ch\/en\/?s={search_term_string}\"},\"query-input\":\"required name=search_term_string\"}],\"inLanguage\":\"fr-FR\"},{\"@type\":\"Organization\",\"@id\":\"https:\/\/www.swiss-altermed.ch\/en\/#organization\",\"name\":\"Swiss Alternative Medicine (SAM)\",\"url\":\"https:\/\/www.swiss-altermed.ch\/en\/\",\"logo\":{\"@type\":\"ImageObject\",\"inLanguage\":\"fr-FR\",\"@id\":\"https:\/\/www.swiss-altermed.ch\/en\/#\/schema\/logo\/image\/\",\"url\":\"https:\/\/www.swiss-altermed.ch\/wp-content\/uploads\/2020\/06\/SAM_logo_01.jpg\",\"contentUrl\":\"https:\/\/www.swiss-altermed.ch\/wp-content\/uploads\/2020\/06\/SAM_logo_01.jpg\",\"width\":591,\"height\":591,\"caption\":\"Swiss Alternative Medicine (SAM)\"},\"image\":{\"@id\":\"https:\/\/www.swiss-altermed.ch\/en\/#\/schema\/logo\/image\/\"},\"sameAs\":[\"https:\/\/www.facebook.com\/swiss.alternative.medicine\/\"]}]}<\/script>\n<!-- \/ Yoast SEO plugin. -->","yoast_head_json":{"title":"E-Commerce - Swiss Alternative Medicine (SAM)","robots":{"index":"index","follow":"follow","max-snippet":"max-snippet:-1","max-image-preview":"max-image-preview:large","max-video-preview":"max-video-preview:-1"},"canonical":"https:\/\/www.swiss-altermed.ch\/fr\/e-commerce\/","og_locale":"fr_FR","og_type":"article","og_title":"E-Commerce - Swiss Alternative Medicine (SAM)","og_url":"https:\/\/www.swiss-altermed.ch\/fr\/e-commerce\/","og_site_name":"Swiss Alternative Medicine (SAM)","article_publisher":"https:\/\/www.facebook.com\/swiss.alternative.medicine\/","article_modified_time":"2023-05-16T16:11:19+00:00","og_image":[{"width":591,"height":591,"url":"https:\/\/www.swiss-altermed.ch\/wp-content\/uploads\/2020\/06\/SAM_logo_01.jpg","type":"image\/jpeg"}],"twitter_card":"summary_large_image","twitter_misc":{"Dur\u00e9e de lecture estim\u00e9e":"1 minute"},"schema":{"@context":"https:\/\/schema.org","@graph":[{"@type":"WebPage","@id":"https:\/\/www.swiss-altermed.ch\/e-commerce\/","url":"https:\/\/www.swiss-altermed.ch\/e-commerce\/","name":"E-Commerce - Swiss Alternative Medicine (SAM)","isPartOf":{"@id":"https:\/\/www.swiss-altermed.ch\/en\/#website"},"datePublished":"2020-06-22T13:27:40+00:00","dateModified":"2023-05-16T16:11:19+00:00","breadcrumb":{"@id":"https:\/\/www.swiss-altermed.ch\/e-commerce\/#breadcrumb"},"inLanguage":"fr-FR","potentialAction":[{"@type":"ReadAction","target":["https:\/\/www.swiss-altermed.ch\/e-commerce\/"]}]},{"@type":"BreadcrumbList","@id":"https:\/\/www.swiss-altermed.ch\/e-commerce\/#breadcrumb","itemListElement":[{"@type":"ListItem","position":1,"name":"Home","item":"https:\/\/www.swiss-altermed.ch\/"},{"@type":"ListItem","position":2,"name":"E-Commerce"}]},{"@type":"WebSite","@id":"https:\/\/www.swiss-altermed.ch\/en\/#website","url":"https:\/\/www.swiss-altermed.ch\/en\/","name":"Swiss Alternative Medicine (SAM)","description":"For an ethical and sustainable global health &amp; a better life for all","publisher":{"@id":"https:\/\/www.swiss-altermed.ch\/en\/#organization"},"potentialAction":[{"@type":"SearchAction","target":{"@type":"EntryPoint","urlTemplate":"https:\/\/www.swiss-altermed.ch\/en\/?s={search_term_string}"},"query-input":"required name=search_term_string"}],"inLanguage":"fr-FR"},{"@type":"Organization","@id":"https:\/\/www.swiss-altermed.ch\/en\/#organization","name":"Swiss Alternative Medicine (SAM)","url":"https:\/\/www.swiss-altermed.ch\/en\/","logo":{"@type":"ImageObject","inLanguage":"fr-FR","@id":"https:\/\/www.swiss-altermed.ch\/en\/#\/schema\/logo\/image\/","url":"https:\/\/www.swiss-altermed.ch\/wp-content\/uploads\/2020\/06\/SAM_logo_01.jpg","contentUrl":"https:\/\/www.swiss-altermed.ch\/wp-content\/uploads\/2020\/06\/SAM_logo_01.jpg","width":591,"height":591,"caption":"Swiss Alternative Medicine (SAM)"},"image":{"@id":"https:\/\/www.swiss-altermed.ch\/en\/#\/schema\/logo\/image\/"},"sameAs":["https:\/\/www.facebook.com\/swiss.alternative.medicine\/"]}]}},"_links":{"self":[{"href":"https:\/\/www.swiss-altermed.ch\/fr\/wp-json\/wp\/v2\/pages\/3891"}],"collection":[{"href":"https:\/\/www.swiss-altermed.ch\/fr\/wp-json\/wp\/v2\/pages"}],"about":[{"href":"https:\/\/www.swiss-altermed.ch\/fr\/wp-json\/wp\/v2\/types\/page"}],"author":[{"embeddable":true,"href":"https:\/\/www.swiss-altermed.ch\/fr\/wp-json\/wp\/v2\/users\/1"}],"replies":[{"embeddable":true,"href":"https:\/\/www.swiss-altermed.ch\/fr\/wp-json\/wp\/v2\/comments?post=3891"}],"version-history":[{"count":1,"href":"https:\/\/www.swiss-altermed.ch\/fr\/wp-json\/wp\/v2\/pages\/3891\/revisions"}],"predecessor-version":[{"id":7611,"href":"https:\/\/www.swiss-altermed.ch\/fr\/wp-json\/wp\/v2\/pages\/3891\/revisions\/7611"}],"wp:attachment":[{"href":"https:\/\/www.swiss-altermed.ch\/fr\/wp-json\/wp\/v2\/media?parent=3891"}],"curies":[{"name":"wp","href":"https:\/\/api.w.org\/{rel}","templated":true}]}}