{"id":3876,"date":"2020-06-22T13:19:06","date_gmt":"2020-06-22T13:19:06","guid":{"rendered":"https:\/\/sam.elipte.dev\/?page_id=3876"},"modified":"2023-05-09T17:15:04","modified_gmt":"2023-05-09T17:15:04","slug":"whis-switzerland","status":"publish","type":"page","link":"https:\/\/www.swiss-altermed.ch\/fr\/whis-switzerland\/","title":{"rendered":"Whiskids Switzerland"},"content":{"rendered":"<div class=\"webique_vc_row_wrap webique_general_colors\"><div class=\"vc_row wpb_row vc_row-fluid\"><div class=\"wpb_column vc_column_container vc_col-sm-12\"><div class=\"vc_column-inner\"><div class=\"wpb_wrapper\">\n\t<div  class=\"wpb_single_image wpb_content_element vc_align_center\">\n\t\t\n\t\t<figure class=\"wpb_wrapper vc_figure\">\n\t\t\t<div class=\"vc_single_image-wrapper   vc_box_border_grey\"><img width=\"830\" height=\"587\" src=\"https:\/\/www.swiss-altermed.ch\/wp-content\/uploads\/2020\/07\/image4-1-1024x724.png\" class=\"vc_single_image-img attachment-large\" alt=\"WHISkids Switzerland\" decoding=\"async\" loading=\"lazy\" srcset=\"https:\/\/www.swiss-altermed.ch\/wp-content\/uploads\/2020\/07\/image4-1-1024x724.png 1024w, https:\/\/www.swiss-altermed.ch\/wp-content\/uploads\/2020\/07\/image4-1-300x212.png 300w, https:\/\/www.swiss-altermed.ch\/wp-content\/uploads\/2020\/07\/image4-1-768x543.png 768w, https:\/\/www.swiss-altermed.ch\/wp-content\/uploads\/2020\/07\/image4-1.png 1168w\" sizes=\"(max-width: 830px) 100vw, 830px\" \/><\/div>\n\t\t<\/figure>\n\t<\/div>\n<\/div><\/div><\/div><\/div><\/div><div class=\"webique_vc_row_wrap webique_general_colors\"><div class=\"vc_row wpb_row vc_row-fluid vc_custom_1594029282498\"><div class=\"wpb_column vc_column_container vc_col-sm-12\"><div class=\"vc_column-inner\"><div class=\"wpb_wrapper\"><h3 style=\"text-align: left\" class=\"vc_custom_heading\" >Partage de valeurs \u00e9thiques et durables avec nos partenaires dans le domaine de la Sant\u00e9 et de l'\u00c9ducation<\/h3>\n\t<div class=\"wpb_text_column wpb_content_element  vc_custom_1594300109837\" >\n\t\t<div class=\"wpb_wrapper\">\n\t\t\t<p class=\"bodytext\">Chez SAM, nous sommes tr\u00e8s fiers de repr\u00e9senter le Sommet mondial de l'innovation pour la sant\u00e9 (WISH) en Suisse et nous agissons en tant que partenaire \u00e0 la fois mondial et local, d'une part, en vue de renforcer notre expertise par l'\u00e9change mutuel de nos savoir-faire en mati\u00e8re de sant\u00e9 et d'\u00e9ducation et, d'autre part, pour cr\u00e9er un environnement salutog\u00e8ne.<\/p>\n<p class=\"bodytext\">WHIS est une source d'inspiration et d'innovation qui partage les informations via sa plateforme pour am\u00e9liorer la sant\u00e9 et renforcer le bien-\u00eatre.<\/p>\n<p class=\"bodytext\">Align\u00e9 sur les objectifs de d\u00e9veloppement durable des Nations unies, SAM en partenariat avec WHIS, expert de la fondation UNGSII (United Nations Global Sustainability Index Institute) pour la mise en \u0153uvre de l'objectif 3 (sant\u00e9) et le bien-\u00eatre pour tous et l\u2019objectif 4 (\u00e9ducation) pour garantir une \u00e9ducation de qualit\u00e9 inclusive et \u00e9quitable et promouvoir la formation pour tous, propose leur programme \u00e9ducatif WHISKids aux enfants en Suisse.<\/p>\n\n\t\t<\/div>\n\t<\/div>\n<\/div><\/div><\/div><\/div><\/div><div class=\"webique_vc_row_wrap webique_general_colors\"><div class=\"vc_row wpb_row vc_row-fluid vc_row-o-content-middle vc_row-flex\"><div class=\"wpb_column vc_column_container vc_col-sm-12\"><div class=\"vc_column-inner\"><div class=\"wpb_wrapper\"><h3 style=\"text-align: left\" class=\"vc_custom_heading\" >WHISkids - Programme p\u00e9dagogique pour les enfants<\/h3>\n\t<div class=\"wpb_text_column wpb_content_element  vc_custom_1593094343733\" >\n\t\t<div class=\"wpb_wrapper\">\n\t\t\t<p class=\"bodytext\">WHISkids est un programme qui offre un outil \u00e9ducatif pour soutenir le bien-\u00eatre \u00e9motionnel et physique de nos enfants.<\/p>\n<p class=\"bodytext\">Pour plus d'informations, veuillez consulter notre programme.<\/p>\n<p class=\"bodytext\">Pour vous inscrire, envoyer un e-mail \u00e0 mitra@swiss-altermed.ch ou contacter Mitra V. Zaim au 0041 78 649 64 65.\u00a0<a href=\"mailto:mitra@swiss-altermed.ch\" target=\"_blank\" rel=\"noopener noreferrer\" data-track-event=\"click\" data-track-action=\"email_link\">mitra@swiss-altermed.ch<\/a>\u00a0or contact Mitra V. Zaim\u00a0<a href=\"tel: 41786496465\" data-track-event=\"click\" data-track-action=\"phone_link\">+41 78 649 64 65<\/a>.<\/p>\n\n\t\t<\/div>\n\t<\/div>\n\n\t<div  class=\"wpb_single_image wpb_content_element vc_align_center\">\n\t\t\n\t\t<figure class=\"wpb_wrapper vc_figure\">\n\t\t\t<div class=\"vc_single_image-wrapper   vc_box_border_grey\"><img width=\"240\" height=\"240\" src=\"https:\/\/www.swiss-altermed.ch\/wp-content\/uploads\/2020\/07\/WHIS-KIDS-Logo.png\" class=\"vc_single_image-img attachment-large\" alt=\"\" decoding=\"async\" loading=\"lazy\" srcset=\"https:\/\/www.swiss-altermed.ch\/wp-content\/uploads\/2020\/07\/WHIS-KIDS-Logo.png 240w, https:\/\/www.swiss-altermed.ch\/wp-content\/uploads\/2020\/07\/WHIS-KIDS-Logo-150x150.png 150w, https:\/\/www.swiss-altermed.ch\/wp-content\/uploads\/2020\/07\/WHIS-KIDS-Logo-90x90.png 90w\" sizes=\"(max-width: 240px) 100vw, 240px\" \/><\/div>\n\t\t<\/figure>\n\t<\/div>\n<\/div><\/div><\/div><\/div><\/div><div class=\"webique_vc_row_wrap webique_general_colors\"><div class=\"vc_row wpb_row vc_row-fluid\"><div class=\"wpb_column vc_column_container vc_col-sm-12\"><div class=\"vc_column-inner\"><div class=\"wpb_wrapper\">\n\t<div  class=\"wpb_single_image wpb_content_element vc_align_center\">\n\t\t\n\t\t<figure class=\"wpb_wrapper vc_figure\">\n\t\t\t<a data-rel=\"prettyPhoto[rel-3876-1912119509]\" href=\"https:\/\/www.swiss-altermed.ch\/wp-content\/uploads\/2020\/07\/WHISkidsPOSTERGeneva2020EN2-1-724x1024.png\" target=\"_self\" class=\"vc_single_image-wrapper   vc_box_border_grey prettyphoto\"><img width=\"1140\" height=\"1613\" src=\"https:\/\/www.swiss-altermed.ch\/wp-content\/uploads\/2020\/07\/WHISkidsPOSTERGeneva2020EN2-1.png\" class=\"vc_single_image-img attachment-full\" alt=\"WHISkids POSTER 2020\" decoding=\"async\" loading=\"lazy\" srcset=\"https:\/\/www.swiss-altermed.ch\/wp-content\/uploads\/2020\/07\/WHISkidsPOSTERGeneva2020EN2-1.png 1140w, https:\/\/www.swiss-altermed.ch\/wp-content\/uploads\/2020\/07\/WHISkidsPOSTERGeneva2020EN2-1-212x300.png 212w, https:\/\/www.swiss-altermed.ch\/wp-content\/uploads\/2020\/07\/WHISkidsPOSTERGeneva2020EN2-1-724x1024.png 724w, https:\/\/www.swiss-altermed.ch\/wp-content\/uploads\/2020\/07\/WHISkidsPOSTERGeneva2020EN2-1-768x1087.png 768w, https:\/\/www.swiss-altermed.ch\/wp-content\/uploads\/2020\/07\/WHISkidsPOSTERGeneva2020EN2-1-1086x1536.png 1086w\" sizes=\"(max-width: 1140px) 100vw, 1140px\" \/><\/a>\n\t\t<\/figure>\n\t<\/div>\n\n\t<div class=\"wpb_video_widget wpb_content_element vc_clearfix   vc_video-aspect-ratio-169 vc_video-el-width-100 vc_video-align-center\" >\n\t\t<div class=\"wpb_wrapper\">\n\t\t\t\n\t\t\t<div class=\"wpb_video_wrapper\"><iframe title=\"WHISkids Children&#039;s Health Education Program- Swiss Alternative Medicine\" width=\"830\" height=\"467\" src=\"https:\/\/www.youtube.com\/embed\/yNwlb56_EsI?feature=oembed\" frameborder=\"0\" allow=\"accelerometer; autoplay; encrypted-media; gyroscope; picture-in-picture\" allowfullscreen><\/iframe><\/div>\n\t\t<\/div>\n\t<\/div>\n<\/div><\/div><\/div><\/div><\/div>","protected":false},"excerpt":{"rendered":"Sharing ethical &amp; sustainable values in Health &amp; Education with our partners We, at SAM are very proud to represent World Health Innovation Summit (WHIS) in Switzerland and act both as a global and a local partner, to\u00a0strengthen\u00a0our expertise by...","protected":false},"author":1,"featured_media":0,"parent":0,"menu_order":0,"comment_status":"closed","ping_status":"closed","template":"","meta":[],"yoast_head":"<!-- This site is optimized with the Yoast SEO plugin v20.7 - https:\/\/yoast.com\/wordpress\/plugins\/seo\/ -->\n<title>Whiskids Switzerland - Swiss Alternative Medicine (SAM)<\/title>\n<meta name=\"robots\" content=\"index, follow, max-snippet:-1, max-image-preview:large, max-video-preview:-1\" \/>\n<link rel=\"canonical\" href=\"https:\/\/www.swiss-altermed.ch\/fr\/whis-switzerland\/\" \/>\n<meta property=\"og:locale\" content=\"fr_FR\" \/>\n<meta property=\"og:type\" content=\"article\" \/>\n<meta property=\"og:title\" content=\"Whiskids Switzerland - Swiss Alternative Medicine (SAM)\" \/>\n<meta property=\"og:url\" content=\"https:\/\/www.swiss-altermed.ch\/fr\/whis-switzerland\/\" \/>\n<meta property=\"og:site_name\" content=\"Swiss Alternative Medicine (SAM)\" \/>\n<meta property=\"article:publisher\" content=\"https:\/\/www.facebook.com\/swiss.alternative.medicine\/\" \/>\n<meta property=\"article:modified_time\" content=\"2023-05-09T17:15:04+00:00\" \/>\n<meta property=\"og:image\" content=\"https:\/\/www.swiss-altermed.ch\/wp-content\/uploads\/2020\/06\/SAM_logo_01.jpg\" \/>\n\t<meta property=\"og:image:width\" content=\"591\" \/>\n\t<meta property=\"og:image:height\" content=\"591\" \/>\n\t<meta property=\"og:image:type\" content=\"image\/jpeg\" \/>\n<meta name=\"twitter:card\" content=\"summary_large_image\" \/>\n<meta name=\"twitter:label1\" content=\"Dur\u00e9e de lecture estim\u00e9e\" \/>\n\t<meta name=\"twitter:data1\" content=\"2 minutes\" \/>\n<script type=\"application\/ld+json\" class=\"yoast-schema-graph\">{\"@context\":\"https:\/\/schema.org\",\"@graph\":[{\"@type\":\"WebPage\",\"@id\":\"https:\/\/www.swiss-altermed.ch\/whis-switzerland\/\",\"url\":\"https:\/\/www.swiss-altermed.ch\/whis-switzerland\/\",\"name\":\"Whiskids Switzerland - Swiss Alternative Medicine (SAM)\",\"isPartOf\":{\"@id\":\"https:\/\/www.swiss-altermed.ch\/en\/#website\"},\"datePublished\":\"2020-06-22T13:19:06+00:00\",\"dateModified\":\"2023-05-09T17:15:04+00:00\",\"breadcrumb\":{\"@id\":\"https:\/\/www.swiss-altermed.ch\/whis-switzerland\/#breadcrumb\"},\"inLanguage\":\"fr-FR\",\"potentialAction\":[{\"@type\":\"ReadAction\",\"target\":[\"https:\/\/www.swiss-altermed.ch\/whis-switzerland\/\"]}]},{\"@type\":\"BreadcrumbList\",\"@id\":\"https:\/\/www.swiss-altermed.ch\/whis-switzerland\/#breadcrumb\",\"itemListElement\":[{\"@type\":\"ListItem\",\"position\":1,\"name\":\"Home\",\"item\":\"https:\/\/www.swiss-altermed.ch\/\"},{\"@type\":\"ListItem\",\"position\":2,\"name\":\"Whiskids Switzerland\"}]},{\"@type\":\"WebSite\",\"@id\":\"https:\/\/www.swiss-altermed.ch\/en\/#website\",\"url\":\"https:\/\/www.swiss-altermed.ch\/en\/\",\"name\":\"Swiss Alternative Medicine (SAM)\",\"description\":\"For an ethical and sustainable global health &amp; a better life for all\",\"publisher\":{\"@id\":\"https:\/\/www.swiss-altermed.ch\/en\/#organization\"},\"potentialAction\":[{\"@type\":\"SearchAction\",\"target\":{\"@type\":\"EntryPoint\",\"urlTemplate\":\"https:\/\/www.swiss-altermed.ch\/en\/?s={search_term_string}\"},\"query-input\":\"required name=search_term_string\"}],\"inLanguage\":\"fr-FR\"},{\"@type\":\"Organization\",\"@id\":\"https:\/\/www.swiss-altermed.ch\/en\/#organization\",\"name\":\"Swiss Alternative Medicine (SAM)\",\"url\":\"https:\/\/www.swiss-altermed.ch\/en\/\",\"logo\":{\"@type\":\"ImageObject\",\"inLanguage\":\"fr-FR\",\"@id\":\"https:\/\/www.swiss-altermed.ch\/en\/#\/schema\/logo\/image\/\",\"url\":\"https:\/\/www.swiss-altermed.ch\/wp-content\/uploads\/2020\/06\/SAM_logo_01.jpg\",\"contentUrl\":\"https:\/\/www.swiss-altermed.ch\/wp-content\/uploads\/2020\/06\/SAM_logo_01.jpg\",\"width\":591,\"height\":591,\"caption\":\"Swiss Alternative Medicine (SAM)\"},\"image\":{\"@id\":\"https:\/\/www.swiss-altermed.ch\/en\/#\/schema\/logo\/image\/\"},\"sameAs\":[\"https:\/\/www.facebook.com\/swiss.alternative.medicine\/\"]}]}<\/script>\n<!-- \/ Yoast SEO plugin. -->","yoast_head_json":{"title":"Whiskids Switzerland - Swiss Alternative Medicine (SAM)","robots":{"index":"index","follow":"follow","max-snippet":"max-snippet:-1","max-image-preview":"max-image-preview:large","max-video-preview":"max-video-preview:-1"},"canonical":"https:\/\/www.swiss-altermed.ch\/fr\/whis-switzerland\/","og_locale":"fr_FR","og_type":"article","og_title":"Whiskids Switzerland - Swiss Alternative Medicine (SAM)","og_url":"https:\/\/www.swiss-altermed.ch\/fr\/whis-switzerland\/","og_site_name":"Swiss Alternative Medicine (SAM)","article_publisher":"https:\/\/www.facebook.com\/swiss.alternative.medicine\/","article_modified_time":"2023-05-09T17:15:04+00:00","og_image":[{"width":591,"height":591,"url":"https:\/\/www.swiss-altermed.ch\/wp-content\/uploads\/2020\/06\/SAM_logo_01.jpg","type":"image\/jpeg"}],"twitter_card":"summary_large_image","twitter_misc":{"Dur\u00e9e de lecture estim\u00e9e":"2 minutes"},"schema":{"@context":"https:\/\/schema.org","@graph":[{"@type":"WebPage","@id":"https:\/\/www.swiss-altermed.ch\/whis-switzerland\/","url":"https:\/\/www.swiss-altermed.ch\/whis-switzerland\/","name":"Whiskids Switzerland - Swiss Alternative Medicine (SAM)","isPartOf":{"@id":"https:\/\/www.swiss-altermed.ch\/en\/#website"},"datePublished":"2020-06-22T13:19:06+00:00","dateModified":"2023-05-09T17:15:04+00:00","breadcrumb":{"@id":"https:\/\/www.swiss-altermed.ch\/whis-switzerland\/#breadcrumb"},"inLanguage":"fr-FR","potentialAction":[{"@type":"ReadAction","target":["https:\/\/www.swiss-altermed.ch\/whis-switzerland\/"]}]},{"@type":"BreadcrumbList","@id":"https:\/\/www.swiss-altermed.ch\/whis-switzerland\/#breadcrumb","itemListElement":[{"@type":"ListItem","position":1,"name":"Home","item":"https:\/\/www.swiss-altermed.ch\/"},{"@type":"ListItem","position":2,"name":"Whiskids Switzerland"}]},{"@type":"WebSite","@id":"https:\/\/www.swiss-altermed.ch\/en\/#website","url":"https:\/\/www.swiss-altermed.ch\/en\/","name":"Swiss Alternative Medicine (SAM)","description":"For an ethical and sustainable global health &amp; a better life for all","publisher":{"@id":"https:\/\/www.swiss-altermed.ch\/en\/#organization"},"potentialAction":[{"@type":"SearchAction","target":{"@type":"EntryPoint","urlTemplate":"https:\/\/www.swiss-altermed.ch\/en\/?s={search_term_string}"},"query-input":"required name=search_term_string"}],"inLanguage":"fr-FR"},{"@type":"Organization","@id":"https:\/\/www.swiss-altermed.ch\/en\/#organization","name":"Swiss Alternative Medicine (SAM)","url":"https:\/\/www.swiss-altermed.ch\/en\/","logo":{"@type":"ImageObject","inLanguage":"fr-FR","@id":"https:\/\/www.swiss-altermed.ch\/en\/#\/schema\/logo\/image\/","url":"https:\/\/www.swiss-altermed.ch\/wp-content\/uploads\/2020\/06\/SAM_logo_01.jpg","contentUrl":"https:\/\/www.swiss-altermed.ch\/wp-content\/uploads\/2020\/06\/SAM_logo_01.jpg","width":591,"height":591,"caption":"Swiss Alternative Medicine (SAM)"},"image":{"@id":"https:\/\/www.swiss-altermed.ch\/en\/#\/schema\/logo\/image\/"},"sameAs":["https:\/\/www.facebook.com\/swiss.alternative.medicine\/"]}]}},"_links":{"self":[{"href":"https:\/\/www.swiss-altermed.ch\/fr\/wp-json\/wp\/v2\/pages\/3876"}],"collection":[{"href":"https:\/\/www.swiss-altermed.ch\/fr\/wp-json\/wp\/v2\/pages"}],"about":[{"href":"https:\/\/www.swiss-altermed.ch\/fr\/wp-json\/wp\/v2\/types\/page"}],"author":[{"embeddable":true,"href":"https:\/\/www.swiss-altermed.ch\/fr\/wp-json\/wp\/v2\/users\/1"}],"replies":[{"embeddable":true,"href":"https:\/\/www.swiss-altermed.ch\/fr\/wp-json\/wp\/v2\/comments?post=3876"}],"version-history":[{"count":3,"href":"https:\/\/www.swiss-altermed.ch\/fr\/wp-json\/wp\/v2\/pages\/3876\/revisions"}],"predecessor-version":[{"id":7510,"href":"https:\/\/www.swiss-altermed.ch\/fr\/wp-json\/wp\/v2\/pages\/3876\/revisions\/7510"}],"wp:attachment":[{"href":"https:\/\/www.swiss-altermed.ch\/fr\/wp-json\/wp\/v2\/media?parent=3876"}],"curies":[{"name":"wp","href":"https:\/\/api.w.org\/{rel}","templated":true}]}}