{"id":28,"date":"2018-10-09T13:48:18","date_gmt":"2018-10-09T13:48:18","guid":{"rendered":"http:\/\/medique.webique-themes.com\/?page_id=28"},"modified":"2020-07-09T13:35:33","modified_gmt":"2020-07-09T13:35:33","slug":"about-us","status":"publish","type":"page","link":"https:\/\/www.swiss-altermed.ch\/fr\/about-us\/","title":{"rendered":"\u00c0-propos"},"content":{"rendered":"<div class=\"webique_vc_row_wrap webique_general_colors\"><div class=\"vc_row wpb_row vc_row-fluid vc_custom_1547654319595\"><div class=\"wpb_column vc_column_container vc_col-sm-8 vc_col-sm-offset-2\"><div class=\"vc_column-inner\"><div class=\"wpb_wrapper\"><h2 style=\"font-size: 42px;line-height: 52px;text-align: center\" class=\"vc_custom_heading vc_custom_1591901814489\" >Swiss specialists in natural medicine<\/h2><h3 style=\"font-size: 21px;color: #112950;line-height: 36px;text-align: center;font-family:Scope One;font-weight:400;font-style:normal\" class=\"vc_custom_heading\" >Swiss Alternative Medicine (SAM) est une soci\u00e9t\u00e9 \u00e9tablie \u00e0 Gen\u00e8ve qui a pour but de promouvoir le concept de la m\u00e9decine int\u00e9grative selon une d\u00e9marche holistique dans la prise en charge du patient et conform\u00e9ment aux normes de qualit\u00e9 suisse. Fond\u00e9e en f\u00e9vrier 2017, Swiss Alternative Medicine a pour mission de proposer un savoir-faire aux professionnels de la sant\u00e9 int\u00e9ress\u00e9s par la pratique de la m\u00e9decine alternative et aux institutions de soins dans l\u2019utilisation des produits th\u00e9rapeutiques et de bien-\u00eatre. SAM offre ses prestations de service en Europe et dans le monde.<\/h3><\/div><\/div><\/div><\/div><\/div><div class=\"webique_vc_row_wrap webique_general_colors\"><div class=\"vc_row wpb_row vc_row-fluid\"><div class=\"wpb_column vc_column_container vc_col-sm-6 vc_col-sm-offset-3\"><div class=\"vc_column-inner\"><div class=\"wpb_wrapper\">\n\t<div class=\"wpb_text_column wpb_content_element\" >\n\t\t<div class=\"wpb_wrapper\">\n\t\t\t<blockquote><p>\nDes solutions innovantes et adapt\u00e9es pour tous les professionnels de la sant\u00e9.\n<\/p><\/blockquote>\n\n\t\t<\/div>\n\t<\/div>\n<\/div><\/div><\/div><\/div><\/div><div class=\"webique_vc_row_wrap webique_general_colors\"><div class=\"vc_row wpb_row vc_row-fluid vc_custom_1594028920002\"><div class=\"wpb_column vc_column_container vc_col-sm-6 vc_col-sm-offset-3\"><div class=\"vc_column-inner\"><div class=\"wpb_wrapper\">\n\t<div  class=\"wpb_single_image wpb_content_element vc_align_center\">\n\t\t\n\t\t<figure class=\"wpb_wrapper vc_figure\">\n\t\t\t<div class=\"vc_single_image-wrapper vc_box_shadow_3d  vc_box_border_grey\"><img width=\"830\" height=\"554\" src=\"https:\/\/www.swiss-altermed.ch\/wp-content\/uploads\/2020\/07\/ABOUT-2-1024x683.jpg\" class=\"vc_single_image-img attachment-large\" alt=\"about-us\" decoding=\"async\" loading=\"lazy\" srcset=\"https:\/\/www.swiss-altermed.ch\/wp-content\/uploads\/2020\/07\/ABOUT-2-1024x683.jpg 1024w, https:\/\/www.swiss-altermed.ch\/wp-content\/uploads\/2020\/07\/ABOUT-2-300x200.jpg 300w, https:\/\/www.swiss-altermed.ch\/wp-content\/uploads\/2020\/07\/ABOUT-2-768x512.jpg 768w, https:\/\/www.swiss-altermed.ch\/wp-content\/uploads\/2020\/07\/ABOUT-2-1536x1024.jpg 1536w, https:\/\/www.swiss-altermed.ch\/wp-content\/uploads\/2020\/07\/ABOUT-2-2048x1365.jpg 2048w\" sizes=\"(max-width: 830px) 100vw, 830px\" \/><\/div>\n\t\t<\/figure>\n\t<\/div>\n<\/div><\/div><\/div><\/div><\/div><div class=\"webique_vc_row_wrap webique_general_colors\"><div class=\"vc_row wpb_row vc_row-fluid vc_custom_1594028939969\"><div class=\"wpb_column vc_column_container vc_col-sm-8 vc_col-sm-offset-2\"><div class=\"vc_column-inner\"><div class=\"wpb_wrapper\"><h3 style=\"font-size: 42px;line-height: 52px;text-align: center\" class=\"vc_custom_heading vc_custom_1591902235201\" >Nos engagements<\/h3><p style=\"font-size: 21px;color: #112950;line-height: 36px;text-align: center;font-family:Scope One;font-weight:400;font-style:normal\" class=\"vc_custom_heading\" >La sant\u00e9 et le bien-\u00eatre sont au c\u0153ur de notre mission et nous nous engageons \u00e0 promouvoir une \u00e9thique de la sant\u00e9. Nous pr\u00eatons une attention particuli\u00e8re aux besoins th\u00e9rapeutiques de chacun et adoptons notre approche pour mieux y r\u00e9pondre tout en proposant un concept de salutogen\u00e8se aux professionnels de la sant\u00e9. Notre d\u00e9marche vise \u00e0 cr\u00e9er des partenariats locaux et \u00e0 contribuer \u00e0 un d\u00e9veloppement \u00e9conomique et social durable dans le pays concern\u00e9.<\/p><\/div><\/div><\/div><\/div><\/div>","protected":false},"excerpt":{"rendered":"Swiss specialists in natural medicineSwiss Alternative Medicine (SAM) is a Geneva-based company whose goal is to promote a holistic integrative approach to patient care according to Swiss quality standards. Founded in February 2017 by Shima Sazegari, a Swiss pharmacist, SAM\u2019s...","protected":false},"author":1,"featured_media":0,"parent":0,"menu_order":0,"comment_status":"closed","ping_status":"closed","template":"","meta":[],"yoast_head":"<!-- This site is optimized with the Yoast SEO plugin v20.7 - https:\/\/yoast.com\/wordpress\/plugins\/seo\/ -->\n<title>About Us - Swiss Alternative Medicine (SAM)<\/title>\n<meta name=\"robots\" content=\"index, follow, max-snippet:-1, max-image-preview:large, max-video-preview:-1\" \/>\n<link rel=\"canonical\" href=\"https:\/\/www.swiss-altermed.ch\/fr\/about-us\/\" \/>\n<meta property=\"og:locale\" content=\"fr_FR\" \/>\n<meta property=\"og:type\" content=\"article\" \/>\n<meta property=\"og:title\" content=\"About Us - Swiss Alternative Medicine (SAM)\" \/>\n<meta property=\"og:url\" content=\"https:\/\/www.swiss-altermed.ch\/fr\/about-us\/\" \/>\n<meta property=\"og:site_name\" content=\"Swiss Alternative Medicine (SAM)\" \/>\n<meta property=\"article:publisher\" content=\"https:\/\/www.facebook.com\/swiss.alternative.medicine\/\" \/>\n<meta property=\"article:modified_time\" content=\"2020-07-09T13:35:33+00:00\" \/>\n<meta property=\"og:image\" content=\"https:\/\/www.swiss-altermed.ch\/wp-content\/uploads\/2020\/06\/SAM_logo_01.jpg\" \/>\n\t<meta property=\"og:image:width\" content=\"591\" \/>\n\t<meta property=\"og:image:height\" content=\"591\" \/>\n\t<meta property=\"og:image:type\" content=\"image\/jpeg\" \/>\n<meta name=\"twitter:card\" content=\"summary_large_image\" \/>\n<meta name=\"twitter:label1\" content=\"Dur\u00e9e de lecture estim\u00e9e\" \/>\n\t<meta name=\"twitter:data1\" content=\"2 minutes\" \/>\n<script type=\"application\/ld+json\" class=\"yoast-schema-graph\">{\"@context\":\"https:\/\/schema.org\",\"@graph\":[{\"@type\":\"WebPage\",\"@id\":\"https:\/\/www.swiss-altermed.ch\/about-us\/\",\"url\":\"https:\/\/www.swiss-altermed.ch\/about-us\/\",\"name\":\"About Us - Swiss Alternative Medicine (SAM)\",\"isPartOf\":{\"@id\":\"https:\/\/www.swiss-altermed.ch\/en\/#website\"},\"datePublished\":\"2018-10-09T13:48:18+00:00\",\"dateModified\":\"2020-07-09T13:35:33+00:00\",\"breadcrumb\":{\"@id\":\"https:\/\/www.swiss-altermed.ch\/about-us\/#breadcrumb\"},\"inLanguage\":\"fr-FR\",\"potentialAction\":[{\"@type\":\"ReadAction\",\"target\":[\"https:\/\/www.swiss-altermed.ch\/about-us\/\"]}]},{\"@type\":\"BreadcrumbList\",\"@id\":\"https:\/\/www.swiss-altermed.ch\/about-us\/#breadcrumb\",\"itemListElement\":[{\"@type\":\"ListItem\",\"position\":1,\"name\":\"Home\",\"item\":\"https:\/\/www.swiss-altermed.ch\/\"},{\"@type\":\"ListItem\",\"position\":2,\"name\":\"About Us\"}]},{\"@type\":\"WebSite\",\"@id\":\"https:\/\/www.swiss-altermed.ch\/en\/#website\",\"url\":\"https:\/\/www.swiss-altermed.ch\/en\/\",\"name\":\"Swiss Alternative Medicine (SAM)\",\"description\":\"For an ethical and sustainable global health &amp; a better life for all\",\"publisher\":{\"@id\":\"https:\/\/www.swiss-altermed.ch\/en\/#organization\"},\"potentialAction\":[{\"@type\":\"SearchAction\",\"target\":{\"@type\":\"EntryPoint\",\"urlTemplate\":\"https:\/\/www.swiss-altermed.ch\/en\/?s={search_term_string}\"},\"query-input\":\"required name=search_term_string\"}],\"inLanguage\":\"fr-FR\"},{\"@type\":\"Organization\",\"@id\":\"https:\/\/www.swiss-altermed.ch\/en\/#organization\",\"name\":\"Swiss Alternative Medicine (SAM)\",\"url\":\"https:\/\/www.swiss-altermed.ch\/en\/\",\"logo\":{\"@type\":\"ImageObject\",\"inLanguage\":\"fr-FR\",\"@id\":\"https:\/\/www.swiss-altermed.ch\/en\/#\/schema\/logo\/image\/\",\"url\":\"https:\/\/www.swiss-altermed.ch\/wp-content\/uploads\/2020\/06\/SAM_logo_01.jpg\",\"contentUrl\":\"https:\/\/www.swiss-altermed.ch\/wp-content\/uploads\/2020\/06\/SAM_logo_01.jpg\",\"width\":591,\"height\":591,\"caption\":\"Swiss Alternative Medicine (SAM)\"},\"image\":{\"@id\":\"https:\/\/www.swiss-altermed.ch\/en\/#\/schema\/logo\/image\/\"},\"sameAs\":[\"https:\/\/www.facebook.com\/swiss.alternative.medicine\/\"]}]}<\/script>\n<!-- \/ Yoast SEO plugin. -->","yoast_head_json":{"title":"About Us - Swiss Alternative Medicine (SAM)","robots":{"index":"index","follow":"follow","max-snippet":"max-snippet:-1","max-image-preview":"max-image-preview:large","max-video-preview":"max-video-preview:-1"},"canonical":"https:\/\/www.swiss-altermed.ch\/fr\/about-us\/","og_locale":"fr_FR","og_type":"article","og_title":"About Us - Swiss Alternative Medicine (SAM)","og_url":"https:\/\/www.swiss-altermed.ch\/fr\/about-us\/","og_site_name":"Swiss Alternative Medicine (SAM)","article_publisher":"https:\/\/www.facebook.com\/swiss.alternative.medicine\/","article_modified_time":"2020-07-09T13:35:33+00:00","og_image":[{"width":591,"height":591,"url":"https:\/\/www.swiss-altermed.ch\/wp-content\/uploads\/2020\/06\/SAM_logo_01.jpg","type":"image\/jpeg"}],"twitter_card":"summary_large_image","twitter_misc":{"Dur\u00e9e de lecture estim\u00e9e":"2 minutes"},"schema":{"@context":"https:\/\/schema.org","@graph":[{"@type":"WebPage","@id":"https:\/\/www.swiss-altermed.ch\/about-us\/","url":"https:\/\/www.swiss-altermed.ch\/about-us\/","name":"About Us - Swiss Alternative Medicine (SAM)","isPartOf":{"@id":"https:\/\/www.swiss-altermed.ch\/en\/#website"},"datePublished":"2018-10-09T13:48:18+00:00","dateModified":"2020-07-09T13:35:33+00:00","breadcrumb":{"@id":"https:\/\/www.swiss-altermed.ch\/about-us\/#breadcrumb"},"inLanguage":"fr-FR","potentialAction":[{"@type":"ReadAction","target":["https:\/\/www.swiss-altermed.ch\/about-us\/"]}]},{"@type":"BreadcrumbList","@id":"https:\/\/www.swiss-altermed.ch\/about-us\/#breadcrumb","itemListElement":[{"@type":"ListItem","position":1,"name":"Home","item":"https:\/\/www.swiss-altermed.ch\/"},{"@type":"ListItem","position":2,"name":"About Us"}]},{"@type":"WebSite","@id":"https:\/\/www.swiss-altermed.ch\/en\/#website","url":"https:\/\/www.swiss-altermed.ch\/en\/","name":"Swiss Alternative Medicine (SAM)","description":"For an ethical and sustainable global health &amp; a better life for all","publisher":{"@id":"https:\/\/www.swiss-altermed.ch\/en\/#organization"},"potentialAction":[{"@type":"SearchAction","target":{"@type":"EntryPoint","urlTemplate":"https:\/\/www.swiss-altermed.ch\/en\/?s={search_term_string}"},"query-input":"required name=search_term_string"}],"inLanguage":"fr-FR"},{"@type":"Organization","@id":"https:\/\/www.swiss-altermed.ch\/en\/#organization","name":"Swiss Alternative Medicine (SAM)","url":"https:\/\/www.swiss-altermed.ch\/en\/","logo":{"@type":"ImageObject","inLanguage":"fr-FR","@id":"https:\/\/www.swiss-altermed.ch\/en\/#\/schema\/logo\/image\/","url":"https:\/\/www.swiss-altermed.ch\/wp-content\/uploads\/2020\/06\/SAM_logo_01.jpg","contentUrl":"https:\/\/www.swiss-altermed.ch\/wp-content\/uploads\/2020\/06\/SAM_logo_01.jpg","width":591,"height":591,"caption":"Swiss Alternative Medicine (SAM)"},"image":{"@id":"https:\/\/www.swiss-altermed.ch\/en\/#\/schema\/logo\/image\/"},"sameAs":["https:\/\/www.facebook.com\/swiss.alternative.medicine\/"]}]}},"_links":{"self":[{"href":"https:\/\/www.swiss-altermed.ch\/fr\/wp-json\/wp\/v2\/pages\/28"}],"collection":[{"href":"https:\/\/www.swiss-altermed.ch\/fr\/wp-json\/wp\/v2\/pages"}],"about":[{"href":"https:\/\/www.swiss-altermed.ch\/fr\/wp-json\/wp\/v2\/types\/page"}],"author":[{"embeddable":true,"href":"https:\/\/www.swiss-altermed.ch\/fr\/wp-json\/wp\/v2\/users\/1"}],"replies":[{"embeddable":true,"href":"https:\/\/www.swiss-altermed.ch\/fr\/wp-json\/wp\/v2\/comments?post=28"}],"version-history":[{"count":0,"href":"https:\/\/www.swiss-altermed.ch\/fr\/wp-json\/wp\/v2\/pages\/28\/revisions"}],"wp:attachment":[{"href":"https:\/\/www.swiss-altermed.ch\/fr\/wp-json\/wp\/v2\/media?parent=28"}],"curies":[{"name":"wp","href":"https:\/\/api.w.org\/{rel}","templated":true}]}}