{"id":12,"date":"2018-10-09T13:32:12","date_gmt":"2018-10-09T13:32:12","guid":{"rendered":"http:\/\/medique.webique-themes.com\/?page_id=12"},"modified":"2021-07-07T15:03:36","modified_gmt":"2021-07-07T15:03:36","slug":"events","status":"publish","type":"page","link":"https:\/\/www.swiss-altermed.ch\/fr\/events\/","title":{"rendered":"\u00c9v\u00e8nement"},"content":{"rendered":"<section class=\"vc_section vc_custom_1594026193729\"><div class=\"webique_vc_row_wrap webique_general_colors\"><div class=\"vc_row wpb_row vc_row-fluid vc_custom_1594025498987\"><div class=\"wpb_column vc_column_container vc_col-sm-8 vc_col-sm-offset-2\"><div class=\"vc_column-inner\"><div class=\"wpb_wrapper\"><h2 style=\"font-size: 25px;line-height: 32px;text-align: center;font-family:Poppins;font-weight:400;font-style:normal\" class=\"vc_custom_heading wpb_animate_when_almost_visible wpb_bottom-to-top bottom-to-top\" >SAM propose des conf\u00e9rences et des formations th\u00e9matiques li\u00e9s \u00e0 la sant\u00e9 \u00e0 nos revendeurs locaux, partenaires et institutions publiques et de sant\u00e9 sur demande.<\/h2><div class=\"vc_btn3-container  wpb_animate_when_almost_visible wpb_appear appear vc_btn3-center\" ><a class=\"webique_vc_btn webique_default_btn webique_default_btn_webique_shortcode_60e5c2162bc425_98803516\" href=\"https:\/\/www.swiss-altermed.ch\/fr\/congress-2021\/\" title=\"Congr\u00e8s 2021\"><span class=\"webique_vc_btn_text\">Congr\u00e8s 2021<\/span><\/a><\/div><div class=\"vc_btn3-container  wpb_animate_when_almost_visible wpb_appear appear vc_btn3-center\" ><a class=\"webique_vc_btn webique_default_btn webique_custom_btn_webique_shortcode_60e5c22c532a19_56309099\" href=\"https:\/\/www.swiss-altermed.ch\/fr\/webinars-2021\/\" title=\"Webinars 2021\"><span class=\"webique_vc_btn_text\">Webinars 2021<\/span><\/a><\/div><\/div><\/div><\/div><\/div><\/div><div class=\"webique_vc_row_wrap webique_general_colors\"><div class=\"vc_row wpb_row vc_row-fluid\"><div class=\"wpb_column vc_column_container vc_col-sm-12\"><div class=\"vc_column-inner\"><div class=\"wpb_wrapper\"><div class=\"vc_empty_space\"   style=\"height: 20px\"><span class=\"vc_empty_space_inner\"><\/span><\/div>\n\t<div class=\"wpb_text_column wpb_content_element\" >\n\t\t<div class=\"wpb_wrapper\">\n\t\t\t<p>A l\u2019\u00e9coute de ce qui se fait aujourd\u2019hui et des derniers d\u00e9veloppements en m\u00e9decines alternatives, nous collaborons avec des experts dans le domaine de la micronutrition, de la phytoth\u00e9rapie, de l'aromath\u00e9rapie et de l'hom\u00e9opathie, etc. afin de promouvoir la connaissance de ces disciplines aupr\u00e8s d'un plus grand public en fonction des besoins et les th\u00e8mes de sant\u00e9 les plus pertinents aujourd\u2019hui.<\/p>\n\n\t\t<\/div>\n\t<\/div>\n<\/div><\/div><\/div><\/div><\/div><\/section><section class=\"vc_section vc_custom_1594026193729\"><div class=\"webique_vc_row_wrap webique_general_colors\"><div class=\"vc_row wpb_row vc_row-fluid vc_custom_1594025498987\"><div class=\"wpb_column vc_column_container vc_col-sm-8 vc_col-sm-offset-2\"><div class=\"vc_column-inner\"><div class=\"wpb_wrapper\"><div class=\"vc_empty_space\"   style=\"height: 45px\"><span class=\"vc_empty_space_inner\"><\/span><\/div>\n\t<div class=\"wpb_text_column wpb_content_element\" >\n\t\t<div class=\"wpb_wrapper\">\n\t\t\t<h2 class=\"p1\" style=\"text-align: center;\"><span class=\"s1\">Nos \u00e9v\u00e8nements 2020 en un clin d\u2019\u0153il<\/span><\/h2>\n<p>&nbsp;<\/p>\n<h4 class=\"p3\" style=\"text-align: center;\"><strong>2\u00e8me CONGR\u00c8S INTERNATIONAL DE SANT\u00c9 (CIS)\u00a0EN MALADIES NON-TRANSMISSIBLES<\/strong><\/h4>\n<h4 class=\"p4\" style=\"text-align: center;\">Approche Globale en Sant\u00e9 Mentale &amp; Bien-\u00catre<\/h4>\n<p class=\"p5\" style=\"text-align: center;\"><span class=\"s3\">23-25\u00a0Septembre\u00a02020<\/span><\/p>\n<p class=\"p6\" style=\"text-align: center;\">3 jours de programme en ligne et en direct<\/p>\n\n\t\t<\/div>\n\t<\/div>\n<div class=\"vc_empty_space\"   style=\"height: 45px\"><span class=\"vc_empty_space_inner\"><\/span><\/div>\n\t<div class=\"wpb_text_column wpb_content_element\" >\n\t\t<div class=\"wpb_wrapper\">\n\t\t\t<h4 class=\"p7\" style=\"text-align: center;\"><strong>ATELIER H\u00c9BDOMADAIRE POUR 6 SEMAINES<\/strong><\/h4>\n<h4 class=\"p9\" style=\"text-align: center;\">\"Un programme de sant\u00e9, bien-\u00eatre &amp; l\u2019acquisition en comp\u00e9tence de la vie pour les enfants de 6-12 ans\"<\/h4>\n<h4 class=\"p9\" style=\"text-align: center;\">Children Aged 6-12&#8243;<\/h4>\n<p class=\"p10\" style=\"text-align: center;\">1<span class=\"s4\"><sup>st<\/sup><\/span><span class=\"Apple-converted-space\">\u00a0 \u00a0 <\/span>s\u00e9ries: 4, 11, 18, 25 Sept. &amp; 2, 9 Oct. 2020<\/p>\n<p class=\"p10\" style=\"text-align: center;\">2<span class=\"s4\"><sup>nd<\/sup><\/span> s\u00e9ries: 9, 16, 23, 30 Sept. &amp; 7, 14 Oct. 2020<\/p>\n<p class=\"p10\" style=\"text-align: center;\">3\u00e8me    series: 4, 11, 18, 25 Nov. &amp; 2, 9 Dec<\/p>\n<p class=\"p10\" style=\"text-align: center;\">4\u00e8me    series: 6, 13, 20, 27 Nov. &amp; 4, 11 Dec<\/p>\n<p class=\"p6\" style=\"text-align: center;\">Programme en ligne en fran\u00e7ais ou anglais<\/p>\n\n\t\t<\/div>\n\t<\/div>\n<div class=\"vc_empty_space\"   style=\"height: 45px\"><span class=\"vc_empty_space_inner\"><\/span><\/div>\n\t<div class=\"wpb_text_column wpb_content_element\" >\n\t\t<div class=\"wpb_wrapper\">\n\t\t\t<h4 class=\"p7\" style=\"text-align: center;\"><strong>Formation <\/strong><\/h4>\n<h4 class=\"p9\" style=\"text-align: center;\"><strong>\u00c9lixirs Floraux d\u2019Orchid\u00e9es- LTOE <\/strong><\/h4>\n<h4 class=\"p5\" style=\"text-align: center;\"><span class=\"s3\">28 Aout 2020<br \/>\nLTOE<\/span> <span class=\"s3\">webinar<\/span><\/h4>\n<p class=\"p10\" style=\"text-align: center;\">Module 1- Formation de base<br \/>\nIntroduction aux \u00e9lixirs d\u2019orchid\u00e9es- LTOE \/ in French<\/p>\n<p class=\"p10\" style=\"text-align: center;\">29 Aout 2020<\/p>\n<p class=\"p5\" style=\"text-align: center;\"><span class=\"s3\">LTOE<\/span> <span class=\"s3\">webinar<br \/>\nModule 2- Formation avanc\u00e9e<br \/>\nLes \u00e9lixirs d\u2019orchid\u00e9es \u2013 LTOE; Nouvelles g\u00e9n\u00e9rations \/ in French<\/span><\/p>\n<p class=\"p10\" style=\"text-align: center;\">4 September 2020<br \/>\n9:00- 18:00<br \/>\nBasic training<br \/>\nIntroduction to orchid flower essences-LTOE \/ in English<\/p>\n\n\t\t<\/div>\n\t<\/div>\n<\/div><\/div><\/div><\/div><\/div><\/section>","protected":false},"excerpt":{"rendered":"On request, SAM offers conferences &amp; trainings on alternative medicine &amp; new products to our retailers, partners and healthcare institutions.Congress 2021Webinars 2021 Attentive to what is happening today and to the latest developments in alternative disciplines of medicine, we work...","protected":false},"author":1,"featured_media":0,"parent":0,"menu_order":0,"comment_status":"closed","ping_status":"closed","template":"","meta":[],"yoast_head":"<!-- This site is optimized with the Yoast SEO plugin v20.7 - https:\/\/yoast.com\/wordpress\/plugins\/seo\/ -->\n<title>Events - Swiss Alternative Medicine (SAM)<\/title>\n<meta name=\"robots\" content=\"index, follow, max-snippet:-1, max-image-preview:large, max-video-preview:-1\" \/>\n<link rel=\"canonical\" href=\"https:\/\/www.swiss-altermed.ch\/fr\/events\/\" \/>\n<meta property=\"og:locale\" content=\"fr_FR\" \/>\n<meta property=\"og:type\" content=\"article\" \/>\n<meta property=\"og:title\" content=\"Events - Swiss Alternative Medicine (SAM)\" \/>\n<meta property=\"og:url\" content=\"https:\/\/www.swiss-altermed.ch\/fr\/events\/\" \/>\n<meta property=\"og:site_name\" content=\"Swiss Alternative Medicine (SAM)\" \/>\n<meta property=\"article:publisher\" content=\"https:\/\/www.facebook.com\/swiss.alternative.medicine\/\" \/>\n<meta property=\"article:modified_time\" content=\"2021-07-07T15:03:36+00:00\" \/>\n<meta property=\"og:image\" content=\"https:\/\/www.swiss-altermed.ch\/wp-content\/uploads\/2020\/06\/SAM_logo_01.jpg\" \/>\n\t<meta property=\"og:image:width\" content=\"591\" \/>\n\t<meta property=\"og:image:height\" content=\"591\" \/>\n\t<meta property=\"og:image:type\" content=\"image\/jpeg\" \/>\n<meta name=\"twitter:card\" content=\"summary_large_image\" \/>\n<meta name=\"twitter:label1\" content=\"Dur\u00e9e de lecture estim\u00e9e\" \/>\n\t<meta name=\"twitter:data1\" content=\"2 minutes\" \/>\n<script type=\"application\/ld+json\" class=\"yoast-schema-graph\">{\"@context\":\"https:\/\/schema.org\",\"@graph\":[{\"@type\":\"WebPage\",\"@id\":\"https:\/\/www.swiss-altermed.ch\/en\/events\/\",\"url\":\"https:\/\/www.swiss-altermed.ch\/en\/events\/\",\"name\":\"Events - Swiss Alternative Medicine (SAM)\",\"isPartOf\":{\"@id\":\"https:\/\/www.swiss-altermed.ch\/en\/#website\"},\"datePublished\":\"2018-10-09T13:32:12+00:00\",\"dateModified\":\"2021-07-07T15:03:36+00:00\",\"breadcrumb\":{\"@id\":\"https:\/\/www.swiss-altermed.ch\/en\/events\/#breadcrumb\"},\"inLanguage\":\"fr-FR\",\"potentialAction\":[{\"@type\":\"ReadAction\",\"target\":[\"https:\/\/www.swiss-altermed.ch\/en\/events\/\"]}]},{\"@type\":\"BreadcrumbList\",\"@id\":\"https:\/\/www.swiss-altermed.ch\/en\/events\/#breadcrumb\",\"itemListElement\":[{\"@type\":\"ListItem\",\"position\":1,\"name\":\"Home\",\"item\":\"https:\/\/www.swiss-altermed.ch\/\"},{\"@type\":\"ListItem\",\"position\":2,\"name\":\"Events\"}]},{\"@type\":\"WebSite\",\"@id\":\"https:\/\/www.swiss-altermed.ch\/en\/#website\",\"url\":\"https:\/\/www.swiss-altermed.ch\/en\/\",\"name\":\"Swiss Alternative Medicine (SAM)\",\"description\":\"For an ethical and sustainable global health &amp; a better life for all\",\"publisher\":{\"@id\":\"https:\/\/www.swiss-altermed.ch\/en\/#organization\"},\"potentialAction\":[{\"@type\":\"SearchAction\",\"target\":{\"@type\":\"EntryPoint\",\"urlTemplate\":\"https:\/\/www.swiss-altermed.ch\/en\/?s={search_term_string}\"},\"query-input\":\"required name=search_term_string\"}],\"inLanguage\":\"fr-FR\"},{\"@type\":\"Organization\",\"@id\":\"https:\/\/www.swiss-altermed.ch\/en\/#organization\",\"name\":\"Swiss Alternative Medicine (SAM)\",\"url\":\"https:\/\/www.swiss-altermed.ch\/en\/\",\"logo\":{\"@type\":\"ImageObject\",\"inLanguage\":\"fr-FR\",\"@id\":\"https:\/\/www.swiss-altermed.ch\/en\/#\/schema\/logo\/image\/\",\"url\":\"https:\/\/www.swiss-altermed.ch\/wp-content\/uploads\/2020\/06\/SAM_logo_01.jpg\",\"contentUrl\":\"https:\/\/www.swiss-altermed.ch\/wp-content\/uploads\/2020\/06\/SAM_logo_01.jpg\",\"width\":591,\"height\":591,\"caption\":\"Swiss Alternative Medicine (SAM)\"},\"image\":{\"@id\":\"https:\/\/www.swiss-altermed.ch\/en\/#\/schema\/logo\/image\/\"},\"sameAs\":[\"https:\/\/www.facebook.com\/swiss.alternative.medicine\/\"]}]}<\/script>\n<!-- \/ Yoast SEO plugin. -->","yoast_head_json":{"title":"Events - Swiss Alternative Medicine (SAM)","robots":{"index":"index","follow":"follow","max-snippet":"max-snippet:-1","max-image-preview":"max-image-preview:large","max-video-preview":"max-video-preview:-1"},"canonical":"https:\/\/www.swiss-altermed.ch\/fr\/events\/","og_locale":"fr_FR","og_type":"article","og_title":"Events - Swiss Alternative Medicine (SAM)","og_url":"https:\/\/www.swiss-altermed.ch\/fr\/events\/","og_site_name":"Swiss Alternative Medicine (SAM)","article_publisher":"https:\/\/www.facebook.com\/swiss.alternative.medicine\/","article_modified_time":"2021-07-07T15:03:36+00:00","og_image":[{"width":591,"height":591,"url":"https:\/\/www.swiss-altermed.ch\/wp-content\/uploads\/2020\/06\/SAM_logo_01.jpg","type":"image\/jpeg"}],"twitter_card":"summary_large_image","twitter_misc":{"Dur\u00e9e de lecture estim\u00e9e":"2 minutes"},"schema":{"@context":"https:\/\/schema.org","@graph":[{"@type":"WebPage","@id":"https:\/\/www.swiss-altermed.ch\/en\/events\/","url":"https:\/\/www.swiss-altermed.ch\/en\/events\/","name":"Events - Swiss Alternative Medicine (SAM)","isPartOf":{"@id":"https:\/\/www.swiss-altermed.ch\/en\/#website"},"datePublished":"2018-10-09T13:32:12+00:00","dateModified":"2021-07-07T15:03:36+00:00","breadcrumb":{"@id":"https:\/\/www.swiss-altermed.ch\/en\/events\/#breadcrumb"},"inLanguage":"fr-FR","potentialAction":[{"@type":"ReadAction","target":["https:\/\/www.swiss-altermed.ch\/en\/events\/"]}]},{"@type":"BreadcrumbList","@id":"https:\/\/www.swiss-altermed.ch\/en\/events\/#breadcrumb","itemListElement":[{"@type":"ListItem","position":1,"name":"Home","item":"https:\/\/www.swiss-altermed.ch\/"},{"@type":"ListItem","position":2,"name":"Events"}]},{"@type":"WebSite","@id":"https:\/\/www.swiss-altermed.ch\/en\/#website","url":"https:\/\/www.swiss-altermed.ch\/en\/","name":"Swiss Alternative Medicine (SAM)","description":"For an ethical and sustainable global health &amp; a better life for all","publisher":{"@id":"https:\/\/www.swiss-altermed.ch\/en\/#organization"},"potentialAction":[{"@type":"SearchAction","target":{"@type":"EntryPoint","urlTemplate":"https:\/\/www.swiss-altermed.ch\/en\/?s={search_term_string}"},"query-input":"required name=search_term_string"}],"inLanguage":"fr-FR"},{"@type":"Organization","@id":"https:\/\/www.swiss-altermed.ch\/en\/#organization","name":"Swiss Alternative Medicine (SAM)","url":"https:\/\/www.swiss-altermed.ch\/en\/","logo":{"@type":"ImageObject","inLanguage":"fr-FR","@id":"https:\/\/www.swiss-altermed.ch\/en\/#\/schema\/logo\/image\/","url":"https:\/\/www.swiss-altermed.ch\/wp-content\/uploads\/2020\/06\/SAM_logo_01.jpg","contentUrl":"https:\/\/www.swiss-altermed.ch\/wp-content\/uploads\/2020\/06\/SAM_logo_01.jpg","width":591,"height":591,"caption":"Swiss Alternative Medicine (SAM)"},"image":{"@id":"https:\/\/www.swiss-altermed.ch\/en\/#\/schema\/logo\/image\/"},"sameAs":["https:\/\/www.facebook.com\/swiss.alternative.medicine\/"]}]}},"_links":{"self":[{"href":"https:\/\/www.swiss-altermed.ch\/fr\/wp-json\/wp\/v2\/pages\/12"}],"collection":[{"href":"https:\/\/www.swiss-altermed.ch\/fr\/wp-json\/wp\/v2\/pages"}],"about":[{"href":"https:\/\/www.swiss-altermed.ch\/fr\/wp-json\/wp\/v2\/types\/page"}],"author":[{"embeddable":true,"href":"https:\/\/www.swiss-altermed.ch\/fr\/wp-json\/wp\/v2\/users\/1"}],"replies":[{"embeddable":true,"href":"https:\/\/www.swiss-altermed.ch\/fr\/wp-json\/wp\/v2\/comments?post=12"}],"version-history":[{"count":0,"href":"https:\/\/www.swiss-altermed.ch\/fr\/wp-json\/wp\/v2\/pages\/12\/revisions"}],"wp:attachment":[{"href":"https:\/\/www.swiss-altermed.ch\/fr\/wp-json\/wp\/v2\/media?parent=12"}],"curies":[{"name":"wp","href":"https:\/\/api.w.org\/{rel}","templated":true}]}}