{"id":4161,"date":"2020-07-01T07:22:30","date_gmt":"2020-07-01T07:22:30","guid":{"rendered":"https:\/\/sam.elipte.dev\/?page_id=4161"},"modified":"2021-06-03T14:18:39","modified_gmt":"2021-06-03T14:18:39","slug":"nutritional-supplements","status":"publish","type":"page","link":"https:\/\/www.swiss-altermed.ch\/en\/nutritional-supplements\/","title":{"rendered":"Nutritional supplements"},"content":{"rendered":"<div class=\"webique_vc_row_wrap webique_general_colors\"><div class=\"vc_row wpb_row vc_row-fluid\"><div class=\"wpb_column vc_column_container vc_col-sm-12\"><div class=\"vc_column-inner\"><div class=\"wpb_wrapper\"><div class=\"vc_btn3-container vc_btn3-center\" ><a class=\"webique_vc_btn webique_default_btn webique_default_btn_webique_shortcode_60462b70266f03_17251008\" href=\"https:\/\/www.swiss-altermed.ch\/e-commerce\/\" title=\"E-Commerce\"><span class=\"webique_vc_btn_text\">Click here to order<\/span><\/a><\/div><div class=\"vc_empty_space\"   style=\"height: 100px\"><span class=\"vc_empty_space_inner\"><\/span><\/div><\/div><\/div><\/div><\/div><\/div><div class=\"webique_vc_row_wrap webique_general_colors\"><div class=\"vc_row wpb_row vc_row-fluid\"><div class=\"wpb_column vc_column_container vc_col-sm-6\"><div class=\"vc_column-inner\"><div class=\"wpb_wrapper\">\n\t<div  class=\"wpb_single_image wpb_content_element vc_align_center\">\n\t\t\n\t\t<figure class=\"wpb_wrapper vc_figure\">\n\t\t\t<div class=\"vc_single_image-wrapper   vc_box_border_grey\"><img width=\"169\" height=\"300\" src=\"https:\/\/www.swiss-altermed.ch\/wp-content\/uploads\/2021\/03\/curkuma-169x300.png\" class=\"vc_single_image-img attachment-medium\" alt=\"Curkuma\" decoding=\"async\" loading=\"lazy\" srcset=\"https:\/\/www.swiss-altermed.ch\/wp-content\/uploads\/2021\/03\/curkuma-169x300.png 169w, https:\/\/www.swiss-altermed.ch\/wp-content\/uploads\/2021\/03\/curkuma-7x12.png 7w, https:\/\/www.swiss-altermed.ch\/wp-content\/uploads\/2021\/03\/curkuma.png 436w\" sizes=\"(max-width: 169px) 100vw, 169px\" \/><\/div>\n\t\t<\/figure>\n\t<\/div>\n\n\t<div class=\"wpb_text_column wpb_content_element \" >\n\t\t<div class=\"wpb_wrapper\">\n\t\t\t<p class=\"p1\" style=\"text-align: center;\">Un produit bien dos\u00e9<br \/>\nUn Curcuma issu de l\u2019Agriculture Biologique<br \/>\nLa synergie Curcuma + Gingembre pour une absorption optimale<\/p>\n\n\t\t<\/div>\n\t<\/div>\n\n\t<div class=\"wpb_text_column wpb_content_element \" >\n\t\t<div class=\"wpb_wrapper\">\n\t\t\t<p style=\"text-align: center; font-size: 15px; line-height: 1.2;\"><strong>G\u00e9lules 1000 mg<\/strong><br \/>\nExtrait de Curcuma<br \/>\n<i> ( curcuma Longa)<\/i><br \/>\n<i> <\/i>80 mg<br \/>\nGingembre<br \/>\n<i>( Zingibe Officinal)<\/i><br \/>\n<i> <\/i>2 mg<br \/>\nMangan\u00e8se( 100% VNR*)<br \/>\n1 mg<br \/>\nCuivre ( 100% VNR*)<br \/>\n55 mcg<br \/>\nS\u00e9l\u00e9nium ( 100% VNR*)<br \/>\n<i>VNR* (Valeurs nutritionnelles de r\u00e9f\u00e9rence)<\/i><\/p>\n\n\t\t<\/div>\n\t<\/div>\n<\/div><\/div><\/div><div class=\"wpb_column vc_column_container vc_col-sm-6\"><div class=\"vc_column-inner\"><div class=\"wpb_wrapper\">\n\t<div class=\"wpb_text_column wpb_content_element \" >\n\t\t<div class=\"wpb_wrapper\">\n\t\t\t<h3 class=\"p2 color\"><b>LE CURCUMA<\/b><\/h3>\n<p class=\"p3\">Le Curcuma est une des plantes phare de la m\u00e9dicine Ayurv\u00e9da. \u00c9pice, colorant, mais surtout plante m\u00e9dicinale, le curcuma b\u00e9n\u00e9ficie \u00e0 ce jour de centaines d\u2019\u00e9tudes scientifiques : in vitro, in vivo et cliniques. Parmi les plus connus citons : l\u2019inhibition des cyclo-oxyg\u00e9nases (COX-2) et la diminution de la synth\u00e8se des cytokines pro-inflammatoires. Ses principes actifs, les curcumino\u00efdes, sont \u00e0 la fois responsables de sa couleur orange tr\u00e8s intense et ses bienfaits en mati\u00e8re de sant\u00e9. De ce fait, ils participent au soulagement des inflammations tr\u00e8s diverses touchant<\/p>\n<ul class=\"ul1\">\n<li class=\"li3\">L\u2019appareil locomoteur (tendinites, lumbagos, arthrites, etc.<\/li>\n<li class=\"li3\">Digestives (h\u00e9patites, pancr\u00e9atites, MICI&#8230;)<\/li>\n<li class=\"li3\">ORL (bronchites, broncho-pneumopathie)<\/li>\n<li class=\"li3\">Cutan\u00e9e (psoriasis, scl\u00e9rodermie, ecz\u00e9ma)<\/li>\n<\/ul>\n<p class=\"p3\">Le Curcuma est connu pour son action cholagogue et chol\u00e9r\u00e9tique. Ainsi, il permet de lutter contre les paresses h\u00e9patiques et les st\u00e9atoses. Attention\u00a0: \u00c0 ne pas l\u2019utiliser en cas de lithiases biliaires.<\/p>\n<p class=\"p3\">Le curcuma est \u00e9galement conseill\u00e9 en cas de troubles du pancr\u00e9as et aide \u00e0 la r\u00e9gulation des enzymes y relatives.<\/p>\n\n\t\t<\/div>\n\t<\/div>\n\n\t<div class=\"wpb_text_column wpb_content_element \" >\n\t\t<div class=\"wpb_wrapper\">\n\t\t\t<h4 class=\"p1 color\" style=\"text-align: right;\">Curkuma Fit<\/h4>\n<p style=\"text-align: right;\">36.00 \u20ac TTC<\/p>\n\n\t\t<\/div>\n\t<\/div>\n<\/div><\/div><\/div><\/div><\/div><div class=\"webique_vc_row_wrap webique_general_colors\"><div class=\"vc_row wpb_row vc_row-fluid\"><div class=\"wpb_column vc_column_container vc_col-sm-12\"><div class=\"vc_column-inner\"><div class=\"wpb_wrapper\"><div class=\"vc_empty_space\"   style=\"height: 100px\"><span class=\"vc_empty_space_inner\"><\/span><\/div><\/div><\/div><\/div><\/div><\/div><div class=\"webique_vc_row_wrap webique_general_colors\"><div class=\"vc_row wpb_row vc_row-fluid\"><div class=\"wpb_column vc_column_container vc_col-sm-6\"><div class=\"vc_column-inner\"><div class=\"wpb_wrapper\">\n\t<div  class=\"wpb_single_image wpb_content_element vc_align_center  vc_custom_1622729335564\">\n\t\t\n\t\t<figure class=\"wpb_wrapper vc_figure\">\n\t\t\t<div class=\"vc_single_image-wrapper   vc_box_border_grey\"><img width=\"300\" height=\"216\" src=\"https:\/\/www.swiss-altermed.ch\/wp-content\/uploads\/2021\/06\/image1-2-1-300x216.jpeg\" class=\"vc_single_image-img attachment-medium\" alt=\"ETAS CALM\" decoding=\"async\" loading=\"lazy\" srcset=\"https:\/\/www.swiss-altermed.ch\/wp-content\/uploads\/2021\/06\/image1-2-1-300x216.jpeg 300w, https:\/\/www.swiss-altermed.ch\/wp-content\/uploads\/2021\/06\/image1-2-1-16x12.jpeg 16w, https:\/\/www.swiss-altermed.ch\/wp-content\/uploads\/2021\/06\/image1-2-1.jpeg 458w\" sizes=\"(max-width: 300px) 100vw, 300px\" \/><\/div>\n\t\t<\/figure>\n\t<\/div>\n\n\t<div class=\"wpb_text_column wpb_content_element \" >\n\t\t<div class=\"wpb_wrapper\">\n\t\t\t<p class=\"p1\" style=\"text-align: center; font-size: 15px; line-height: 1.2;\"><strong>2 G\u00e9lules<\/strong><br \/>\n<i>100 mg <\/i>Extrait de pousse d\u2019asperge (Asparagus officinalis)<br \/>\n<i>250 mg <\/i>Oxyde de magn\u00e9sium (67% VNR*)<br \/>\n<i>4mg <\/i>Vitamine B2 (67% VNR*)<br \/>\n<i>1 mg <\/i>Vitamine B5 (72% VNR*)<br \/>\n<i>1 mg <\/i>Vitamine B6 (72% VNR*)<br \/>\n<i>1.5 \u03bcg <\/i>Vitamine B12 (60% VNR*)<br \/>\n<i>VNR* (Valeurs nutritionnelles de r\u00e9f\u00e9rence)<\/i><\/p>\n<p>&nbsp;<\/p>\n<p class=\"p7\" style=\"text-align: center;\"><b>CONSEIL D&#8217;UTILISATION<\/b><br \/>\n<b>2\u00a0g\u00e9lules, 1h avant d&#8217;aller dormir.<\/b><\/p>\n<ul class=\"ul1\" style=\"font-size: 15px;\">\n<li class=\"li9\" style=\"text-align: center;\"><span class=\"s2\">\u00a0<\/span><span class=\"s3\">A conserver hors de port\u00e9e des enfants<\/span><\/li>\n<li class=\"li9\" style=\"text-align: center;\"><span class=\"s2\">\u00a0<\/span><span class=\"s3\">Ne pas d\u00e9passer la dose journali\u00e8re recommand\u00e9e<\/span><\/li>\n<li class=\"li9\" style=\"text-align: center;\"><span class=\"s2\">\u00a0<\/span><span class=\"s3\">A conserver dans un endroit frais et sec, \u00e0 l\u2019abri de la lumi\u00e8re<\/span><\/li>\n<li class=\"li9\" style=\"text-align: center;\"><span class=\"s2\">\u00a0<\/span><span class=\"s3\">Un compl\u00e9ment alimentaire ne doit pas se substituer \u00e0 une alimentation vari\u00e9e et \u00e9quilibr\u00e9e<\/span><\/li>\n<li class=\"li9\" style=\"text-align: center;\"><span class=\"s2\">\u00a0<\/span><span class=\"s3\">Il est important d\u2019avoir un mode de vie sain<\/span><\/li>\n<\/ul>\n\n\t\t<\/div>\n\t<\/div>\n<\/div><\/div><\/div><div class=\"wpb_column vc_column_container vc_col-sm-6\"><div class=\"vc_column-inner\"><div class=\"wpb_wrapper\">\n\t<div class=\"wpb_text_column wpb_content_element \" >\n\t\t<div class=\"wpb_wrapper\">\n\t\t\t<h3 class=\"p1 color\"><b>ETAS Calm<\/b><\/h3>\n<p class=\"p1\"><b>L&#8217;ASFURAL ET SES EFFETS<\/b><\/p>\n<p class=\"p2\"><span class=\"s1\"><b>ETAS Calm<\/b><\/span>\u00a0est compos\u00e9 d\u2019un ingr\u00e9dient naturel, l&#8217;extrait d\u2019Asparagus officinalis, obtenu \u00e0 partir de la partie inf\u00e9rieure des tiges d\u2019asperges par un proc\u00e9d\u00e9 d\u2019extraction sp\u00e9cifique.<\/p>\n<p class=\"p4\">L\u2019Asparagus officinalis pr\u00e9sente de nombreuses propri\u00e9t\u00e9s b\u00e9n\u00e9fiques. R\u00e9cemment, une mol\u00e9cule active a \u00e9t\u00e9 mise en \u00e9vidence de ce l\u00e9gume.\u00a0Cet ingr\u00e9dient a \u00e9t\u00e9 identifi\u00e9 et brevet\u00e9 : l\u2019Asfural, d\u00e9riv\u00e9 de 5-hydroxym\u00e9thyl-2-furfural. Il pr\u00e9sente des propri\u00e9t\u00e9s d\u00e9montr\u00e9es cliniquement pour am\u00e9liorer<\/p>\n<ul class=\"ul1\">\n<li class=\"li5\">Etats de stress<\/li>\n<li class=\"li5\">\u00a0Nervosit\u00e9<\/li>\n<li class=\"li5\">\u00a0R\u00e9duction des performances mentales<\/li>\n<li class=\"li5\">\u00a0Sommeil agit\u00e9<\/li>\n<\/ul>\n<p class=\"p7\"><span class=\"s4\">D\u2019apr\u00e8s les \u00e9tudes cliniques randomis\u00e9es, l\u2019<\/span><span class=\"s1\"><b>ETAS Calm<\/b><\/span><span class=\"s4\">\u00a0exerce des effets b\u00e9n\u00e9fiques sur la r\u00e9gulation des niveaux de cortisol, les troubles du sommeil, les fonctions cognitives et ceci par des par diff\u00e9rents m\u00e9canismes incluant l\u2019effet anti-oxydant et l\u2019induction de \u201cHeat Shock Proteins\u201d. Ainsi, il contribue \u00e0 am\u00e9liorer la qualit\u00e9 de vie des personnes sujettes \u00e0 des stress physiologiques et psychologiques.<\/span><\/p>\n\n\t\t<\/div>\n\t<\/div>\n\n\t<div class=\"wpb_text_column wpb_content_element \" >\n\t\t<div class=\"wpb_wrapper\">\n\t\t\t<h4 class=\"p1 color\" style=\"text-align: right;\">ETAS Calm<\/h4>\n<p style=\"text-align: right;\">35.00 \u20ac TTC<\/p>\n\n\t\t<\/div>\n\t<\/div>\n<\/div><\/div><\/div><\/div><\/div><div class=\"webique_vc_row_wrap webique_general_colors\"><div class=\"vc_row wpb_row vc_row-fluid\"><div class=\"wpb_column vc_column_container vc_col-sm-12\"><div class=\"vc_column-inner\"><div class=\"wpb_wrapper\"><div class=\"vc_empty_space\"   style=\"height: 100px\"><span class=\"vc_empty_space_inner\"><\/span><\/div><\/div><\/div><\/div><\/div><\/div><div class=\"webique_vc_row_wrap webique_general_colors\"><div class=\"vc_row wpb_row vc_row-fluid\"><div class=\"wpb_column vc_column_container vc_col-sm-6\"><div class=\"vc_column-inner\"><div class=\"wpb_wrapper\">\n\t<div  class=\"wpb_single_image wpb_content_element vc_align_center  vc_custom_1622728576110\">\n\t\t\n\t\t<figure class=\"wpb_wrapper vc_figure\">\n\t\t\t<div class=\"vc_single_image-wrapper   vc_box_border_grey\"><img width=\"300\" height=\"300\" src=\"https:\/\/www.swiss-altermed.ch\/wp-content\/uploads\/2021\/06\/image1-3-300x300.jpeg\" class=\"vc_single_image-img attachment-medium\" alt=\"Safra\" decoding=\"async\" loading=\"lazy\" srcset=\"https:\/\/www.swiss-altermed.ch\/wp-content\/uploads\/2021\/06\/image1-3-300x300.jpeg 300w, https:\/\/www.swiss-altermed.ch\/wp-content\/uploads\/2021\/06\/image1-3-150x150.jpeg 150w, https:\/\/www.swiss-altermed.ch\/wp-content\/uploads\/2021\/06\/image1-3-12x12.jpeg 12w, https:\/\/www.swiss-altermed.ch\/wp-content\/uploads\/2021\/06\/image1-3-90x90.jpeg 90w, https:\/\/www.swiss-altermed.ch\/wp-content\/uploads\/2021\/06\/image1-3-250x250.jpeg 250w, https:\/\/www.swiss-altermed.ch\/wp-content\/uploads\/2021\/06\/image1-3.jpeg 458w\" sizes=\"(max-width: 300px) 100vw, 300px\" \/><\/div>\n\t\t<\/figure>\n\t<\/div>\n\n\t<div class=\"wpb_text_column wpb_content_element \" >\n\t\t<div class=\"wpb_wrapper\">\n\t\t\t<p class=\"p1\" style=\"text-align: center; font-size: 15px; line-height: 1.2;\"><strong>3 G\u00e9lules<\/strong><br \/>\n<i>100 mg <\/i>Extrait de curcuma<br \/>\n<i>30 mg <\/i>Extrait de safran<br \/>\n<i>56mg <\/i>Magn\u00e9sium (15% VNR*)<br \/>\n<i>1,4 mg <\/i>Vitamine B6 (100% VNR*)<br \/>\n<i>200 \u03bcg <\/i>Vitamine B9 (100% VNR*)<br \/>\n<i>VNR* (Valeurs nutritionnelles de r\u00e9f\u00e9rence)<\/i><\/p>\n<p>&nbsp;<\/p>\n<p class=\"p7\" style=\"text-align: center;\"><b>CONSEIL D&#8217;UTILISATION<\/b><br \/>\n<b>1 g\u00e9lule \u00e0 chaque repas (3 g\u00e9lules par jour).<\/b><\/p>\n<ul class=\"ul1\" style=\"font-size: 15px;\">\n<li class=\"li1\" style=\"text-align: center;\"><span class=\"s2\">\u00a0<\/span><span class=\"s3\">A conserver hors de port\u00e9e des enfants<\/span><\/li>\n<li class=\"li1\" style=\"text-align: center;\"><span class=\"s4\">\u00a0<\/span><span class=\"s3\">Ne pas d\u00e9passer la dose journali\u00e8re recommand\u00e9e<\/span><\/li>\n<li class=\"li1\" style=\"text-align: center;\"><span class=\"s4\">\u00a0<\/span><span class=\"s3\">A conserver dans un endroit frais et sec<\/span><\/li>\n<li class=\"li1\" style=\"text-align: center;\"><span class=\"s4\">\u00a0<\/span><span class=\"s3\">Ne pas utiliser en cas de grossesse<\/span><\/li>\n<li class=\"li1\" style=\"text-align: center;\"><span class=\"s4\">\u00a0<\/span><span class=\"s3\">Un compl\u00e9ment alimentaire ne doit pas se substituer \u00e0 une alimentation vari\u00e9e et \u00e9quilibr\u00e9e<\/span><\/li>\n<li class=\"li1\" style=\"text-align: center;\"><span class=\"s4\">\u00a0<\/span><span class=\"s3\">Il est important d\u2019avoir un mode de vie sain<\/span><\/li>\n<li class=\"li1\" style=\"text-align: center;\"><span class=\"s4\">\u00a0<\/span><span class=\"s3\">Consultez votre m\u00e9decin ou votre pharmacien en cas d\u2019usage concomitant de traitement contre la d\u00e9pression et\/ou d\u2019anticoagulants<\/span><\/li>\n<\/ul>\n\n\t\t<\/div>\n\t<\/div>\n<\/div><\/div><\/div><div class=\"wpb_column vc_column_container vc_col-sm-6\"><div class=\"vc_column-inner\"><div class=\"wpb_wrapper\">\n\t<div class=\"wpb_text_column wpb_content_element \" >\n\t\t<div class=\"wpb_wrapper\">\n\t\t\t<h3 class=\"p1 color\"><b>Safra Fit<\/b><\/h3>\n<p class=\"p1\"><span class=\"s1\">Le Safran, a des effets modulants sur les niveaux de s\u00e9rotonine mais \u00e9galement de dopamine. Plus pr\u00e9cis\u00e9ment le <\/span><span class=\"s2\"><b>safranal <\/b><\/span><span class=\"s1\">inhiberait la recapture de la s\u00e9rotonine dans les synapses tandis que la <\/span><span class=\"s2\"><b>crocine <\/b><\/span><span class=\"s1\">inhiberait pr\u00e9f\u00e9rentiellement la recapture de la dopamine, \u00e9vitant ainsi les d\u00e9couplages s\u00e9rotonine\/dopamine particuli\u00e8rement \u00e0 risque. Ce m\u00e9canisme est appuy\u00e9 par des \u00e9tudes qui ont d\u00e9montr\u00e9 des propri\u00e9t\u00e9s antid\u00e9pressives des extraits de Safran et attribu\u00e9 ces r\u00e9sultats \u00e0 ses pigments et mol\u00e9cules aromatiques tels que <\/span><span class=\"s2\"><b>la croc\u00e9tine, la crocine et le safranal<\/b><\/span><span class=\"s1\">.<\/span><\/p>\n\n\t\t<\/div>\n\t<\/div>\n\n\t<div class=\"wpb_text_column wpb_content_element \" >\n\t\t<div class=\"wpb_wrapper\">\n\t\t\t<h4 class=\"p1 color\" style=\"text-align: right;\">Safra Fit<\/h4>\n<p style=\"text-align: right;\">27.00 \u20ac TTC<\/p>\n\n\t\t<\/div>\n\t<\/div>\n<\/div><\/div><\/div><\/div><\/div>\n","protected":false},"excerpt":{"rendered":"Click here to order Un produit bien dos\u00e9 Un Curcuma issu de l\u2019Agriculture Biologique La synergie Curcuma + Gingembre pour une absorption optimale G\u00e9lules 1000 mg Extrait de Curcuma ( curcuma Longa) 80 mg Gingembre ( Zingibe Officinal) 2 mg...","protected":false},"author":1,"featured_media":0,"parent":0,"menu_order":0,"comment_status":"closed","ping_status":"closed","template":"","meta":[],"yoast_head":"<!-- This site is optimized with the Yoast SEO plugin v20.7 - https:\/\/yoast.com\/wordpress\/plugins\/seo\/ -->\n<title>Nutritional supplements - Swiss Alternative Medicine (SAM)<\/title>\n<meta name=\"robots\" content=\"index, follow, max-snippet:-1, max-image-preview:large, max-video-preview:-1\" \/>\n<link rel=\"canonical\" href=\"https:\/\/www.swiss-altermed.ch\/en\/nutritional-supplements\/\" \/>\n<meta property=\"og:locale\" content=\"en_US\" \/>\n<meta property=\"og:type\" content=\"article\" \/>\n<meta property=\"og:title\" content=\"Nutritional supplements - Swiss Alternative Medicine (SAM)\" \/>\n<meta property=\"og:url\" content=\"https:\/\/www.swiss-altermed.ch\/en\/nutritional-supplements\/\" \/>\n<meta property=\"og:site_name\" content=\"Swiss Alternative Medicine (SAM)\" \/>\n<meta property=\"article:publisher\" content=\"https:\/\/www.facebook.com\/swiss.alternative.medicine\/\" \/>\n<meta property=\"article:modified_time\" content=\"2021-06-03T14:18:39+00:00\" \/>\n<meta property=\"og:image\" content=\"https:\/\/www.swiss-altermed.ch\/wp-content\/uploads\/2020\/06\/SAM_logo_01.jpg\" \/>\n\t<meta property=\"og:image:width\" content=\"591\" \/>\n\t<meta property=\"og:image:height\" content=\"591\" \/>\n\t<meta property=\"og:image:type\" content=\"image\/jpeg\" \/>\n<meta name=\"twitter:card\" content=\"summary_large_image\" \/>\n<meta name=\"twitter:label1\" content=\"Est. reading time\" \/>\n\t<meta name=\"twitter:data1\" content=\"5 minutes\" \/>\n<script type=\"application\/ld+json\" class=\"yoast-schema-graph\">{\"@context\":\"https:\/\/schema.org\",\"@graph\":[{\"@type\":\"WebPage\",\"@id\":\"https:\/\/www.swiss-altermed.ch\/nutritional-supplements\/\",\"url\":\"https:\/\/www.swiss-altermed.ch\/nutritional-supplements\/\",\"name\":\"Nutritional supplements - Swiss Alternative Medicine (SAM)\",\"isPartOf\":{\"@id\":\"https:\/\/www.swiss-altermed.ch\/en\/#website\"},\"datePublished\":\"2020-07-01T07:22:30+00:00\",\"dateModified\":\"2021-06-03T14:18:39+00:00\",\"breadcrumb\":{\"@id\":\"https:\/\/www.swiss-altermed.ch\/nutritional-supplements\/#breadcrumb\"},\"inLanguage\":\"en-US\",\"potentialAction\":[{\"@type\":\"ReadAction\",\"target\":[\"https:\/\/www.swiss-altermed.ch\/nutritional-supplements\/\"]}]},{\"@type\":\"BreadcrumbList\",\"@id\":\"https:\/\/www.swiss-altermed.ch\/nutritional-supplements\/#breadcrumb\",\"itemListElement\":[{\"@type\":\"ListItem\",\"position\":1,\"name\":\"Home\",\"item\":\"https:\/\/www.swiss-altermed.ch\/\"},{\"@type\":\"ListItem\",\"position\":2,\"name\":\"Nutritional supplements\"}]},{\"@type\":\"WebSite\",\"@id\":\"https:\/\/www.swiss-altermed.ch\/en\/#website\",\"url\":\"https:\/\/www.swiss-altermed.ch\/en\/\",\"name\":\"Swiss Alternative Medicine (SAM)\",\"description\":\"For an ethical and sustainable global health &amp; a better life for all\",\"publisher\":{\"@id\":\"https:\/\/www.swiss-altermed.ch\/en\/#organization\"},\"potentialAction\":[{\"@type\":\"SearchAction\",\"target\":{\"@type\":\"EntryPoint\",\"urlTemplate\":\"https:\/\/www.swiss-altermed.ch\/en\/?s={search_term_string}\"},\"query-input\":\"required name=search_term_string\"}],\"inLanguage\":\"en-US\"},{\"@type\":\"Organization\",\"@id\":\"https:\/\/www.swiss-altermed.ch\/en\/#organization\",\"name\":\"Swiss Alternative Medicine (SAM)\",\"url\":\"https:\/\/www.swiss-altermed.ch\/en\/\",\"logo\":{\"@type\":\"ImageObject\",\"inLanguage\":\"en-US\",\"@id\":\"https:\/\/www.swiss-altermed.ch\/en\/#\/schema\/logo\/image\/\",\"url\":\"https:\/\/www.swiss-altermed.ch\/wp-content\/uploads\/2020\/06\/SAM_logo_01.jpg\",\"contentUrl\":\"https:\/\/www.swiss-altermed.ch\/wp-content\/uploads\/2020\/06\/SAM_logo_01.jpg\",\"width\":591,\"height\":591,\"caption\":\"Swiss Alternative Medicine (SAM)\"},\"image\":{\"@id\":\"https:\/\/www.swiss-altermed.ch\/en\/#\/schema\/logo\/image\/\"},\"sameAs\":[\"https:\/\/www.facebook.com\/swiss.alternative.medicine\/\"]}]}<\/script>\n<!-- \/ Yoast SEO plugin. -->","yoast_head_json":{"title":"Nutritional supplements - Swiss Alternative Medicine (SAM)","robots":{"index":"index","follow":"follow","max-snippet":"max-snippet:-1","max-image-preview":"max-image-preview:large","max-video-preview":"max-video-preview:-1"},"canonical":"https:\/\/www.swiss-altermed.ch\/en\/nutritional-supplements\/","og_locale":"en_US","og_type":"article","og_title":"Nutritional supplements - Swiss Alternative Medicine (SAM)","og_url":"https:\/\/www.swiss-altermed.ch\/en\/nutritional-supplements\/","og_site_name":"Swiss Alternative Medicine (SAM)","article_publisher":"https:\/\/www.facebook.com\/swiss.alternative.medicine\/","article_modified_time":"2021-06-03T14:18:39+00:00","og_image":[{"width":591,"height":591,"url":"https:\/\/www.swiss-altermed.ch\/wp-content\/uploads\/2020\/06\/SAM_logo_01.jpg","type":"image\/jpeg"}],"twitter_card":"summary_large_image","twitter_misc":{"Est. reading time":"5 minutes"},"schema":{"@context":"https:\/\/schema.org","@graph":[{"@type":"WebPage","@id":"https:\/\/www.swiss-altermed.ch\/nutritional-supplements\/","url":"https:\/\/www.swiss-altermed.ch\/nutritional-supplements\/","name":"Nutritional supplements - Swiss Alternative Medicine (SAM)","isPartOf":{"@id":"https:\/\/www.swiss-altermed.ch\/en\/#website"},"datePublished":"2020-07-01T07:22:30+00:00","dateModified":"2021-06-03T14:18:39+00:00","breadcrumb":{"@id":"https:\/\/www.swiss-altermed.ch\/nutritional-supplements\/#breadcrumb"},"inLanguage":"en-US","potentialAction":[{"@type":"ReadAction","target":["https:\/\/www.swiss-altermed.ch\/nutritional-supplements\/"]}]},{"@type":"BreadcrumbList","@id":"https:\/\/www.swiss-altermed.ch\/nutritional-supplements\/#breadcrumb","itemListElement":[{"@type":"ListItem","position":1,"name":"Home","item":"https:\/\/www.swiss-altermed.ch\/"},{"@type":"ListItem","position":2,"name":"Nutritional supplements"}]},{"@type":"WebSite","@id":"https:\/\/www.swiss-altermed.ch\/en\/#website","url":"https:\/\/www.swiss-altermed.ch\/en\/","name":"Swiss Alternative Medicine (SAM)","description":"For an ethical and sustainable global health &amp; a better life for all","publisher":{"@id":"https:\/\/www.swiss-altermed.ch\/en\/#organization"},"potentialAction":[{"@type":"SearchAction","target":{"@type":"EntryPoint","urlTemplate":"https:\/\/www.swiss-altermed.ch\/en\/?s={search_term_string}"},"query-input":"required name=search_term_string"}],"inLanguage":"en-US"},{"@type":"Organization","@id":"https:\/\/www.swiss-altermed.ch\/en\/#organization","name":"Swiss Alternative Medicine (SAM)","url":"https:\/\/www.swiss-altermed.ch\/en\/","logo":{"@type":"ImageObject","inLanguage":"en-US","@id":"https:\/\/www.swiss-altermed.ch\/en\/#\/schema\/logo\/image\/","url":"https:\/\/www.swiss-altermed.ch\/wp-content\/uploads\/2020\/06\/SAM_logo_01.jpg","contentUrl":"https:\/\/www.swiss-altermed.ch\/wp-content\/uploads\/2020\/06\/SAM_logo_01.jpg","width":591,"height":591,"caption":"Swiss Alternative Medicine (SAM)"},"image":{"@id":"https:\/\/www.swiss-altermed.ch\/en\/#\/schema\/logo\/image\/"},"sameAs":["https:\/\/www.facebook.com\/swiss.alternative.medicine\/"]}]}},"_links":{"self":[{"href":"https:\/\/www.swiss-altermed.ch\/en\/wp-json\/wp\/v2\/pages\/4161"}],"collection":[{"href":"https:\/\/www.swiss-altermed.ch\/en\/wp-json\/wp\/v2\/pages"}],"about":[{"href":"https:\/\/www.swiss-altermed.ch\/en\/wp-json\/wp\/v2\/types\/page"}],"author":[{"embeddable":true,"href":"https:\/\/www.swiss-altermed.ch\/en\/wp-json\/wp\/v2\/users\/1"}],"replies":[{"embeddable":true,"href":"https:\/\/www.swiss-altermed.ch\/en\/wp-json\/wp\/v2\/comments?post=4161"}],"version-history":[{"count":0,"href":"https:\/\/www.swiss-altermed.ch\/en\/wp-json\/wp\/v2\/pages\/4161\/revisions"}],"wp:attachment":[{"href":"https:\/\/www.swiss-altermed.ch\/en\/wp-json\/wp\/v2\/media?parent=4161"}],"curies":[{"name":"wp","href":"https:\/\/api.w.org\/{rel}","templated":true}]}}